{"id":5332,"date":"2016-03-02T01:11:53","date_gmt":"2016-03-02T00:11:53","guid":{"rendered":"http:\/\/adoratoriperpetui.eu\/?page_id=5332"},"modified":"2020-07-09T23:58:25","modified_gmt":"2020-07-09T21:58:25","slug":"kontakt","status":"publish","type":"page","link":"https:\/\/www.adoratoriperpetui.eu\/hr\/kontakt\/","title":{"rendered":"KONTAKT"},"content":{"rendered":"\n<style type=\"text\/css\" data-created_by=\"avia_inline_auto\" id=\"style-css-av-35d9es-fa8ad02575532fd081328cac63c7dfbd\">\n.flex_column.av-35d9es-fa8ad02575532fd081328cac63c7dfbd{\nborder-radius:0px 0px 0px 0px;\npadding:0px 0px 0px 0px;\n}\n<\/style>\n<div  class='flex_column av-35d9es-fa8ad02575532fd081328cac63c7dfbd av_one_full  avia-builder-el-0  el_before_av_heading  avia-builder-el-first  first flex_column_div av-zero-column-padding  '     ><section  class='av_textblock_section av-k1be9p2z-dd0831fd9b795364cce3d7a76ccffb57 '   itemscope=\"itemscope\" itemtype=\"https:\/\/schema.org\/CreativeWork\" ><div class='avia_textblock'  itemprop=\"text\" ><p style=\"text-align: center;\"><iframe loading=\"lazy\" style=\"border: 0;\" src=\"https:\/\/www.google.com\/maps\/embed?pb=!1m18!1m12!1m3!1d3659.3451801989454!2d13.79943820157597!3d45.63661149374682!2m3!1f0!2f0!3f0!3m2!1i1024!2i768!4f13.1!3m3!1m2!1s0x477b6a5459fff55f%3A0xdffa948df9f16be0!2sChiesa%20Cattolica%20Parrocchiale%20di%20San%20Marco%20Evangelista!5e1!3m2!1sen!2shr!4v1570148223940!5m2!1sen!2shr\" width=\"950\" height=\"500\" frameborder=\"0\" allowfullscreen=\"allowfullscreen\"><\/iframe><\/p>\n<\/div><\/section><\/div>\n<style type=\"text\/css\" data-created_by=\"avia_inline_auto\" id=\"style-css-av-av_heading-c8fdb5bd4da7c8b73a8e296a5767ff37\">\n#top .av-special-heading.av-av_heading-c8fdb5bd4da7c8b73a8e296a5767ff37{\npadding-bottom:10px;\n}\nbody .av-special-heading.av-av_heading-c8fdb5bd4da7c8b73a8e296a5767ff37 .av-special-heading-tag .heading-char{\nfont-size:25px;\n}\n.av-special-heading.av-av_heading-c8fdb5bd4da7c8b73a8e296a5767ff37 .av-subheading{\nfont-size:15px;\n}\n<\/style>\n<div  class='av-special-heading av-av_heading-c8fdb5bd4da7c8b73a8e296a5767ff37 av-special-heading-h2 blockquote modern-quote modern-centered  avia-builder-el-2  el_after_av_one_full  el_before_av_textblock '><h2 class='av-special-heading-tag '  itemprop=\"headline\"  >\u017dupa svetog Marka Evan\u0111elista<\/h2><div class=\"special-heading-border\"><div class=\"special-heading-inner-border\"><\/div><\/div><\/div><\/p>\n<section  class='av_textblock_section av-6htois-9cb82a6cc9dd51e0bd39ebe40feb4588 '   itemscope=\"itemscope\" itemtype=\"https:\/\/schema.org\/CreativeWork\" ><div class='avia_textblock'  itemprop=\"text\" ><h4 style=\"text-align: center;\"><strong>TRAJNI KLANJATELJI PRESVETOG TROJSTVA<\/strong><\/h4>\n<h4 style=\"text-align: center;\"><strong>Via dei Modiano 1\/1<\/strong><\/h4>\n<h4 style=\"text-align: center;\"><strong>TRST<\/strong><\/h4>\n<h4 style=\"text-align: center;\"><strong>ITALIJA<\/strong><\/h4>\n<\/div><\/section>\n<section  class='av_textblock_section av-jrl6oyng-70f7733dd0cdccadbf16d171d2253def '   itemscope=\"itemscope\" itemtype=\"https:\/\/schema.org\/CreativeWork\" ><div class='avia_textblock'  itemprop=\"text\" ><p style=\"text-align: center;\"><u>Za sve informacije javite nam se na<\/u>: <em>adoratoriperpetuisst@gmail.com <\/em><\/p>\n<p style=\"text-align: center;\">Pratite na\u0161u duhovnu obitelj i sve obavijesti o doga\u0111ajima na na\u0161im stranicama<\/p>\n<p style=\"text-align: center;\"><a href=\"https:\/\/www.fraternitadellamoretrinitario.eu\" target=\"_blank\" rel=\"noopener noreferrer\">www.fraternitadellamoretrinitario.eu\u00a0<\/a><\/p>\n<\/div><\/section>\n","protected":false},"excerpt":{"rendered":"","protected":false},"author":9,"featured_media":0,"parent":0,"menu_order":0,"comment_status":"closed","ping_status":"closed","template":"","meta":{"footnotes":""},"class_list":["post-5332","page","type-page","status-publish","hentry"],"yoast_head":"<!-- This site is optimized with the Yoast SEO plugin v27.5 - https:\/\/yoast.com\/product\/yoast-seo-wordpress\/ -->\n<title>KONTAKT - Adoratori perpetui della Santissima Trinit\u00e0 | Trajni klanjatelji Presvetog Trojstva<\/title>\n<meta name=\"robots\" content=\"index, follow, max-snippet:-1, max-image-preview:large, max-video-preview:-1\" \/>\n<link rel=\"canonical\" href=\"https:\/\/www.adoratoriperpetui.eu\/hr\/kontakt\/\" \/>\n<meta property=\"og:locale\" content=\"hr_HR\" \/>\n<meta property=\"og:type\" content=\"article\" \/>\n<meta property=\"og:title\" content=\"KONTAKT - Adoratori perpetui della Santissima Trinit\u00e0 | Trajni klanjatelji Presvetog Trojstva\" \/>\n<meta property=\"og:url\" content=\"https:\/\/www.adoratoriperpetui.eu\/hr\/kontakt\/\" \/>\n<meta property=\"og:site_name\" content=\"Adoratori perpetui della Santissima Trinit\u00e0 | Trajni klanjatelji Presvetog Trojstva\" \/>\n<meta property=\"article:modified_time\" content=\"2020-07-09T21:58:25+00:00\" \/>\n<meta name=\"twitter:card\" content=\"summary_large_image\" \/>\n<meta name=\"twitter:label1\" content=\"Procijenjeno vrijeme \u010ditanja\" \/>\n\t<meta name=\"twitter:data1\" content=\"1 minuta\" \/>\n<script type=\"application\/ld+json\" class=\"yoast-schema-graph\">{\"@context\":\"https:\\\/\\\/schema.org\",\"@graph\":[{\"@type\":\"WebPage\",\"@id\":\"https:\\\/\\\/www.adoratoriperpetui.eu\\\/hr\\\/kontakt\\\/\",\"url\":\"https:\\\/\\\/www.adoratoriperpetui.eu\\\/hr\\\/kontakt\\\/\",\"name\":\"KONTAKT - Adoratori perpetui della Santissima Trinit\u00e0 | Trajni klanjatelji Presvetog Trojstva\",\"isPartOf\":{\"@id\":\"https:\\\/\\\/www.adoratoriperpetui.eu\\\/#website\"},\"datePublished\":\"2016-03-02T00:11:53+00:00\",\"dateModified\":\"2020-07-09T21:58:25+00:00\",\"breadcrumb\":{\"@id\":\"https:\\\/\\\/www.adoratoriperpetui.eu\\\/hr\\\/kontakt\\\/#breadcrumb\"},\"inLanguage\":\"hr\",\"potentialAction\":[{\"@type\":\"ReadAction\",\"target\":[\"https:\\\/\\\/www.adoratoriperpetui.eu\\\/hr\\\/kontakt\\\/\"]}]},{\"@type\":\"BreadcrumbList\",\"@id\":\"https:\\\/\\\/www.adoratoriperpetui.eu\\\/hr\\\/kontakt\\\/#breadcrumb\",\"itemListElement\":[{\"@type\":\"ListItem\",\"position\":1,\"name\":\"Home\",\"item\":\"https:\\\/\\\/www.adoratoriperpetui.eu\\\/hr\\\/pocetna\\\/\"},{\"@type\":\"ListItem\",\"position\":2,\"name\":\"KONTAKT\"}]},{\"@type\":\"WebSite\",\"@id\":\"https:\\\/\\\/www.adoratoriperpetui.eu\\\/#website\",\"url\":\"https:\\\/\\\/www.adoratoriperpetui.eu\\\/\",\"name\":\"Adoratori perpetui della Santissima Trinit\u00e0 | Trajni klanjatelji Presvetog Trojstva\",\"description\":\"\",\"publisher\":{\"@id\":\"https:\\\/\\\/www.adoratoriperpetui.eu\\\/#organization\"},\"potentialAction\":[{\"@type\":\"SearchAction\",\"target\":{\"@type\":\"EntryPoint\",\"urlTemplate\":\"https:\\\/\\\/www.adoratoriperpetui.eu\\\/?s={search_term_string}\"},\"query-input\":{\"@type\":\"PropertyValueSpecification\",\"valueRequired\":true,\"valueName\":\"search_term_string\"}}],\"inLanguage\":\"hr\"},{\"@type\":\"Organization\",\"@id\":\"https:\\\/\\\/www.adoratoriperpetui.eu\\\/#organization\",\"name\":\"Adoratori perpetui della Santissima Trinit\u00e0\",\"url\":\"https:\\\/\\\/www.adoratoriperpetui.eu\\\/\",\"logo\":{\"@type\":\"ImageObject\",\"inLanguage\":\"hr\",\"@id\":\"https:\\\/\\\/www.adoratoriperpetui.eu\\\/#\\\/schema\\\/logo\\\/image\\\/\",\"url\":\"https:\\\/\\\/www.adoratoriperpetui.eu\\\/wp-content\\\/uploads\\\/2020\\\/06\\\/LOGO-2.png\",\"contentUrl\":\"https:\\\/\\\/www.adoratoriperpetui.eu\\\/wp-content\\\/uploads\\\/2020\\\/06\\\/LOGO-2.png\",\"width\":404,\"height\":406,\"caption\":\"Adoratori perpetui della Santissima Trinit\u00e0\"},\"image\":{\"@id\":\"https:\\\/\\\/www.adoratoriperpetui.eu\\\/#\\\/schema\\\/logo\\\/image\\\/\"}}]}<\/script>\n<!-- \/ Yoast SEO plugin. -->","yoast_head_json":{"title":"KONTAKT - Adoratori perpetui della Santissima Trinit\u00e0 | Trajni klanjatelji Presvetog Trojstva","robots":{"index":"index","follow":"follow","max-snippet":"max-snippet:-1","max-image-preview":"max-image-preview:large","max-video-preview":"max-video-preview:-1"},"canonical":"https:\/\/www.adoratoriperpetui.eu\/hr\/kontakt\/","og_locale":"hr_HR","og_type":"article","og_title":"KONTAKT - Adoratori perpetui della Santissima Trinit\u00e0 | Trajni klanjatelji Presvetog Trojstva","og_url":"https:\/\/www.adoratoriperpetui.eu\/hr\/kontakt\/","og_site_name":"Adoratori perpetui della Santissima Trinit\u00e0 | Trajni klanjatelji Presvetog Trojstva","article_modified_time":"2020-07-09T21:58:25+00:00","twitter_card":"summary_large_image","twitter_misc":{"Procijenjeno vrijeme \u010ditanja":"1 minuta"},"schema":{"@context":"https:\/\/schema.org","@graph":[{"@type":"WebPage","@id":"https:\/\/www.adoratoriperpetui.eu\/hr\/kontakt\/","url":"https:\/\/www.adoratoriperpetui.eu\/hr\/kontakt\/","name":"KONTAKT - Adoratori perpetui della Santissima Trinit\u00e0 | Trajni klanjatelji Presvetog Trojstva","isPartOf":{"@id":"https:\/\/www.adoratoriperpetui.eu\/#website"},"datePublished":"2016-03-02T00:11:53+00:00","dateModified":"2020-07-09T21:58:25+00:00","breadcrumb":{"@id":"https:\/\/www.adoratoriperpetui.eu\/hr\/kontakt\/#breadcrumb"},"inLanguage":"hr","potentialAction":[{"@type":"ReadAction","target":["https:\/\/www.adoratoriperpetui.eu\/hr\/kontakt\/"]}]},{"@type":"BreadcrumbList","@id":"https:\/\/www.adoratoriperpetui.eu\/hr\/kontakt\/#breadcrumb","itemListElement":[{"@type":"ListItem","position":1,"name":"Home","item":"https:\/\/www.adoratoriperpetui.eu\/hr\/pocetna\/"},{"@type":"ListItem","position":2,"name":"KONTAKT"}]},{"@type":"WebSite","@id":"https:\/\/www.adoratoriperpetui.eu\/#website","url":"https:\/\/www.adoratoriperpetui.eu\/","name":"Adoratori perpetui della Santissima Trinit\u00e0 | Trajni klanjatelji Presvetog Trojstva","description":"","publisher":{"@id":"https:\/\/www.adoratoriperpetui.eu\/#organization"},"potentialAction":[{"@type":"SearchAction","target":{"@type":"EntryPoint","urlTemplate":"https:\/\/www.adoratoriperpetui.eu\/?s={search_term_string}"},"query-input":{"@type":"PropertyValueSpecification","valueRequired":true,"valueName":"search_term_string"}}],"inLanguage":"hr"},{"@type":"Organization","@id":"https:\/\/www.adoratoriperpetui.eu\/#organization","name":"Adoratori perpetui della Santissima Trinit\u00e0","url":"https:\/\/www.adoratoriperpetui.eu\/","logo":{"@type":"ImageObject","inLanguage":"hr","@id":"https:\/\/www.adoratoriperpetui.eu\/#\/schema\/logo\/image\/","url":"https:\/\/www.adoratoriperpetui.eu\/wp-content\/uploads\/2020\/06\/LOGO-2.png","contentUrl":"https:\/\/www.adoratoriperpetui.eu\/wp-content\/uploads\/2020\/06\/LOGO-2.png","width":404,"height":406,"caption":"Adoratori perpetui della Santissima Trinit\u00e0"},"image":{"@id":"https:\/\/www.adoratoriperpetui.eu\/#\/schema\/logo\/image\/"}}]}},"_links":{"self":[{"href":"https:\/\/www.adoratoriperpetui.eu\/hr\/wp-json\/wp\/v2\/pages\/5332","targetHints":{"allow":["GET"]}}],"collection":[{"href":"https:\/\/www.adoratoriperpetui.eu\/hr\/wp-json\/wp\/v2\/pages"}],"about":[{"href":"https:\/\/www.adoratoriperpetui.eu\/hr\/wp-json\/wp\/v2\/types\/page"}],"author":[{"embeddable":true,"href":"https:\/\/www.adoratoriperpetui.eu\/hr\/wp-json\/wp\/v2\/users\/9"}],"replies":[{"embeddable":true,"href":"https:\/\/www.adoratoriperpetui.eu\/hr\/wp-json\/wp\/v2\/comments?post=5332"}],"version-history":[{"count":0,"href":"https:\/\/www.adoratoriperpetui.eu\/hr\/wp-json\/wp\/v2\/pages\/5332\/revisions"}],"wp:attachment":[{"href":"https:\/\/www.adoratoriperpetui.eu\/hr\/wp-json\/wp\/v2\/media?parent=5332"}],"curies":[{"name":"wp","href":"https:\/\/api.w.org\/{rel}","templated":true}]}}