{"id":5391,"date":"2016-03-02T01:26:25","date_gmt":"2016-03-02T00:26:25","guid":{"rendered":"http:\/\/adoratoriperpetui.eu\/?page_id=5391"},"modified":"2020-02-23T01:51:10","modified_gmt":"2020-02-23T00:51:10","slug":"vijenac-presvetog-trojstva","status":"publish","type":"page","link":"https:\/\/www.adoratoriperpetui.eu\/hr\/vijenac-presvetog-trojstva\/","title":{"rendered":"Vijenac Presvetog Trojstva"},"content":{"rendered":"<h2>Vijenac Presvetog Trojstva<\/h2>\n<p>Vijenac Presvetog Trojstva su vjernici laici (obitelji i pojedinci) koji se jednostavnim vezom uklju\u010duju i sudjeluju u \u017eivotu Udru\u017eenja. Bratstvo Trojedine Ljubavi poma\u017ee im duhovnim vodstvom i razli\u010ditim organiziranim skupovima kako bi kao vjernici laici u redovitim prilikama \u017eivota na intenzivniji i organiziraniji na\u010din \u017eivjeli kr\u0161\u0107anski poziv na svetost. Njihov je cilj da unutar vlastitih obitelji, na poslu i u \u017eivotnom okru\u017eenju \u0161to cjelovitije \u017eive temeljne ljudske i kr\u0161\u0107anske vrijednosti, a bra\u0107a ih podupiru svojom molitvom, blizinom i savjetima. Jedni drugima, prema vlastitom pozivu, postaju pomo\u0107 i poticaj da se lak\u0161e klone svakog svjetovnog manipuliranja, istra\u017eivanja i usvajanja mentaliteta suvremenog dru\u0161tva koji degradira te rasta\u010de \u017eivot obitelji i pojedinaca prihva\u0107aju\u0107i evan\u0111eosku novost kao sigurni put potpunog \u010dovjekovog ostvarenja.<\/p>\n<p>Razli\u010ditim inicijativama \u010dlanovi Vijenca osvje\u0161\u0107uju pojedince i ciljane grupe o \u0161tetnosti nedoli\u010dnih sadr\u017eaja u dru\u0161tvu. Uz stru\u010dnu pomo\u0107 bra\u0107e i sestara oni poma\u017eu obiteljima kako bi se odgovorno odnosili prema medijima i tako omogu\u0107ili djeci i mladi dostojanstven odgoj i rast na ljudskoj i kr\u0161\u0107anskoj razini. U me\u0111usobnom \u017eivljenju zajedni\u0161tva vjere, osobito u liturgijskim, obiteljskim i prijateljskim slavljima, bra\u0107a im nastoje pribli\u017eiti i tuma\u010diti temeljne kr\u0161\u0107anske poruke u prepoznavanju drugoga kao Bo\u017eji dar, a ne kao objekt sebi\u010dnoga i hedonisti\u010dkoga u\u017eitka.<br \/>\nSmjernicama i uputama Op\u0107e i mjesne Crkve nastoje da se na prikladan na\u010din uz pomo\u0107 bra\u0107e uklju\u010de i anga\u017eiraju osobe s obiteljskim pote\u0161ko\u0107ama u \u017eupnu i vjerni\u010dku zajednicu.<\/p>\n<p>Bra\u0107a i sestre iz biblijsko molitvene zajednice Bog je ljubav i Vijenca ljubavi Presvetog Trojstva, osobito mladi u vremenu razlu\u010divanja \u017eivotnog poziva, mogu dati privatno obe\u0107anje na godinu dana za \u017eivot u \u010disto\u0107i u \u010demu ih Bratstvo Trojedine Ljubavi duhovno prati molitvom, savjetima i kr\u0161\u0107anskom blizinom.<\/p>\n<p>Nakon godinu dana redovitog i odgovornog dolaska na susrete Zajednice Bog je ljubav \u010dlanovi se u slobodi mogu odlu\u010diti pristupiti Vijencu Presvetog Trojstva i na taj na\u010din u\u010diniti <u>dublji korak na putu vlastitog posve\u0107enja u Crkvi i u apostolatu Udru\u017eenja. <\/u><\/p>\n<p>Vijencu se pristupa davanjem obe\u0107anja Presvetom Trojstvu po Pre\u010distim rukama Marijinim na godinu dana i koje se svake godine u slobodi obnavlja. \u0160to je Vijenac Presvetog Trojstva najbolje govori obe\u0107anje:<\/p>\n<p>&nbsp;<\/p>\n<p style=\"text-align: center;\"><strong>OBE\u0106ANJE\u00a0 PRESVETOM\u00a0 TROJSTVU\u00a0 PO\u00a0 PRE\u010cISTIM\u00a0 RUKAMA\u00a0 MARIJINIM<\/strong><\/p>\n<p style=\"text-align: center;\"><em>O\u010de, Sine i Du\u0161e Sveti,\u00a0 duboko ti se klanjam<\/em><br \/>\n<em>i po Pre\u010distim rukama Djevice Marije<\/em><br \/>\n<em>Majke Crkve,<\/em> <em>posve\u0107ujem ti cijeli svoj \u017eivot. <\/em><br \/>\n<em>Pred tvojim licem danas obe\u0107ajem, <\/em><br \/>\n<em>da \u0107u slijediti Isusa Krista kao svoga jedinog U\u010ditelja,<\/em><br \/>\n<em>\u017eivjeti u skladu s njegovom rije\u010di u Evan\u0111elju, <\/em><br \/>\n<em>te u zajedni\u0161tvu tvoga Duha s bra\u0107om i sestrama, <\/em><br \/>\n<em>u tvojoj Crkvi \u010dastiti tvoje Ime. <\/em><br \/>\n<em>\u017delim se uvijek klanjati Tvome licu <\/em><br \/>\n<em>koje je toliko pogr\u0111ivano psovkama, ne\u010dednim pona\u0161anjem i <\/em><br \/>\n<em>nedostojnim pristupanjem Presvetoj Euharistiji. <\/em><br \/>\n<em>Isuse, u snazi tvoga Duha \u017eelim te slijediti, <\/em><br \/>\n<em>i svojim \u017eivotom pru\u017eati zadovolj\u0161tinu <\/em><br \/>\n<em>tvome Ocu i utjehu na\u0161oj nebeskoj Majci. <\/em><br \/>\n<em>\u017delim osobito \u010dastiti Pre\u010diste ruke Tvoje Majke<\/em><br \/>\n<em>koja te niti jednog trenutka nije napustila <\/em><br \/>\n<em>nego ti je u svetoj poniznosti i poslu\u0161nosti slu\u017eila <\/em><br \/>\n<em>i bezuvjetno te ljubila. <\/em><br \/>\n<em>Po Marijinim Pre\u010distim rukama, <\/em><br \/>\n<em>tebi se Isuse potpuno predajem i posve\u0107ujem! <\/em><br \/>\n<em>Po njezinom primjeru obe\u0107ajem<\/em><br \/>\n<em>da \u0107u biti poslu\u0161an poticajima Tvoga Duha <\/em><br \/>\n<em>i vr\u0161iti volju nebeskoga Oca. <\/em><br \/>\n<em>Obe\u0107ajem Isuse, da \u0107u \u010ditati Tvoju Rije\u010d,<\/em><br \/>\n<em>redovito moliti u zajedni\u0161tvu s bra\u0107om i sestrama,<br \/>\nslaviti Tvoje sveto Ime,<\/em><br \/>\n<em>\u017eive\u0107i u \u010disto\u0107i srca, misli i osje\u0107aja. <\/em><br \/>\n<em>\u017delim barem jednom tjedno klanjati se Tebi <\/em><br \/>\n<em>u Presvetom Oltarskom Sakramentu,<\/em><br \/>\n<em>mjese\u010dno pristupati sakramentu Sv. Ispovijedi<\/em><br \/>\n<em>i redovito sudjelovati na Sv. Misi. <\/em><br \/>\n<em>Obe\u0107ajem poslu\u0161nost svetoj i katoli\u010dkoj Crkvi<\/em><br \/>\n<em>i njezinim zakonitim poglavarima jer <\/em><br \/>\n\u201e<em>nije sluga ve\u0107i od gospodara niti poslanik od onoga koji ga posla\u201c ( Iv 13,16).<\/em><br \/>\n<em>Na slavu Trojedinoga Boga, na \u010dast bla\u017eenoj Djevici Mariji,<br \/>\nsvetim za\u0161titnicima i na spasenje ljudi! Amen!<\/em><\/p>\n","protected":false},"excerpt":{"rendered":"<p>Vijenac Presvetog Trojstva Vijenac Presvetog Trojstva su vjernici laici (obitelji i pojedinci) koji se jednostavnim vezom uklju\u010duju i sudjeluju u \u017eivotu Udru\u017eenja. Bratstvo Trojedine Ljubavi poma\u017ee im duhovnim vodstvom i razli\u010ditim organiziranim skupovima kako bi kao vjernici laici u redovitim prilikama \u017eivota na intenzivniji i organiziraniji na\u010din \u017eivjeli kr\u0161\u0107anski poziv na svetost. Njihov je cilj [&hellip;]<\/p>\n","protected":false},"author":9,"featured_media":0,"parent":0,"menu_order":0,"comment_status":"closed","ping_status":"closed","template":"","meta":{"footnotes":""},"class_list":["post-5391","page","type-page","status-publish","hentry"],"yoast_head":"<!-- This site is optimized with the Yoast SEO plugin v27.5 - https:\/\/yoast.com\/product\/yoast-seo-wordpress\/ -->\n<title>Vijenac Presvetog Trojstva - Adoratori perpetui della Santissima Trinit\u00e0 | Trajni klanjatelji Presvetog Trojstva<\/title>\n<meta name=\"robots\" content=\"index, follow, max-snippet:-1, max-image-preview:large, max-video-preview:-1\" \/>\n<link rel=\"canonical\" href=\"https:\/\/www.adoratoriperpetui.eu\/hr\/vijenac-presvetog-trojstva\/\" \/>\n<meta property=\"og:locale\" content=\"hr_HR\" \/>\n<meta property=\"og:type\" content=\"article\" \/>\n<meta property=\"og:title\" content=\"Vijenac Presvetog Trojstva - Adoratori perpetui della Santissima Trinit\u00e0 | Trajni klanjatelji Presvetog Trojstva\" \/>\n<meta property=\"og:description\" content=\"Vijenac Presvetog Trojstva Vijenac Presvetog Trojstva su vjernici laici (obitelji i pojedinci) koji se jednostavnim vezom uklju\u010duju i sudjeluju u \u017eivotu Udru\u017eenja. Bratstvo Trojedine Ljubavi poma\u017ee im duhovnim vodstvom i razli\u010ditim organiziranim skupovima kako bi kao vjernici laici u redovitim prilikama \u017eivota na intenzivniji i organiziraniji na\u010din \u017eivjeli kr\u0161\u0107anski poziv na svetost. Njihov je cilj [&hellip;]\" \/>\n<meta property=\"og:url\" content=\"https:\/\/www.adoratoriperpetui.eu\/hr\/vijenac-presvetog-trojstva\/\" \/>\n<meta property=\"og:site_name\" content=\"Adoratori perpetui della Santissima Trinit\u00e0 | Trajni klanjatelji Presvetog Trojstva\" \/>\n<meta property=\"article:modified_time\" content=\"2020-02-23T00:51:10+00:00\" \/>\n<meta name=\"twitter:card\" content=\"summary_large_image\" \/>\n<meta name=\"twitter:label1\" content=\"Procijenjeno vrijeme \u010ditanja\" \/>\n\t<meta name=\"twitter:data1\" content=\"3 minute\" \/>\n<script type=\"application\/ld+json\" class=\"yoast-schema-graph\">{\"@context\":\"https:\\\/\\\/schema.org\",\"@graph\":[{\"@type\":\"WebPage\",\"@id\":\"https:\\\/\\\/www.adoratoriperpetui.eu\\\/hr\\\/vijenac-presvetog-trojstva\\\/\",\"url\":\"https:\\\/\\\/www.adoratoriperpetui.eu\\\/hr\\\/vijenac-presvetog-trojstva\\\/\",\"name\":\"Vijenac Presvetog Trojstva - Adoratori perpetui della Santissima Trinit\u00e0 | Trajni klanjatelji Presvetog Trojstva\",\"isPartOf\":{\"@id\":\"https:\\\/\\\/www.adoratoriperpetui.eu\\\/#website\"},\"datePublished\":\"2016-03-02T00:26:25+00:00\",\"dateModified\":\"2020-02-23T00:51:10+00:00\",\"breadcrumb\":{\"@id\":\"https:\\\/\\\/www.adoratoriperpetui.eu\\\/hr\\\/vijenac-presvetog-trojstva\\\/#breadcrumb\"},\"inLanguage\":\"hr\",\"potentialAction\":[{\"@type\":\"ReadAction\",\"target\":[\"https:\\\/\\\/www.adoratoriperpetui.eu\\\/hr\\\/vijenac-presvetog-trojstva\\\/\"]}]},{\"@type\":\"BreadcrumbList\",\"@id\":\"https:\\\/\\\/www.adoratoriperpetui.eu\\\/hr\\\/vijenac-presvetog-trojstva\\\/#breadcrumb\",\"itemListElement\":[{\"@type\":\"ListItem\",\"position\":1,\"name\":\"Home\",\"item\":\"https:\\\/\\\/www.adoratoriperpetui.eu\\\/hr\\\/pocetna\\\/\"},{\"@type\":\"ListItem\",\"position\":2,\"name\":\"Vijenac Presvetog Trojstva\"}]},{\"@type\":\"WebSite\",\"@id\":\"https:\\\/\\\/www.adoratoriperpetui.eu\\\/#website\",\"url\":\"https:\\\/\\\/www.adoratoriperpetui.eu\\\/\",\"name\":\"Adoratori perpetui della Santissima Trinit\u00e0 | Trajni klanjatelji Presvetog Trojstva\",\"description\":\"\",\"publisher\":{\"@id\":\"https:\\\/\\\/www.adoratoriperpetui.eu\\\/#organization\"},\"potentialAction\":[{\"@type\":\"SearchAction\",\"target\":{\"@type\":\"EntryPoint\",\"urlTemplate\":\"https:\\\/\\\/www.adoratoriperpetui.eu\\\/?s={search_term_string}\"},\"query-input\":{\"@type\":\"PropertyValueSpecification\",\"valueRequired\":true,\"valueName\":\"search_term_string\"}}],\"inLanguage\":\"hr\"},{\"@type\":\"Organization\",\"@id\":\"https:\\\/\\\/www.adoratoriperpetui.eu\\\/#organization\",\"name\":\"Adoratori perpetui della Santissima Trinit\u00e0\",\"url\":\"https:\\\/\\\/www.adoratoriperpetui.eu\\\/\",\"logo\":{\"@type\":\"ImageObject\",\"inLanguage\":\"hr\",\"@id\":\"https:\\\/\\\/www.adoratoriperpetui.eu\\\/#\\\/schema\\\/logo\\\/image\\\/\",\"url\":\"https:\\\/\\\/www.adoratoriperpetui.eu\\\/wp-content\\\/uploads\\\/2020\\\/06\\\/LOGO-2.png\",\"contentUrl\":\"https:\\\/\\\/www.adoratoriperpetui.eu\\\/wp-content\\\/uploads\\\/2020\\\/06\\\/LOGO-2.png\",\"width\":404,\"height\":406,\"caption\":\"Adoratori perpetui della Santissima Trinit\u00e0\"},\"image\":{\"@id\":\"https:\\\/\\\/www.adoratoriperpetui.eu\\\/#\\\/schema\\\/logo\\\/image\\\/\"}}]}<\/script>\n<!-- \/ Yoast SEO plugin. -->","yoast_head_json":{"title":"Vijenac Presvetog Trojstva - Adoratori perpetui della Santissima Trinit\u00e0 | Trajni klanjatelji Presvetog Trojstva","robots":{"index":"index","follow":"follow","max-snippet":"max-snippet:-1","max-image-preview":"max-image-preview:large","max-video-preview":"max-video-preview:-1"},"canonical":"https:\/\/www.adoratoriperpetui.eu\/hr\/vijenac-presvetog-trojstva\/","og_locale":"hr_HR","og_type":"article","og_title":"Vijenac Presvetog Trojstva - Adoratori perpetui della Santissima Trinit\u00e0 | Trajni klanjatelji Presvetog Trojstva","og_description":"Vijenac Presvetog Trojstva Vijenac Presvetog Trojstva su vjernici laici (obitelji i pojedinci) koji se jednostavnim vezom uklju\u010duju i sudjeluju u \u017eivotu Udru\u017eenja. Bratstvo Trojedine Ljubavi poma\u017ee im duhovnim vodstvom i razli\u010ditim organiziranim skupovima kako bi kao vjernici laici u redovitim prilikama \u017eivota na intenzivniji i organiziraniji na\u010din \u017eivjeli kr\u0161\u0107anski poziv na svetost. Njihov je cilj [&hellip;]","og_url":"https:\/\/www.adoratoriperpetui.eu\/hr\/vijenac-presvetog-trojstva\/","og_site_name":"Adoratori perpetui della Santissima Trinit\u00e0 | Trajni klanjatelji Presvetog Trojstva","article_modified_time":"2020-02-23T00:51:10+00:00","twitter_card":"summary_large_image","twitter_misc":{"Procijenjeno vrijeme \u010ditanja":"3 minute"},"schema":{"@context":"https:\/\/schema.org","@graph":[{"@type":"WebPage","@id":"https:\/\/www.adoratoriperpetui.eu\/hr\/vijenac-presvetog-trojstva\/","url":"https:\/\/www.adoratoriperpetui.eu\/hr\/vijenac-presvetog-trojstva\/","name":"Vijenac Presvetog Trojstva - Adoratori perpetui della Santissima Trinit\u00e0 | Trajni klanjatelji Presvetog Trojstva","isPartOf":{"@id":"https:\/\/www.adoratoriperpetui.eu\/#website"},"datePublished":"2016-03-02T00:26:25+00:00","dateModified":"2020-02-23T00:51:10+00:00","breadcrumb":{"@id":"https:\/\/www.adoratoriperpetui.eu\/hr\/vijenac-presvetog-trojstva\/#breadcrumb"},"inLanguage":"hr","potentialAction":[{"@type":"ReadAction","target":["https:\/\/www.adoratoriperpetui.eu\/hr\/vijenac-presvetog-trojstva\/"]}]},{"@type":"BreadcrumbList","@id":"https:\/\/www.adoratoriperpetui.eu\/hr\/vijenac-presvetog-trojstva\/#breadcrumb","itemListElement":[{"@type":"ListItem","position":1,"name":"Home","item":"https:\/\/www.adoratoriperpetui.eu\/hr\/pocetna\/"},{"@type":"ListItem","position":2,"name":"Vijenac Presvetog Trojstva"}]},{"@type":"WebSite","@id":"https:\/\/www.adoratoriperpetui.eu\/#website","url":"https:\/\/www.adoratoriperpetui.eu\/","name":"Adoratori perpetui della Santissima Trinit\u00e0 | Trajni klanjatelji Presvetog Trojstva","description":"","publisher":{"@id":"https:\/\/www.adoratoriperpetui.eu\/#organization"},"potentialAction":[{"@type":"SearchAction","target":{"@type":"EntryPoint","urlTemplate":"https:\/\/www.adoratoriperpetui.eu\/?s={search_term_string}"},"query-input":{"@type":"PropertyValueSpecification","valueRequired":true,"valueName":"search_term_string"}}],"inLanguage":"hr"},{"@type":"Organization","@id":"https:\/\/www.adoratoriperpetui.eu\/#organization","name":"Adoratori perpetui della Santissima Trinit\u00e0","url":"https:\/\/www.adoratoriperpetui.eu\/","logo":{"@type":"ImageObject","inLanguage":"hr","@id":"https:\/\/www.adoratoriperpetui.eu\/#\/schema\/logo\/image\/","url":"https:\/\/www.adoratoriperpetui.eu\/wp-content\/uploads\/2020\/06\/LOGO-2.png","contentUrl":"https:\/\/www.adoratoriperpetui.eu\/wp-content\/uploads\/2020\/06\/LOGO-2.png","width":404,"height":406,"caption":"Adoratori perpetui della Santissima Trinit\u00e0"},"image":{"@id":"https:\/\/www.adoratoriperpetui.eu\/#\/schema\/logo\/image\/"}}]}},"_links":{"self":[{"href":"https:\/\/www.adoratoriperpetui.eu\/hr\/wp-json\/wp\/v2\/pages\/5391","targetHints":{"allow":["GET"]}}],"collection":[{"href":"https:\/\/www.adoratoriperpetui.eu\/hr\/wp-json\/wp\/v2\/pages"}],"about":[{"href":"https:\/\/www.adoratoriperpetui.eu\/hr\/wp-json\/wp\/v2\/types\/page"}],"author":[{"embeddable":true,"href":"https:\/\/www.adoratoriperpetui.eu\/hr\/wp-json\/wp\/v2\/users\/9"}],"replies":[{"embeddable":true,"href":"https:\/\/www.adoratoriperpetui.eu\/hr\/wp-json\/wp\/v2\/comments?post=5391"}],"version-history":[{"count":0,"href":"https:\/\/www.adoratoriperpetui.eu\/hr\/wp-json\/wp\/v2\/pages\/5391\/revisions"}],"wp:attachment":[{"href":"https:\/\/www.adoratoriperpetui.eu\/hr\/wp-json\/wp\/v2\/media?parent=5391"}],"curies":[{"name":"wp","href":"https:\/\/api.w.org\/{rel}","templated":true}]}}