{"id":6795,"date":"2020-02-14T14:41:35","date_gmt":"2020-02-14T12:41:35","guid":{"rendered":"https:\/\/www.adoratoriperpetui.eu\/?page_id=6795"},"modified":"2020-07-09T23:59:07","modified_gmt":"2020-07-09T21:59:07","slug":"dobrocinitelji","status":"publish","type":"page","link":"https:\/\/www.adoratoriperpetui.eu\/hr\/dobrocinitelji\/","title":{"rendered":"DOBRO\u010cINITELJI"},"content":{"rendered":"<p style=\"text-align: center;\"><strong>Prva kr\u0161\u0107anska zajednica Dj 2,42-47<\/strong><\/p>\n<p style=\"text-align: center;\">Bijahu postojani u nauku apostolskom, u zajedni\u0161tvu, lomljenju kruha i molitvama.<br \/>\nStrahopo\u0161tovanje obuzima\u0161e svaku du\u0161u: apostoli su \u010dinili mnoga \u010dudesa i znamenja.<br \/>\nSvi koji prigrli\u0161e vjeru bijahu zdru\u017eeni i sve im bija\u0161e zajedni\u010dko.<br \/>\nSva bi imanja i dobra prodali i porazdijelili svima kako bi tko trebao.<br \/>\nSvaki bi dan jednodu\u0161no i postojano hrlili u Hram, u ku\u0107ama bi lomili kruh te<br \/>\nu radosti i prostodu\u0161nosti srca zajedni\u010dki uzimali hranu hvale\u0107i Boga i u\u017eivaju\u0107i<br \/>\nnaklonost svega naroda. Gospodin je pak danomice zajednici pridru\u017eivao spa\u0161enike.<\/p>\n<p>&nbsp;<\/p>\n<p>Zahvaljujemo na\u0161em Nebeskom Ocu, bez \u010dijeg znanja ni jedna vlas sa na\u0161e glave ne pada, \u0161to se u svojoj beskrajnoj ljubavi i providnosti brine za na\u0161e \u017eivote i na konkretnoj razini preko na\u0161ih dobro\u010dinitelja.<\/p>\n<p>Molimo za sve vas i prikazujemo vas Gospodinu, a On neka vam mnogostruko uzvrati na va\u0161oj dobroti ve\u0107 ovdje zemlji i neka vam udijeli milost \u017eivota u vje\u010dnoj domovini.<\/p>\n<p>Hvala vam svima od srca u ime cijele na\u0161e duhovne obitelji \u0161to na taj na\u010din i vi sudjelujete u na\u0161em zajedni\u010dkom poslanju, na osobit na\u010din \u0161irenju pobo\u017enosti i krunice Pre\u010distim rukama Marijinim.<\/p>\n<p>Hvala vam na svakoj va\u0161oj pomo\u0107i, molitvi i \u017ertvi!<\/p>\n<p>&nbsp;<\/p>\n<p>Svi koji \u017eelite poduprijeti na\u0161 rad u Bo\u017ejem vinogradu, osobito \u0161irenje pobo\u017enosti Pre\u010distih ruku Marijinih, mo\u017eete to u\u010diniti svojim prilogom na ra\u010dun:<\/p>\n<p><strong>UNICREDIT BANK <\/strong><\/p>\n<p><strong>NAZIV RA\u010cUNA: <\/strong>Fraternit\u00e0 dell&#8217;Amore Trinitario<\/p>\n<p><strong>IBAN:<\/strong> IT57T0200836490000102949496<\/p>\n<p><strong>SWIFT<\/strong>: UNCRITM1ONE<\/p>\n<p><strong>OPIS PLA\u0106ANJA:<\/strong> za \u0161irenje pobo\u017enosti Pre\u010distih ruku Marijinih \/za potrebe Udru\u017eenja<\/p>\n","protected":false},"excerpt":{"rendered":"<p>Prva kr\u0161\u0107anska zajednica Dj 2,42-47 Bijahu postojani u nauku apostolskom, u zajedni\u0161tvu, lomljenju kruha i molitvama. Strahopo\u0161tovanje obuzima\u0161e svaku du\u0161u: apostoli su \u010dinili mnoga \u010dudesa i znamenja. Svi koji prigrli\u0161e vjeru bijahu zdru\u017eeni i sve im bija\u0161e zajedni\u010dko. Sva bi imanja i dobra prodali i porazdijelili svima kako bi tko trebao. Svaki bi dan jednodu\u0161no [&hellip;]<\/p>\n","protected":false},"author":13,"featured_media":0,"parent":0,"menu_order":0,"comment_status":"closed","ping_status":"closed","template":"","meta":{"footnotes":""},"class_list":["post-6795","page","type-page","status-publish","hentry"],"yoast_head":"<!-- This site is optimized with the Yoast SEO plugin v27.5 - https:\/\/yoast.com\/product\/yoast-seo-wordpress\/ -->\n<title>DOBRO\u010cINITELJI - Adoratori perpetui della Santissima Trinit\u00e0 | Trajni klanjatelji Presvetog Trojstva<\/title>\n<meta name=\"robots\" content=\"index, follow, max-snippet:-1, max-image-preview:large, max-video-preview:-1\" \/>\n<link rel=\"canonical\" href=\"https:\/\/www.adoratoriperpetui.eu\/hr\/dobrocinitelji\/\" \/>\n<meta property=\"og:locale\" content=\"hr_HR\" \/>\n<meta property=\"og:type\" content=\"article\" \/>\n<meta property=\"og:title\" content=\"DOBRO\u010cINITELJI - Adoratori perpetui della Santissima Trinit\u00e0 | Trajni klanjatelji Presvetog Trojstva\" \/>\n<meta property=\"og:description\" content=\"Prva kr\u0161\u0107anska zajednica Dj 2,42-47 Bijahu postojani u nauku apostolskom, u zajedni\u0161tvu, lomljenju kruha i molitvama. Strahopo\u0161tovanje obuzima\u0161e svaku du\u0161u: apostoli su \u010dinili mnoga \u010dudesa i znamenja. Svi koji prigrli\u0161e vjeru bijahu zdru\u017eeni i sve im bija\u0161e zajedni\u010dko. Sva bi imanja i dobra prodali i porazdijelili svima kako bi tko trebao. Svaki bi dan jednodu\u0161no [&hellip;]\" \/>\n<meta property=\"og:url\" content=\"https:\/\/www.adoratoriperpetui.eu\/hr\/dobrocinitelji\/\" \/>\n<meta property=\"og:site_name\" content=\"Adoratori perpetui della Santissima Trinit\u00e0 | Trajni klanjatelji Presvetog Trojstva\" \/>\n<meta property=\"article:modified_time\" content=\"2020-07-09T21:59:07+00:00\" \/>\n<meta name=\"twitter:card\" content=\"summary_large_image\" \/>\n<meta name=\"twitter:label1\" content=\"Procijenjeno vrijeme \u010ditanja\" \/>\n\t<meta name=\"twitter:data1\" content=\"1 minuta\" \/>\n<script type=\"application\/ld+json\" class=\"yoast-schema-graph\">{\"@context\":\"https:\\\/\\\/schema.org\",\"@graph\":[{\"@type\":\"WebPage\",\"@id\":\"https:\\\/\\\/www.adoratoriperpetui.eu\\\/hr\\\/dobrocinitelji\\\/\",\"url\":\"https:\\\/\\\/www.adoratoriperpetui.eu\\\/hr\\\/dobrocinitelji\\\/\",\"name\":\"DOBRO\u010cINITELJI - Adoratori perpetui della Santissima Trinit\u00e0 | Trajni klanjatelji Presvetog Trojstva\",\"isPartOf\":{\"@id\":\"https:\\\/\\\/www.adoratoriperpetui.eu\\\/#website\"},\"datePublished\":\"2020-02-14T12:41:35+00:00\",\"dateModified\":\"2020-07-09T21:59:07+00:00\",\"breadcrumb\":{\"@id\":\"https:\\\/\\\/www.adoratoriperpetui.eu\\\/hr\\\/dobrocinitelji\\\/#breadcrumb\"},\"inLanguage\":\"hr\",\"potentialAction\":[{\"@type\":\"ReadAction\",\"target\":[\"https:\\\/\\\/www.adoratoriperpetui.eu\\\/hr\\\/dobrocinitelji\\\/\"]}]},{\"@type\":\"BreadcrumbList\",\"@id\":\"https:\\\/\\\/www.adoratoriperpetui.eu\\\/hr\\\/dobrocinitelji\\\/#breadcrumb\",\"itemListElement\":[{\"@type\":\"ListItem\",\"position\":1,\"name\":\"Home\",\"item\":\"https:\\\/\\\/www.adoratoriperpetui.eu\\\/hr\\\/pocetna\\\/\"},{\"@type\":\"ListItem\",\"position\":2,\"name\":\"DOBRO\u010cINITELJI\"}]},{\"@type\":\"WebSite\",\"@id\":\"https:\\\/\\\/www.adoratoriperpetui.eu\\\/#website\",\"url\":\"https:\\\/\\\/www.adoratoriperpetui.eu\\\/\",\"name\":\"Adoratori perpetui della Santissima Trinit\u00e0 | Trajni klanjatelji Presvetog Trojstva\",\"description\":\"\",\"publisher\":{\"@id\":\"https:\\\/\\\/www.adoratoriperpetui.eu\\\/#organization\"},\"potentialAction\":[{\"@type\":\"SearchAction\",\"target\":{\"@type\":\"EntryPoint\",\"urlTemplate\":\"https:\\\/\\\/www.adoratoriperpetui.eu\\\/?s={search_term_string}\"},\"query-input\":{\"@type\":\"PropertyValueSpecification\",\"valueRequired\":true,\"valueName\":\"search_term_string\"}}],\"inLanguage\":\"hr\"},{\"@type\":\"Organization\",\"@id\":\"https:\\\/\\\/www.adoratoriperpetui.eu\\\/#organization\",\"name\":\"Adoratori perpetui della Santissima Trinit\u00e0\",\"url\":\"https:\\\/\\\/www.adoratoriperpetui.eu\\\/\",\"logo\":{\"@type\":\"ImageObject\",\"inLanguage\":\"hr\",\"@id\":\"https:\\\/\\\/www.adoratoriperpetui.eu\\\/#\\\/schema\\\/logo\\\/image\\\/\",\"url\":\"https:\\\/\\\/www.adoratoriperpetui.eu\\\/wp-content\\\/uploads\\\/2020\\\/06\\\/LOGO-2.png\",\"contentUrl\":\"https:\\\/\\\/www.adoratoriperpetui.eu\\\/wp-content\\\/uploads\\\/2020\\\/06\\\/LOGO-2.png\",\"width\":404,\"height\":406,\"caption\":\"Adoratori perpetui della Santissima Trinit\u00e0\"},\"image\":{\"@id\":\"https:\\\/\\\/www.adoratoriperpetui.eu\\\/#\\\/schema\\\/logo\\\/image\\\/\"}}]}<\/script>\n<!-- \/ Yoast SEO plugin. -->","yoast_head_json":{"title":"DOBRO\u010cINITELJI - Adoratori perpetui della Santissima Trinit\u00e0 | Trajni klanjatelji Presvetog Trojstva","robots":{"index":"index","follow":"follow","max-snippet":"max-snippet:-1","max-image-preview":"max-image-preview:large","max-video-preview":"max-video-preview:-1"},"canonical":"https:\/\/www.adoratoriperpetui.eu\/hr\/dobrocinitelji\/","og_locale":"hr_HR","og_type":"article","og_title":"DOBRO\u010cINITELJI - Adoratori perpetui della Santissima Trinit\u00e0 | Trajni klanjatelji Presvetog Trojstva","og_description":"Prva kr\u0161\u0107anska zajednica Dj 2,42-47 Bijahu postojani u nauku apostolskom, u zajedni\u0161tvu, lomljenju kruha i molitvama. Strahopo\u0161tovanje obuzima\u0161e svaku du\u0161u: apostoli su \u010dinili mnoga \u010dudesa i znamenja. Svi koji prigrli\u0161e vjeru bijahu zdru\u017eeni i sve im bija\u0161e zajedni\u010dko. Sva bi imanja i dobra prodali i porazdijelili svima kako bi tko trebao. Svaki bi dan jednodu\u0161no [&hellip;]","og_url":"https:\/\/www.adoratoriperpetui.eu\/hr\/dobrocinitelji\/","og_site_name":"Adoratori perpetui della Santissima Trinit\u00e0 | Trajni klanjatelji Presvetog Trojstva","article_modified_time":"2020-07-09T21:59:07+00:00","twitter_card":"summary_large_image","twitter_misc":{"Procijenjeno vrijeme \u010ditanja":"1 minuta"},"schema":{"@context":"https:\/\/schema.org","@graph":[{"@type":"WebPage","@id":"https:\/\/www.adoratoriperpetui.eu\/hr\/dobrocinitelji\/","url":"https:\/\/www.adoratoriperpetui.eu\/hr\/dobrocinitelji\/","name":"DOBRO\u010cINITELJI - Adoratori perpetui della Santissima Trinit\u00e0 | Trajni klanjatelji Presvetog Trojstva","isPartOf":{"@id":"https:\/\/www.adoratoriperpetui.eu\/#website"},"datePublished":"2020-02-14T12:41:35+00:00","dateModified":"2020-07-09T21:59:07+00:00","breadcrumb":{"@id":"https:\/\/www.adoratoriperpetui.eu\/hr\/dobrocinitelji\/#breadcrumb"},"inLanguage":"hr","potentialAction":[{"@type":"ReadAction","target":["https:\/\/www.adoratoriperpetui.eu\/hr\/dobrocinitelji\/"]}]},{"@type":"BreadcrumbList","@id":"https:\/\/www.adoratoriperpetui.eu\/hr\/dobrocinitelji\/#breadcrumb","itemListElement":[{"@type":"ListItem","position":1,"name":"Home","item":"https:\/\/www.adoratoriperpetui.eu\/hr\/pocetna\/"},{"@type":"ListItem","position":2,"name":"DOBRO\u010cINITELJI"}]},{"@type":"WebSite","@id":"https:\/\/www.adoratoriperpetui.eu\/#website","url":"https:\/\/www.adoratoriperpetui.eu\/","name":"Adoratori perpetui della Santissima Trinit\u00e0 | Trajni klanjatelji Presvetog Trojstva","description":"","publisher":{"@id":"https:\/\/www.adoratoriperpetui.eu\/#organization"},"potentialAction":[{"@type":"SearchAction","target":{"@type":"EntryPoint","urlTemplate":"https:\/\/www.adoratoriperpetui.eu\/?s={search_term_string}"},"query-input":{"@type":"PropertyValueSpecification","valueRequired":true,"valueName":"search_term_string"}}],"inLanguage":"hr"},{"@type":"Organization","@id":"https:\/\/www.adoratoriperpetui.eu\/#organization","name":"Adoratori perpetui della Santissima Trinit\u00e0","url":"https:\/\/www.adoratoriperpetui.eu\/","logo":{"@type":"ImageObject","inLanguage":"hr","@id":"https:\/\/www.adoratoriperpetui.eu\/#\/schema\/logo\/image\/","url":"https:\/\/www.adoratoriperpetui.eu\/wp-content\/uploads\/2020\/06\/LOGO-2.png","contentUrl":"https:\/\/www.adoratoriperpetui.eu\/wp-content\/uploads\/2020\/06\/LOGO-2.png","width":404,"height":406,"caption":"Adoratori perpetui della Santissima Trinit\u00e0"},"image":{"@id":"https:\/\/www.adoratoriperpetui.eu\/#\/schema\/logo\/image\/"}}]}},"_links":{"self":[{"href":"https:\/\/www.adoratoriperpetui.eu\/hr\/wp-json\/wp\/v2\/pages\/6795","targetHints":{"allow":["GET"]}}],"collection":[{"href":"https:\/\/www.adoratoriperpetui.eu\/hr\/wp-json\/wp\/v2\/pages"}],"about":[{"href":"https:\/\/www.adoratoriperpetui.eu\/hr\/wp-json\/wp\/v2\/types\/page"}],"author":[{"embeddable":true,"href":"https:\/\/www.adoratoriperpetui.eu\/hr\/wp-json\/wp\/v2\/users\/13"}],"replies":[{"embeddable":true,"href":"https:\/\/www.adoratoriperpetui.eu\/hr\/wp-json\/wp\/v2\/comments?post=6795"}],"version-history":[{"count":0,"href":"https:\/\/www.adoratoriperpetui.eu\/hr\/wp-json\/wp\/v2\/pages\/6795\/revisions"}],"wp:attachment":[{"href":"https:\/\/www.adoratoriperpetui.eu\/hr\/wp-json\/wp\/v2\/media?parent=6795"}],"curies":[{"name":"wp","href":"https:\/\/api.w.org\/{rel}","templated":true}]}}