{"id":6797,"date":"2020-02-14T14:42:39","date_gmt":"2020-02-14T12:42:39","guid":{"rendered":"https:\/\/www.adoratoriperpetui.eu\/?page_id=6797"},"modified":"2020-02-23T01:44:08","modified_gmt":"2020-02-23T00:44:08","slug":"o-zajednici","status":"publish","type":"page","link":"https:\/\/www.adoratoriperpetui.eu\/hr\/o-zajednici\/","title":{"rendered":"O Zajednici"},"content":{"rendered":"<h3><strong>Biblijsko \u2013 molitvena Zajednica \u201eBog je ljubav\u201c<\/strong><\/h3>\n<p>Zajednica prati liturgijsko vrijeme Crkve i kao temelj svoga duhovnog hoda uzima euharistijska \u010ditanja nadolaze\u0107e nedjelje. Tijek tjednih susreta u svim lokalnim zajednicama je isti i on na bitan na\u010din ozna\u010dava specifi\u010dnost i karizmu Zajednice na temelju pet koraka.<\/p>\n<p>Zajednica nastoji\u00a0 slijediti nadahnu\u0107a Duha Svetoga po poslanju i djelovanju koje joj Gospodin povjerava u ovom vremenu. Duhovnost Zajednice je biblijska, kristocentri\u010dna i euharistijska.\u00a0 Ona proizlazi iz Bo\u017eje rije\u010di kao vje\u010dnog nadahnu\u0107a za evan\u0111eoski \u017eivot u svagda\u0161njem \u017eivotu svakoga \u010dlana.<\/p>\n<p>Svi \u010dlanovi Zajednice pozvani su biti aktivni i \u017eivi udovi misti\u010dnoga Tijela Kristova \u2013 Crkve, u svojoj \u017eupi. Poziv \u010dlanova Zajednice jest ostvarivati Bo\u017eju ljubav u vlastitom ambijentu \u017eivota, osobito u obitelji i svojim \u017eupnim i vjerni\u010dkim zajednicama. Stoga su svi \u010dlanovi Zajednice pozvani na aktivnu, poniznu i radosnu slu\u017ebu unutar \u017eupne zajednice te razvijati sklad i suradnju sa\u00a0 upraviteljima \u017eupa i upraviteljima vjerni\u010dkih zajednica.<\/p>\n<p>Temeljno\u00a0 poslanje Zajednice je biti \u017eivo tkivo unutar \u017eupne zajednice u skladu sa svim drugim\u00a0 zajednicama i djelovanjima unutar \u017eupe, \u010duvaju\u0107i vlastitosti karizme Zajednice u Crkvi.<\/p>\n<p>Zajednica je otvorena za istinske darove, plodove i nadahnu\u0107a Duha Svetoga te s cijelom Crkvom ostvaruje svoje poslanje u sada\u0161njem vremenu za spasenje du\u0161a i razvoj ljudskog dostojanstva.<\/p>\n<p>\u010clanovi Zajednice nastoje \u017eivjeti Evan\u0111elje, crpe\u0107i iz njega snagu i poticaj, a osobito su joj izvor nadahnu\u0107a svetopisamski tekstovi:<\/p>\n<ol>\n<li>Spasiteljski zov Isusov (Mt 11, 28-30)<\/li>\n<li>Velikosve\u010deni\u010dka Isusova molitva (Iv 17 poglavlje)<\/li>\n<li>Prva Poslanica svetoga Ivana apostola<\/li>\n<li>25 poglavlje iz Matejevog evan\u0111elja<\/li>\n<\/ol>\n<p>&nbsp;<\/p>\n<p><strong>Ciljevi Zajednice su:<\/strong><\/p>\n<ol>\n<li>Zajedni\u010dkim slu\u0161anjem i razmatranjem Bo\u017eje Rije\u010di kroz tjedno okupljanje kao jedinstvena priprema za nedjeljno Euharistijsko slavlje sa cijelom \u017eupnom zajednicom<\/li>\n<li>Prihva\u0107anje puta svetosti i ozdravljenja u vlastitoj svakodnevnici te nastojati ostvarivati temeljne kr\u0161\u0107anske kreposti vjere, nade i ljubavi<\/li>\n<li>Poticanje zrelog i trajnog osobnog obra\u0107enja, razvijanje duhovnih darova za slu\u017ebu drugima te uno\u0161enja kulture Evan\u0111elja u dru\u0161tvo<\/li>\n<li>Biti molitvena, konkretna i kreativna podr\u0161ka sve\u0107enicima u \u017eupnim i drugim djelovanjima<\/li>\n<li>Izgra\u0111ivanje, ostvarivanje i slavljenje zajedni\u0161tva molitvom, \u017ertvom i radom unutar \u017eupne zajednice te u redovitoj Euharistiji<\/li>\n<li>Aktivna suradnja sa \u010dlanovima \u201eBratstva Trojedine Ljubavi\u201c, posebno u poslanju \u0161irenja pobo\u017enosti Pre\u010distim rukama Marijinim<\/li>\n<li>Promovirati kr\u0161\u0107anske vrijednosti \u017eivota od za\u010de\u0107a do prirodne smrti: zajedni\u0161tvo, po\u0161tovanje ljudske osobe, malenost, kr\u0161\u0107anska bliskost za dana\u0161nje \u201cgubavce\u201c<\/li>\n<\/ol>\n<p>&nbsp;<\/p>\n<p>\u010clanom mo\u017ee postati svaki vjernik katolik koji prihva\u0107a Evan\u0111elje kao pravilo svoga \u017eivota i koji je primio ili \u017eeli primiti svete sakramente Kr\u0161tenja i Potvrde te je voljan \u017eivjeti prema nauci Katoli\u010dke Crkve. \u017divot \u010dlanova treba biti konkretno svjedo\u010danstvo Evan\u0111elja. Zajednica je jednako otvorena laicima, klericima, redovnicima i redovnicama te svim vjernicima.<\/p>\n<p>Radi lak\u0161eg upravljanja , rasta i vrednovanja svakog \u010dlana zajednice, formiraju se slijede\u0107i timovi kako bi se prepoznavali i usmjeravali darova i karizme koje Duh Sveti podjeljuje \u010dlanovima za izgradnju Crkve:<\/p>\n<ol>\n<li>molitveno-slavljeni\u010dka slu\u017eba<\/li>\n<li>slu\u017eba liturgije, pastorala i formacije<\/li>\n<li>slu\u017eba evangelizacije<\/li>\n<li>zagovorni\u010dka slu\u017eba<\/li>\n<li>slu\u017eba prihva\u0107anja i poslu\u017eivanja<\/li>\n<li>karitativna slu\u017eba<\/li>\n<li>mediji \u2013 slu\u017eba za izdava\u0161tvo i komunikaciju<\/li>\n<\/ol>\n<p>Za\u0161titnici Zajednice su: Bezgre\u0161na Djevica Marija, sv. Josip,\u00a0 sv. Ivan apostol, sv. Franjo Asi\u0161ki, sv. Terezija Avilska, sv. Leopold Bogdan Mandi\u0107, sv. Padre Pio, bl. Alojzije Stepinac, sv. Ivan Pavao II, sv. Faustina Kowalska i sv. Mihael arkan\u0111eo.<\/p>\n<p>Posebno se nadahnjuje\u00a0 primjerima \u017eivota sv. Franje Asi\u0161kog i svete Terezije Avilske kao velikih u\u010ditelja molitve koji osvjetljuju put svetosti i nutarnjeg ozdravljenja svim \u010dlanovima Zajednice.<\/p>\n<p>&nbsp;<\/p>\n<p><strong>TIJEK SUSRETA U ZAJEDNICI <\/strong><\/p>\n<p>Zajednica prati liturgijsko vrijeme Crkve i kao temelj svoga duhovnog hoda uzima euharistijska \u010ditanja nadolaze\u0107e nedjelje. Tijek tjednih susreta u svim lokalnim zajednicama je sljede\u0107i i on na bitan na\u010din ozna\u010dava specifi\u010dnost i karizmu Zajednice na temelju pet koraka. Nakon uvodne pjesme, posvetne molitve Srcu Marijinom i Srcu Isusovom te zaziva Duha Svetoga (Himan Duhu Svetom ili prigodna pjesma Duhu Svetom) slijedi:<\/p>\n<p><strong><em>1. Prvi korak &#8211; odreknu\u0107e\u00a0 od grijeha<\/em><\/strong> (\u010dini se u \u0161utnji ispituju\u0107i vlastitu savijest nakon \u010dega se pjeva prikladna pjesma);<\/p>\n<p><strong><em>2. Drugi korak &#8211; povjeravanje i prepu\u0161tanje problema i pote\u0161ko\u0107a Bogu i njegovoj volji <\/em><\/strong>(mo\u017ee se u\u010diniti spontanom molitvom, \u010ditanjem prikladnog psalama ili kojom drugom pisanom molitvom te se pjesmom zavr\u0161i ovaj korak).<\/p>\n<p>Nakon uvoda sve\u0107enika ili koordinatora Zajednice u nedjeljna \u010ditanja zapo\u010dinje se neposredno razmatranje blaga Bo\u017eje Objave:<\/p>\n<ul>\n<li>naglas se \u010ditaju sva nedjeljna \u010ditanja nakon \u010dega svatko za sebe ponovno pro\u010dita u \u0161utnji<\/li>\n<li>ostaje se u kratkom razmatranju i nakon poziva koordinatora svatko u slobodi pro\u010dita re\u010denicu koja ga je osobito dotakla<\/li>\n<li>nakon pro\u010ditanih re\u010denica koordinatori animiraju razmjenu iskustva prisutnih u duhu povjerenja i otvorenosti poti\u010du\u0107i ih da bogatstvo Bo\u017eje Rije\u010di postane zajedni\u010dki izvor blagoslova. Nakon razmjene iskustva sve\u0107enik ili koordinator izra\u017eava temeljnu svetopisamsku poruku kao poticaj za nadolaze\u0107i tjedan te nakon prikladne pjesme usmjere na sljede\u0107i korak.<\/li>\n<\/ul>\n<p><strong>3. Tre\u0107i korak<em> &#8211; molitva<\/em><\/strong>: Na temelju razmatrane Bo\u017eje rije\u010di Duh Sveti budi u prisutnima konkretne nakane i potrebe Crkve i svijeta koje oni izri\u010du spontano na glas ili u \u0161utnji. Izme\u0111u molitava pjevaju se kratki pripjevi ili pjesme te se na kraju izmoli O\u010de na\u0161 i sedam Zdravo Marija razmi\u0161ljaju\u0107i o otajstvima krunice Pre\u010distih ruku Marijinih.<\/p>\n<p><strong>4. \u010cetvrti korak<\/strong><em> &#8211; <strong>zahvaljivanje i slavljenje<\/strong><\/em>: Ovim \u010dinom izra\u017eavamo svoje duboko zahvaljivanje i slavljenje Boga koji ljudski \u017eivot ispunja milostima i darovima za na\u0161 susret, za na\u0161e \u017eivote, za djela koja smo prepoznali \u0161to ih je Bog u\u010dinio preko nas i za nas,\u00a0 za Crkvu i svijet. Zahvaljivanje i slavljenje Boga izri\u010de se spontano i\/ili s vi\u0161e pjesama radosno izra\u017eava svoje divljenje i zahvaljivanje Bogu.<\/p>\n<p><strong>5. Peti korak<em> &#8211; blagoslivljanje<\/em><\/strong>: spontano i\/ili pjesmom blagoslivljamo Boga, jedni druge i sve stvarnosti \u017eivota i svijeta. Ovaj korak je plod susreta \u2013 biti blagoslov svima! Iz susreta postati blagoslov u svim situacijama \u017eivota.<\/p>\n","protected":false},"excerpt":{"rendered":"<p>Biblijsko \u2013 molitvena Zajednica \u201eBog je ljubav\u201c Zajednica prati liturgijsko vrijeme Crkve i kao temelj svoga duhovnog hoda uzima euharistijska \u010ditanja nadolaze\u0107e nedjelje. Tijek tjednih susreta u svim lokalnim zajednicama je isti i on na bitan na\u010din ozna\u010dava specifi\u010dnost i karizmu Zajednice na temelju pet koraka. Zajednica nastoji\u00a0 slijediti nadahnu\u0107a Duha Svetoga po poslanju i [&hellip;]<\/p>\n","protected":false},"author":13,"featured_media":0,"parent":0,"menu_order":0,"comment_status":"closed","ping_status":"closed","template":"","meta":{"footnotes":""},"class_list":["post-6797","page","type-page","status-publish","hentry"],"yoast_head":"<!-- This site is optimized with the Yoast SEO plugin v27.5 - https:\/\/yoast.com\/product\/yoast-seo-wordpress\/ -->\n<title>O Zajednici - Adoratori perpetui della Santissima Trinit\u00e0 | Trajni klanjatelji Presvetog Trojstva<\/title>\n<meta name=\"robots\" content=\"index, follow, max-snippet:-1, max-image-preview:large, max-video-preview:-1\" \/>\n<link rel=\"canonical\" href=\"https:\/\/www.adoratoriperpetui.eu\/hr\/o-zajednici\/\" \/>\n<meta property=\"og:locale\" content=\"hr_HR\" \/>\n<meta property=\"og:type\" content=\"article\" \/>\n<meta property=\"og:title\" content=\"O Zajednici - Adoratori perpetui della Santissima Trinit\u00e0 | Trajni klanjatelji Presvetog Trojstva\" \/>\n<meta property=\"og:description\" content=\"Biblijsko \u2013 molitvena Zajednica \u201eBog je ljubav\u201c Zajednica prati liturgijsko vrijeme Crkve i kao temelj svoga duhovnog hoda uzima euharistijska \u010ditanja nadolaze\u0107e nedjelje. Tijek tjednih susreta u svim lokalnim zajednicama je isti i on na bitan na\u010din ozna\u010dava specifi\u010dnost i karizmu Zajednice na temelju pet koraka. Zajednica nastoji\u00a0 slijediti nadahnu\u0107a Duha Svetoga po poslanju i [&hellip;]\" \/>\n<meta property=\"og:url\" content=\"https:\/\/www.adoratoriperpetui.eu\/hr\/o-zajednici\/\" \/>\n<meta property=\"og:site_name\" content=\"Adoratori perpetui della Santissima Trinit\u00e0 | Trajni klanjatelji Presvetog Trojstva\" \/>\n<meta property=\"article:modified_time\" content=\"2020-02-23T00:44:08+00:00\" \/>\n<meta name=\"twitter:card\" content=\"summary_large_image\" \/>\n<meta name=\"twitter:label1\" content=\"Procijenjeno vrijeme \u010ditanja\" \/>\n\t<meta name=\"twitter:data1\" content=\"5 minuta\" \/>\n<script type=\"application\/ld+json\" class=\"yoast-schema-graph\">{\"@context\":\"https:\\\/\\\/schema.org\",\"@graph\":[{\"@type\":\"WebPage\",\"@id\":\"https:\\\/\\\/www.adoratoriperpetui.eu\\\/hr\\\/o-zajednici\\\/\",\"url\":\"https:\\\/\\\/www.adoratoriperpetui.eu\\\/hr\\\/o-zajednici\\\/\",\"name\":\"O Zajednici - Adoratori perpetui della Santissima Trinit\u00e0 | Trajni klanjatelji Presvetog Trojstva\",\"isPartOf\":{\"@id\":\"https:\\\/\\\/www.adoratoriperpetui.eu\\\/#website\"},\"datePublished\":\"2020-02-14T12:42:39+00:00\",\"dateModified\":\"2020-02-23T00:44:08+00:00\",\"breadcrumb\":{\"@id\":\"https:\\\/\\\/www.adoratoriperpetui.eu\\\/hr\\\/o-zajednici\\\/#breadcrumb\"},\"inLanguage\":\"hr\",\"potentialAction\":[{\"@type\":\"ReadAction\",\"target\":[\"https:\\\/\\\/www.adoratoriperpetui.eu\\\/hr\\\/o-zajednici\\\/\"]}]},{\"@type\":\"BreadcrumbList\",\"@id\":\"https:\\\/\\\/www.adoratoriperpetui.eu\\\/hr\\\/o-zajednici\\\/#breadcrumb\",\"itemListElement\":[{\"@type\":\"ListItem\",\"position\":1,\"name\":\"Home\",\"item\":\"https:\\\/\\\/www.adoratoriperpetui.eu\\\/hr\\\/pocetna\\\/\"},{\"@type\":\"ListItem\",\"position\":2,\"name\":\"O Zajednici\"}]},{\"@type\":\"WebSite\",\"@id\":\"https:\\\/\\\/www.adoratoriperpetui.eu\\\/#website\",\"url\":\"https:\\\/\\\/www.adoratoriperpetui.eu\\\/\",\"name\":\"Adoratori perpetui della Santissima Trinit\u00e0 | Trajni klanjatelji Presvetog Trojstva\",\"description\":\"\",\"publisher\":{\"@id\":\"https:\\\/\\\/www.adoratoriperpetui.eu\\\/#organization\"},\"potentialAction\":[{\"@type\":\"SearchAction\",\"target\":{\"@type\":\"EntryPoint\",\"urlTemplate\":\"https:\\\/\\\/www.adoratoriperpetui.eu\\\/?s={search_term_string}\"},\"query-input\":{\"@type\":\"PropertyValueSpecification\",\"valueRequired\":true,\"valueName\":\"search_term_string\"}}],\"inLanguage\":\"hr\"},{\"@type\":\"Organization\",\"@id\":\"https:\\\/\\\/www.adoratoriperpetui.eu\\\/#organization\",\"name\":\"Adoratori perpetui della Santissima Trinit\u00e0\",\"url\":\"https:\\\/\\\/www.adoratoriperpetui.eu\\\/\",\"logo\":{\"@type\":\"ImageObject\",\"inLanguage\":\"hr\",\"@id\":\"https:\\\/\\\/www.adoratoriperpetui.eu\\\/#\\\/schema\\\/logo\\\/image\\\/\",\"url\":\"https:\\\/\\\/www.adoratoriperpetui.eu\\\/wp-content\\\/uploads\\\/2020\\\/06\\\/LOGO-2.png\",\"contentUrl\":\"https:\\\/\\\/www.adoratoriperpetui.eu\\\/wp-content\\\/uploads\\\/2020\\\/06\\\/LOGO-2.png\",\"width\":404,\"height\":406,\"caption\":\"Adoratori perpetui della Santissima Trinit\u00e0\"},\"image\":{\"@id\":\"https:\\\/\\\/www.adoratoriperpetui.eu\\\/#\\\/schema\\\/logo\\\/image\\\/\"}}]}<\/script>\n<!-- \/ Yoast SEO plugin. -->","yoast_head_json":{"title":"O Zajednici - Adoratori perpetui della Santissima Trinit\u00e0 | Trajni klanjatelji Presvetog Trojstva","robots":{"index":"index","follow":"follow","max-snippet":"max-snippet:-1","max-image-preview":"max-image-preview:large","max-video-preview":"max-video-preview:-1"},"canonical":"https:\/\/www.adoratoriperpetui.eu\/hr\/o-zajednici\/","og_locale":"hr_HR","og_type":"article","og_title":"O Zajednici - Adoratori perpetui della Santissima Trinit\u00e0 | Trajni klanjatelji Presvetog Trojstva","og_description":"Biblijsko \u2013 molitvena Zajednica \u201eBog je ljubav\u201c Zajednica prati liturgijsko vrijeme Crkve i kao temelj svoga duhovnog hoda uzima euharistijska \u010ditanja nadolaze\u0107e nedjelje. Tijek tjednih susreta u svim lokalnim zajednicama je isti i on na bitan na\u010din ozna\u010dava specifi\u010dnost i karizmu Zajednice na temelju pet koraka. Zajednica nastoji\u00a0 slijediti nadahnu\u0107a Duha Svetoga po poslanju i [&hellip;]","og_url":"https:\/\/www.adoratoriperpetui.eu\/hr\/o-zajednici\/","og_site_name":"Adoratori perpetui della Santissima Trinit\u00e0 | Trajni klanjatelji Presvetog Trojstva","article_modified_time":"2020-02-23T00:44:08+00:00","twitter_card":"summary_large_image","twitter_misc":{"Procijenjeno vrijeme \u010ditanja":"5 minuta"},"schema":{"@context":"https:\/\/schema.org","@graph":[{"@type":"WebPage","@id":"https:\/\/www.adoratoriperpetui.eu\/hr\/o-zajednici\/","url":"https:\/\/www.adoratoriperpetui.eu\/hr\/o-zajednici\/","name":"O Zajednici - Adoratori perpetui della Santissima Trinit\u00e0 | Trajni klanjatelji Presvetog Trojstva","isPartOf":{"@id":"https:\/\/www.adoratoriperpetui.eu\/#website"},"datePublished":"2020-02-14T12:42:39+00:00","dateModified":"2020-02-23T00:44:08+00:00","breadcrumb":{"@id":"https:\/\/www.adoratoriperpetui.eu\/hr\/o-zajednici\/#breadcrumb"},"inLanguage":"hr","potentialAction":[{"@type":"ReadAction","target":["https:\/\/www.adoratoriperpetui.eu\/hr\/o-zajednici\/"]}]},{"@type":"BreadcrumbList","@id":"https:\/\/www.adoratoriperpetui.eu\/hr\/o-zajednici\/#breadcrumb","itemListElement":[{"@type":"ListItem","position":1,"name":"Home","item":"https:\/\/www.adoratoriperpetui.eu\/hr\/pocetna\/"},{"@type":"ListItem","position":2,"name":"O Zajednici"}]},{"@type":"WebSite","@id":"https:\/\/www.adoratoriperpetui.eu\/#website","url":"https:\/\/www.adoratoriperpetui.eu\/","name":"Adoratori perpetui della Santissima Trinit\u00e0 | Trajni klanjatelji Presvetog Trojstva","description":"","publisher":{"@id":"https:\/\/www.adoratoriperpetui.eu\/#organization"},"potentialAction":[{"@type":"SearchAction","target":{"@type":"EntryPoint","urlTemplate":"https:\/\/www.adoratoriperpetui.eu\/?s={search_term_string}"},"query-input":{"@type":"PropertyValueSpecification","valueRequired":true,"valueName":"search_term_string"}}],"inLanguage":"hr"},{"@type":"Organization","@id":"https:\/\/www.adoratoriperpetui.eu\/#organization","name":"Adoratori perpetui della Santissima Trinit\u00e0","url":"https:\/\/www.adoratoriperpetui.eu\/","logo":{"@type":"ImageObject","inLanguage":"hr","@id":"https:\/\/www.adoratoriperpetui.eu\/#\/schema\/logo\/image\/","url":"https:\/\/www.adoratoriperpetui.eu\/wp-content\/uploads\/2020\/06\/LOGO-2.png","contentUrl":"https:\/\/www.adoratoriperpetui.eu\/wp-content\/uploads\/2020\/06\/LOGO-2.png","width":404,"height":406,"caption":"Adoratori perpetui della Santissima Trinit\u00e0"},"image":{"@id":"https:\/\/www.adoratoriperpetui.eu\/#\/schema\/logo\/image\/"}}]}},"_links":{"self":[{"href":"https:\/\/www.adoratoriperpetui.eu\/hr\/wp-json\/wp\/v2\/pages\/6797","targetHints":{"allow":["GET"]}}],"collection":[{"href":"https:\/\/www.adoratoriperpetui.eu\/hr\/wp-json\/wp\/v2\/pages"}],"about":[{"href":"https:\/\/www.adoratoriperpetui.eu\/hr\/wp-json\/wp\/v2\/types\/page"}],"author":[{"embeddable":true,"href":"https:\/\/www.adoratoriperpetui.eu\/hr\/wp-json\/wp\/v2\/users\/13"}],"replies":[{"embeddable":true,"href":"https:\/\/www.adoratoriperpetui.eu\/hr\/wp-json\/wp\/v2\/comments?post=6797"}],"version-history":[{"count":0,"href":"https:\/\/www.adoratoriperpetui.eu\/hr\/wp-json\/wp\/v2\/pages\/6797\/revisions"}],"wp:attachment":[{"href":"https:\/\/www.adoratoriperpetui.eu\/hr\/wp-json\/wp\/v2\/media?parent=6797"}],"curies":[{"name":"wp","href":"https:\/\/api.w.org\/{rel}","templated":true}]}}