{"id":6823,"date":"2020-02-15T00:47:16","date_gmt":"2020-02-14T23:47:16","guid":{"rendered":"https:\/\/www.adoratoriperpetui.eu\/?page_id=6823"},"modified":"2020-02-23T01:47:52","modified_gmt":"2020-02-23T00:47:52","slug":"lokacije-i-kontakti","status":"publish","type":"page","link":"https:\/\/www.adoratoriperpetui.eu\/hr\/lokacije-i-kontakti\/","title":{"rendered":"Lokacije i kontakti"},"content":{"rendered":"<h3 style=\"text-align: center;\"><strong>Biblijsko \u2013 molitvene Zajednice Bog je ljubav<\/strong><\/h3>\n<p>Svi koju su zainteresirani za ulazak u Zajednicu\u00a0 mogu se slobodno obratiti na\u0161im koordinatorima Zajednica. Bra\u0107a i sestre koji \u017eele formirati nove Zajednice u \u017eupama ili samostanima u svojem mjestu neka se slobodno jave na na\u0161 e-mail: adoratoriperpetusst<em>@<\/em>gmail.com<\/p>\n<p>&nbsp;<\/p>\n<h4 style=\"text-align: center;\"><strong>Popis Zajednica Bog je ljubav <\/strong><\/h4>\n<table width=\"737\">\n<tbody>\n<tr>\n<td width=\"140\"><strong>GRAD\/DR\u017dAVA<\/strong><\/td>\n<td width=\"205\"><strong>MJESTO SUSRETA<\/strong><\/td>\n<td width=\"186\"><strong>DAN I VRIJEME SUSRETA <\/strong><\/td>\n<td width=\"207\"><strong>KONTAKT KOORDINATORA<\/strong><\/td>\n<\/tr>\n<tr>\n<td width=\"140\">Zagreb \/ Hrvatska<\/td>\n<td width=\"205\">Crkva sv. Franje, Kaptol 9<\/td>\n<td width=\"186\">Petak u 19:30<\/td>\n<td width=\"207\">Bartol +385 99 426 5250<\/p>\n<p>Goran +385 98 990 0485<\/td>\n<\/tr>\n<tr>\n<td width=\"140\">Vara\u017edin\/Hrvatska<\/td>\n<td width=\"205\">\u017dupa sv. Nikole<\/td>\n<td width=\"186\">Utorak, nakon ve\u010dernje mise koja je u 19h<\/td>\n<td width=\"207\">Ivanka +385 91 515 2934<br \/>\nNatalija +385 99 764 2420<\/td>\n<\/tr>\n<tr>\n<td width=\"140\">Ilok \/ Hrvatska<\/td>\n<td width=\"205\">Ku\u0107a \u201eKana Galilejska\u201c<\/td>\n<td width=\"186\">Srijeda 19:30<\/td>\n<td width=\"207\">Milina +385 99 593 3003<\/p>\n<p>Kata +385 97 671 9153<\/td>\n<\/tr>\n<tr>\n<td width=\"140\">Novi Sad \/ Srbija<\/td>\n<td width=\"205\">Katedrala Imena Marijina<\/td>\n<td width=\"186\">Srijeda,\u00a0 nakon mise koja je zimi u 17h, ljeti u18h<\/td>\n<td width=\"207\">Sun\u010dica +381 64 244 7347<\/p>\n<p>Dragan +381 64 334 0184<\/td>\n<\/tr>\n<tr>\n<td width=\"140\">Pore\u010d \/ Hrvatska<\/td>\n<td width=\"205\">\u017dupa Uznesenja BDM<\/td>\n<td width=\"186\">Ponedjeljak<\/td>\n<td width=\"207\">Nata\u0161a +385 98 512 603<\/p>\n<p>Flora +385 95 534 9492<\/td>\n<\/tr>\n<tr>\n<td width=\"140\">Umag \/ Hrvatska<\/td>\n<td width=\"205\">\u017dupa sv. Peregrina<\/td>\n<td width=\"186\">\u010cetvrtak, nakon mise koja je zimi u 18h, ljeti u 19h<\/td>\n<td width=\"207\">Mirjana +385 91 206 3064<\/p>\n<p>Spomenka +385 98 637 388<\/p>\n<p>&nbsp;<\/td>\n<\/tr>\n<tr>\n<td width=\"140\">Pula \/ Hrvatska<\/td>\n<td width=\"205\">Samostan sv. Franje<\/td>\n<td width=\"186\">Srijeda, nakon mise koja je zimi u 18h, ljeti u 19h<\/td>\n<td width=\"207\">Dino +385 98 294 961<\/p>\n<p>Ana +385 91 720 67 10<\/td>\n<\/tr>\n<tr>\n<td width=\"140\">Rijeka \/ Hrvatska<\/td>\n<td width=\"205\">\u017dupa sv. Franje Asi\u0161kog, franjevci tre\u0107oredci<\/td>\n<td width=\"186\">Utorak u 19h<\/td>\n<td width=\"207\">Mirjana +385 98 900 2586<\/p>\n<p>Gordan +385 98 368 410<\/td>\n<\/tr>\n<tr>\n<td width=\"140\">Vinkovci\/Hrvatska<\/td>\n<td width=\"205\">\u017dupa sv. Vinka Palotija<\/td>\n<td width=\"186\">Nakon ve\u010dernje mise u 19h<\/td>\n<td width=\"207\">Ivica +385 98 998 056<\/td>\n<\/tr>\n<tr>\n<td width=\"140\">Trst \/ Italija<\/td>\n<td width=\"205\">\u017dupa sv. Marka<\/td>\n<td width=\"186\">Susret na slovenskom jeziku &#8211; utorkom u 19:30<\/td>\n<td width=\"207\">Jolanda +386 51 319 211<\/p>\n<p>Ivan +386 31 653 701<\/td>\n<\/tr>\n<tr>\n<td width=\"140\">Trst \/ Italija<\/td>\n<td width=\"205\">\u017dupa sv. Marka<\/td>\n<td width=\"186\">Susret na talijanskom jeziku &#8211; \u010detvrtkom u 19:30<\/td>\n<td width=\"207\">Valentina +393 335743505<\/td>\n<\/tr>\n<tr>\n<td width=\"140\">Munchen\/Njema\u010dka<\/td>\n<td width=\"205\"><\/td>\n<td width=\"186\"><\/td>\n<td width=\"207\"><\/td>\n<\/tr>\n<\/tbody>\n<\/table>\n<p><strong>\u00a0<\/strong><\/p>\n<p><strong>Radujemo se novim \u010dlanovima i Zajednicama! <\/strong><\/p>\n<p><em>\u00a0<\/em><\/p>\n","protected":false},"excerpt":{"rendered":"<p>Biblijsko \u2013 molitvene Zajednice Bog je ljubav Svi koju su zainteresirani za ulazak u Zajednicu\u00a0 mogu se slobodno obratiti na\u0161im koordinatorima Zajednica. Bra\u0107a i sestre koji \u017eele formirati nove Zajednice u \u017eupama ili samostanima u svojem mjestu neka se slobodno jave na na\u0161 e-mail: adoratoriperpetusst@gmail.com &nbsp; Popis Zajednica Bog je ljubav GRAD\/DR\u017dAVA MJESTO SUSRETA DAN [&hellip;]<\/p>\n","protected":false},"author":13,"featured_media":0,"parent":0,"menu_order":0,"comment_status":"closed","ping_status":"closed","template":"","meta":{"footnotes":""},"class_list":["post-6823","page","type-page","status-publish","hentry"],"yoast_head":"<!-- This site is optimized with the Yoast SEO plugin v27.5 - https:\/\/yoast.com\/product\/yoast-seo-wordpress\/ -->\n<title>Lokacije i kontakti - Adoratori perpetui della Santissima Trinit\u00e0 | Trajni klanjatelji Presvetog Trojstva<\/title>\n<meta name=\"robots\" content=\"index, follow, max-snippet:-1, max-image-preview:large, max-video-preview:-1\" \/>\n<link rel=\"canonical\" href=\"https:\/\/www.adoratoriperpetui.eu\/hr\/lokacije-i-kontakti\/\" \/>\n<meta property=\"og:locale\" content=\"hr_HR\" \/>\n<meta property=\"og:type\" content=\"article\" \/>\n<meta property=\"og:title\" content=\"Lokacije i kontakti - Adoratori perpetui della Santissima Trinit\u00e0 | Trajni klanjatelji Presvetog Trojstva\" \/>\n<meta property=\"og:description\" content=\"Biblijsko \u2013 molitvene Zajednice Bog je ljubav Svi koju su zainteresirani za ulazak u Zajednicu\u00a0 mogu se slobodno obratiti na\u0161im koordinatorima Zajednica. Bra\u0107a i sestre koji \u017eele formirati nove Zajednice u \u017eupama ili samostanima u svojem mjestu neka se slobodno jave na na\u0161 e-mail: adoratoriperpetusst@gmail.com &nbsp; Popis Zajednica Bog je ljubav GRAD\/DR\u017dAVA MJESTO SUSRETA DAN [&hellip;]\" \/>\n<meta property=\"og:url\" content=\"https:\/\/www.adoratoriperpetui.eu\/hr\/lokacije-i-kontakti\/\" \/>\n<meta property=\"og:site_name\" content=\"Adoratori perpetui della Santissima Trinit\u00e0 | Trajni klanjatelji Presvetog Trojstva\" \/>\n<meta property=\"article:modified_time\" content=\"2020-02-23T00:47:52+00:00\" \/>\n<meta name=\"twitter:card\" content=\"summary_large_image\" \/>\n<meta name=\"twitter:label1\" content=\"Procijenjeno vrijeme \u010ditanja\" \/>\n\t<meta name=\"twitter:data1\" content=\"1 minuta\" \/>\n<script type=\"application\/ld+json\" class=\"yoast-schema-graph\">{\"@context\":\"https:\\\/\\\/schema.org\",\"@graph\":[{\"@type\":\"WebPage\",\"@id\":\"https:\\\/\\\/www.adoratoriperpetui.eu\\\/hr\\\/lokacije-i-kontakti\\\/\",\"url\":\"https:\\\/\\\/www.adoratoriperpetui.eu\\\/hr\\\/lokacije-i-kontakti\\\/\",\"name\":\"Lokacije i kontakti - Adoratori perpetui della Santissima Trinit\u00e0 | Trajni klanjatelji Presvetog Trojstva\",\"isPartOf\":{\"@id\":\"https:\\\/\\\/www.adoratoriperpetui.eu\\\/#website\"},\"datePublished\":\"2020-02-14T23:47:16+00:00\",\"dateModified\":\"2020-02-23T00:47:52+00:00\",\"breadcrumb\":{\"@id\":\"https:\\\/\\\/www.adoratoriperpetui.eu\\\/hr\\\/lokacije-i-kontakti\\\/#breadcrumb\"},\"inLanguage\":\"hr\",\"potentialAction\":[{\"@type\":\"ReadAction\",\"target\":[\"https:\\\/\\\/www.adoratoriperpetui.eu\\\/hr\\\/lokacije-i-kontakti\\\/\"]}]},{\"@type\":\"BreadcrumbList\",\"@id\":\"https:\\\/\\\/www.adoratoriperpetui.eu\\\/hr\\\/lokacije-i-kontakti\\\/#breadcrumb\",\"itemListElement\":[{\"@type\":\"ListItem\",\"position\":1,\"name\":\"Home\",\"item\":\"https:\\\/\\\/www.adoratoriperpetui.eu\\\/hr\\\/pocetna\\\/\"},{\"@type\":\"ListItem\",\"position\":2,\"name\":\"Lokacije i kontakti\"}]},{\"@type\":\"WebSite\",\"@id\":\"https:\\\/\\\/www.adoratoriperpetui.eu\\\/#website\",\"url\":\"https:\\\/\\\/www.adoratoriperpetui.eu\\\/\",\"name\":\"Adoratori perpetui della Santissima Trinit\u00e0 | Trajni klanjatelji Presvetog Trojstva\",\"description\":\"\",\"publisher\":{\"@id\":\"https:\\\/\\\/www.adoratoriperpetui.eu\\\/#organization\"},\"potentialAction\":[{\"@type\":\"SearchAction\",\"target\":{\"@type\":\"EntryPoint\",\"urlTemplate\":\"https:\\\/\\\/www.adoratoriperpetui.eu\\\/?s={search_term_string}\"},\"query-input\":{\"@type\":\"PropertyValueSpecification\",\"valueRequired\":true,\"valueName\":\"search_term_string\"}}],\"inLanguage\":\"hr\"},{\"@type\":\"Organization\",\"@id\":\"https:\\\/\\\/www.adoratoriperpetui.eu\\\/#organization\",\"name\":\"Adoratori perpetui della Santissima Trinit\u00e0\",\"url\":\"https:\\\/\\\/www.adoratoriperpetui.eu\\\/\",\"logo\":{\"@type\":\"ImageObject\",\"inLanguage\":\"hr\",\"@id\":\"https:\\\/\\\/www.adoratoriperpetui.eu\\\/#\\\/schema\\\/logo\\\/image\\\/\",\"url\":\"https:\\\/\\\/www.adoratoriperpetui.eu\\\/wp-content\\\/uploads\\\/2020\\\/06\\\/LOGO-2.png\",\"contentUrl\":\"https:\\\/\\\/www.adoratoriperpetui.eu\\\/wp-content\\\/uploads\\\/2020\\\/06\\\/LOGO-2.png\",\"width\":404,\"height\":406,\"caption\":\"Adoratori perpetui della Santissima Trinit\u00e0\"},\"image\":{\"@id\":\"https:\\\/\\\/www.adoratoriperpetui.eu\\\/#\\\/schema\\\/logo\\\/image\\\/\"}}]}<\/script>\n<!-- \/ Yoast SEO plugin. -->","yoast_head_json":{"title":"Lokacije i kontakti - Adoratori perpetui della Santissima Trinit\u00e0 | Trajni klanjatelji Presvetog Trojstva","robots":{"index":"index","follow":"follow","max-snippet":"max-snippet:-1","max-image-preview":"max-image-preview:large","max-video-preview":"max-video-preview:-1"},"canonical":"https:\/\/www.adoratoriperpetui.eu\/hr\/lokacije-i-kontakti\/","og_locale":"hr_HR","og_type":"article","og_title":"Lokacije i kontakti - Adoratori perpetui della Santissima Trinit\u00e0 | Trajni klanjatelji Presvetog Trojstva","og_description":"Biblijsko \u2013 molitvene Zajednice Bog je ljubav Svi koju su zainteresirani za ulazak u Zajednicu\u00a0 mogu se slobodno obratiti na\u0161im koordinatorima Zajednica. Bra\u0107a i sestre koji \u017eele formirati nove Zajednice u \u017eupama ili samostanima u svojem mjestu neka se slobodno jave na na\u0161 e-mail: adoratoriperpetusst@gmail.com &nbsp; Popis Zajednica Bog je ljubav GRAD\/DR\u017dAVA MJESTO SUSRETA DAN [&hellip;]","og_url":"https:\/\/www.adoratoriperpetui.eu\/hr\/lokacije-i-kontakti\/","og_site_name":"Adoratori perpetui della Santissima Trinit\u00e0 | Trajni klanjatelji Presvetog Trojstva","article_modified_time":"2020-02-23T00:47:52+00:00","twitter_card":"summary_large_image","twitter_misc":{"Procijenjeno vrijeme \u010ditanja":"1 minuta"},"schema":{"@context":"https:\/\/schema.org","@graph":[{"@type":"WebPage","@id":"https:\/\/www.adoratoriperpetui.eu\/hr\/lokacije-i-kontakti\/","url":"https:\/\/www.adoratoriperpetui.eu\/hr\/lokacije-i-kontakti\/","name":"Lokacije i kontakti - Adoratori perpetui della Santissima Trinit\u00e0 | Trajni klanjatelji Presvetog Trojstva","isPartOf":{"@id":"https:\/\/www.adoratoriperpetui.eu\/#website"},"datePublished":"2020-02-14T23:47:16+00:00","dateModified":"2020-02-23T00:47:52+00:00","breadcrumb":{"@id":"https:\/\/www.adoratoriperpetui.eu\/hr\/lokacije-i-kontakti\/#breadcrumb"},"inLanguage":"hr","potentialAction":[{"@type":"ReadAction","target":["https:\/\/www.adoratoriperpetui.eu\/hr\/lokacije-i-kontakti\/"]}]},{"@type":"BreadcrumbList","@id":"https:\/\/www.adoratoriperpetui.eu\/hr\/lokacije-i-kontakti\/#breadcrumb","itemListElement":[{"@type":"ListItem","position":1,"name":"Home","item":"https:\/\/www.adoratoriperpetui.eu\/hr\/pocetna\/"},{"@type":"ListItem","position":2,"name":"Lokacije i kontakti"}]},{"@type":"WebSite","@id":"https:\/\/www.adoratoriperpetui.eu\/#website","url":"https:\/\/www.adoratoriperpetui.eu\/","name":"Adoratori perpetui della Santissima Trinit\u00e0 | Trajni klanjatelji Presvetog Trojstva","description":"","publisher":{"@id":"https:\/\/www.adoratoriperpetui.eu\/#organization"},"potentialAction":[{"@type":"SearchAction","target":{"@type":"EntryPoint","urlTemplate":"https:\/\/www.adoratoriperpetui.eu\/?s={search_term_string}"},"query-input":{"@type":"PropertyValueSpecification","valueRequired":true,"valueName":"search_term_string"}}],"inLanguage":"hr"},{"@type":"Organization","@id":"https:\/\/www.adoratoriperpetui.eu\/#organization","name":"Adoratori perpetui della Santissima Trinit\u00e0","url":"https:\/\/www.adoratoriperpetui.eu\/","logo":{"@type":"ImageObject","inLanguage":"hr","@id":"https:\/\/www.adoratoriperpetui.eu\/#\/schema\/logo\/image\/","url":"https:\/\/www.adoratoriperpetui.eu\/wp-content\/uploads\/2020\/06\/LOGO-2.png","contentUrl":"https:\/\/www.adoratoriperpetui.eu\/wp-content\/uploads\/2020\/06\/LOGO-2.png","width":404,"height":406,"caption":"Adoratori perpetui della Santissima Trinit\u00e0"},"image":{"@id":"https:\/\/www.adoratoriperpetui.eu\/#\/schema\/logo\/image\/"}}]}},"_links":{"self":[{"href":"https:\/\/www.adoratoriperpetui.eu\/hr\/wp-json\/wp\/v2\/pages\/6823","targetHints":{"allow":["GET"]}}],"collection":[{"href":"https:\/\/www.adoratoriperpetui.eu\/hr\/wp-json\/wp\/v2\/pages"}],"about":[{"href":"https:\/\/www.adoratoriperpetui.eu\/hr\/wp-json\/wp\/v2\/types\/page"}],"author":[{"embeddable":true,"href":"https:\/\/www.adoratoriperpetui.eu\/hr\/wp-json\/wp\/v2\/users\/13"}],"replies":[{"embeddable":true,"href":"https:\/\/www.adoratoriperpetui.eu\/hr\/wp-json\/wp\/v2\/comments?post=6823"}],"version-history":[{"count":0,"href":"https:\/\/www.adoratoriperpetui.eu\/hr\/wp-json\/wp\/v2\/pages\/6823\/revisions"}],"wp:attachment":[{"href":"https:\/\/www.adoratoriperpetui.eu\/hr\/wp-json\/wp\/v2\/media?parent=6823"}],"curies":[{"name":"wp","href":"https:\/\/api.w.org\/{rel}","templated":true}]}}