{"id":6833,"date":"2020-02-15T00:54:23","date_gmt":"2020-02-14T23:54:23","guid":{"rendered":"https:\/\/www.adoratoriperpetui.eu\/?page_id=6833"},"modified":"2020-03-20T17:51:58","modified_gmt":"2020-03-20T16:51:58","slug":"kateheze","status":"publish","type":"page","link":"https:\/\/www.adoratoriperpetui.eu\/hr\/kateheze\/","title":{"rendered":"Kateheze"},"content":{"rendered":"\n<style type=\"text\/css\" data-created_by=\"avia_inline_auto\" id=\"style-css-av-av_heading-89cca31393d284971d34f0720976db60\">\n#top .av-special-heading.av-av_heading-89cca31393d284971d34f0720976db60{\npadding-bottom:10px;\n}\nbody .av-special-heading.av-av_heading-89cca31393d284971d34f0720976db60 .av-special-heading-tag .heading-char{\nfont-size:25px;\n}\n.av-special-heading.av-av_heading-89cca31393d284971d34f0720976db60 .av-subheading{\nfont-size:15px;\n}\n<\/style>\n<div  class='av-special-heading av-av_heading-89cca31393d284971d34f0720976db60 av-special-heading-h2 blockquote modern-quote modern-centered  avia-builder-el-0  el_before_av_hr  avia-builder-el-first  av-linked-heading'><h2 class='av-special-heading-tag '  itemprop=\"headline\"  >RAZMATRANJA I KATEHEZE p. ROZE PALI\u0106A<\/h2><div class=\"special-heading-border\"><div class=\"special-heading-inner-border\"><\/div><\/div><\/div>\n<div  class='hr av-4wcydd-62d7aa9ee80cede01b5d3385850929fe hr-default  avia-builder-el-1  el_after_av_heading  el_before_av_one_half '><span class='hr-inner '><span class=\"hr-inner-style\"><\/span><\/span><\/div>\n\n<style type=\"text\/css\" data-created_by=\"avia_inline_auto\" id=\"style-css-av-284nv5-87764bc3b2c884637ad2aa0e2832d3e4\">\n.flex_column.av-284nv5-87764bc3b2c884637ad2aa0e2832d3e4{\nborder-radius:0px 0px 0px 0px;\npadding:0px 0px 0px 0px;\n}\n<\/style>\n<div  class='flex_column av-284nv5-87764bc3b2c884637ad2aa0e2832d3e4 av_one_half  avia-builder-el-2  el_after_av_hr  el_before_av_one_half  first flex_column_div av-zero-column-padding  '     ><section  class='av_textblock_section av-k80f2jdw-bf2cbff0ed76c0f11ff5c793c6d37aa7 '   itemscope=\"itemscope\" itemtype=\"https:\/\/schema.org\/CreativeWork\" ><div class='avia_textblock'  itemprop=\"text\" ><p><center><a href=\"https:\/\/www.fraternitadellamoretrinitario.eu\/hr\/niti-sagrijesi-on-niti-njegovi-roditelji-usp-iv-9-1-41\/\/\" target=\"_blank\" rel=\"noopener noreferrer\"><img loading=\"lazy\" decoding=\"async\" class=\"aligncenter wp-image-549 size-medium\" src=\"https:\/\/www.fraternitadellamoretrinitario.eu\/wp-content\/uploads\/2020\/03\/Cieco_Nato.jpg\" alt=\"\" width=\"300\" height=\"192\" \/><\/a><center><\/center><\/center><\/p>\n<h4 style=\"text-align: center;\"><a href=\"https:\/\/www.fraternitadellamoretrinitario.eu\/hr\/niti-sagrijesi-on-niti-njegovi-roditelji-usp-iv-9-1-41\/\" target=\"_blank\" rel=\"noopener noreferrer\">Niti sagrije\u0161i on niti<\/a><\/h4>\n<h4 style=\"text-align: center;\"><a href=\"https:\/\/www.fraternitadellamoretrinitario.eu\/hr\/niti-sagrijesi-on-niti-njegovi-roditelji-usp-iv-9-1-41\/\" target=\"_blank\" rel=\"noopener noreferrer\">njegovi roditelji (usp. Iv 9,1-41)<\/a><\/h4>\n<\/div><\/section><\/div>\n<style type=\"text\/css\" data-created_by=\"avia_inline_auto\" id=\"style-css-av-hb04oh-6c69dfd80c665b75ca0762c2d4322b85\">\n.flex_column.av-hb04oh-6c69dfd80c665b75ca0762c2d4322b85{\nborder-radius:0px 0px 0px 0px;\npadding:0px 0px 0px 0px;\n}\n<\/style>\n<div  class='flex_column av-hb04oh-6c69dfd80c665b75ca0762c2d4322b85 av_one_half  avia-builder-el-4  el_after_av_one_half  el_before_av_one_half  flex_column_div av-zero-column-padding  '     ><section  class='av_textblock_section av-k6shqmjf-a0637baf21e9df8bef3da51d8191433c '   itemscope=\"itemscope\" itemtype=\"https:\/\/schema.org\/CreativeWork\" ><div class='avia_textblock'  itemprop=\"text\" ><p><center><a href=\"https:\/\/www.fraternitadellamoretrinitario.eu\/hr\/koliko-god-netko-obilovao-zivot-mu-nije-u-onom-sto-posjeduje\/\" target=\"_blank\" rel=\"noopener noreferrer\"><img loading=\"lazy\" decoding=\"async\" class=\"aligncenter wp-image-549 size-medium\" src=\"https:\/\/www.fraternitadellamoretrinitario.eu\/wp-content\/uploads\/2019\/08\/The-Rich-Fool.jpg\" alt=\"\" width=\"300\" height=\"192\" \/><\/a><center><\/center><\/center><\/p>\n<h4 style=\"text-align: center;\"><a href=\"https:\/\/www.fraternitadellamoretrinitario.eu\/hr\/koliko-god-netko-obilovao-zivot-mu-nije-u-onom-sto-posjeduje\/\" target=\"_blank\" rel=\"noopener noreferrer\">Koliko god netko obilovao, <\/a><\/h4>\n<h4 style=\"text-align: center;\"><a href=\"https:\/\/www.fraternitadellamoretrinitario.eu\/hr\/koliko-god-netko-obilovao-zivot-mu-nije-u-onom-sto-posjeduje\/\" target=\"_blank\" rel=\"noopener noreferrer\">\u017eivot mu nije u onom \u0161to posjeduje<\/a><\/h4>\n<\/div><\/section><\/div><\/p>\n\n<style type=\"text\/css\" data-created_by=\"avia_inline_auto\" id=\"style-css-av-f8m0n5-7b00d471872846128b5a826feb2f49a0\">\n.flex_column.av-f8m0n5-7b00d471872846128b5a826feb2f49a0{\nborder-radius:0px 0px 0px 0px;\npadding:0px 0px 0px 0px;\n}\n<\/style>\n<div  class='flex_column av-f8m0n5-7b00d471872846128b5a826feb2f49a0 av_one_half  avia-builder-el-6  el_after_av_one_half  el_before_av_one_half  first flex_column_div av-zero-column-padding  column-top-margin'     ><section  class='av_textblock_section av-k6shv3hy-98723517a990eeaff46c90199be1a0ce '   itemscope=\"itemscope\" itemtype=\"https:\/\/schema.org\/CreativeWork\" ><div class='avia_textblock'  itemprop=\"text\" ><p><center><a href=\"https:\/\/www.fraternitadellamoretrinitario.eu\/hr\/vidje-ga-sazali-se-pa-mu-pristupi-i-povije-rane-str\/\"><img loading=\"lazy\" decoding=\"async\" class=\"aligncenter wp-image-549 size-medium\" src=\"https:\/\/www.fraternitadellamoretrinitario.eu\/wp-content\/uploads\/2019\/07\/the-good-samaritan-82691-wallpaper.jpg\" alt=\"\" width=\"300\" height=\"192\" \/><\/a><center><\/center><\/center><\/p>\n<h4 style=\"text-align: center;\"><a href=\"https:\/\/www.fraternitadellamoretrinitario.eu\/hr\/vidje-ga-sazali-se-pa-mu-pristupi-i-povije-rane-str\/\" target=\"_blank\" rel=\"noopener noreferrer\">Vidje ga, sa\u017eali se pa mu <\/a><\/h4>\n<h4 style=\"text-align: center;\"><a href=\"https:\/\/www.fraternitadellamoretrinitario.eu\/hr\/vidje-ga-sazali-se-pa-mu-pristupi-i-povije-rane-str\/\" target=\"_blank\" rel=\"noopener noreferrer\">pristupi i povije rane<\/a><\/h4>\n<\/div><\/section><\/div>\n\n<style type=\"text\/css\" data-created_by=\"avia_inline_auto\" id=\"style-css-av-ed6rc1-89543b905ca1331a0ca6350ed4ef670f\">\n.flex_column.av-ed6rc1-89543b905ca1331a0ca6350ed4ef670f{\nborder-radius:0px 0px 0px 0px;\npadding:0px 0px 0px 0px;\n}\n<\/style>\n<div  class='flex_column av-ed6rc1-89543b905ca1331a0ca6350ed4ef670f av_one_half  avia-builder-el-8  el_after_av_one_half  el_before_av_one_half  flex_column_div av-zero-column-padding  column-top-margin'     ><section  class='av_textblock_section av-k6shws48-f93503c2ded4ad06c841bc88bea162a3 '   itemscope=\"itemscope\" itemtype=\"https:\/\/schema.org\/CreativeWork\" ><div class='avia_textblock'  itemprop=\"text\" ><p><center><a href=\"https:\/\/www.fraternitadellamoretrinitario.eu\/hr\/isus-ude-u-ladu-podose-za-njim-njegovi-ucenici-mt-8-23-27\/\"><img loading=\"lazy\" decoding=\"async\" class=\"aligncenter wp-image-549 size-medium\" src=\"https:\/\/www.fraternitadellamoretrinitario.eu\/wp-content\/uploads\/2019\/07\/dfsith.jpg\" alt=\"\" width=\"300\" height=\"192\" \/><\/a><center><\/center><\/center><\/p>\n<h4 style=\"text-align: center;\"><a href=\"https:\/\/www.fraternitadellamoretrinitario.eu\/hr\/isus-ude-u-ladu-podose-za-njim-njegovi-ucenici-mt-8-23-27\/\" target=\"_blank\" rel=\"noopener noreferrer\">Isus u\u0111e u la\u0111u, po\u0111o\u0161e <\/a><a href=\"https:\/\/www.fraternitadellamoretrinitario.eu\/hr\/isus-ude-u-ladu-podose-za-njim-njegovi-ucenici-mt-8-23-27\/\" target=\"_blank\" rel=\"noopener noreferrer\">za njim njegovi u\u010denici<\/a><\/h4>\n<\/div><\/section><\/div>\n\n<style type=\"text\/css\" data-created_by=\"avia_inline_auto\" id=\"style-css-av-cex6ip-c4d254415bf898b8636eae7a88b8754c\">\n.flex_column.av-cex6ip-c4d254415bf898b8636eae7a88b8754c{\nborder-radius:0px 0px 0px 0px;\npadding:0px 0px 0px 0px;\n}\n<\/style>\n<div  class='flex_column av-cex6ip-c4d254415bf898b8636eae7a88b8754c av_one_half  avia-builder-el-10  el_after_av_one_half  el_before_av_one_half  first flex_column_div av-zero-column-padding  column-top-margin'     ><section  class='av_textblock_section av-k6shkrgz-d77d83b142bf175319b786a579e6528f '   itemscope=\"itemscope\" itemtype=\"https:\/\/schema.org\/CreativeWork\" ><div class='avia_textblock'  itemprop=\"text\" ><p style=\"text-align: center;\"><a href=\"https:\/\/www.fraternitadellamoretrinitario.eu\/hr\/istite-i-dat-ce-vam-se-lk-11-1-13\/\" target=\"_blank\" rel=\"noopener noreferrer\"><img loading=\"lazy\" decoding=\"async\" class=\"aligncenter wp-image-549 size-medium\" src=\"https:\/\/www.fraternitadellamoretrinitario.eu\/wp-content\/uploads\/2019\/07\/Brac-za-molitvu-e1583924908523.jpg\" alt=\"\" width=\"300\" height=\"192\" \/><\/a><\/p>\n<h4 style=\"text-align: center;\"><a href=\"https:\/\/www.fraternitadellamoretrinitario.eu\/hr\/istite-i-dat-ce-vam-se-lk-11-1-13\/\" target=\"_blank\" rel=\"noopener noreferrer\">I\u0161tite i dat \u0107e vam se!<\/a><\/h4>\n<\/div><\/section><\/div>\n\n<style type=\"text\/css\" data-created_by=\"avia_inline_auto\" id=\"style-css-av-b8l9ep-47747d294fada6b14208ebc106686b23\">\n.flex_column.av-b8l9ep-47747d294fada6b14208ebc106686b23{\nborder-radius:0px 0px 0px 0px;\npadding:0px 0px 0px 0px;\n}\n<\/style>\n<div  class='flex_column av-b8l9ep-47747d294fada6b14208ebc106686b23 av_one_half  avia-builder-el-12  el_after_av_one_half  el_before_av_one_half  flex_column_div av-zero-column-padding  column-top-margin'     ><section  class='av_textblock_section av-k6shxdj9-facec6880ea597e866405a50bf8e1c46 '   itemscope=\"itemscope\" itemtype=\"https:\/\/schema.org\/CreativeWork\" ><div class='avia_textblock'  itemprop=\"text\" ><p><center><a href=\"https:\/\/fraternitadellamoretrinitario.eu\/hr\/zurno-otidi-od-svojih-zivotnih-grobova-mt-28-8-15\/\"><img loading=\"lazy\" decoding=\"async\" class=\"aligncenter wp-image-549 size-medium\" src=\"https:\/\/fraternitadellamoretrinitario.eu\/wp-content\/uploads\/2019\/05\/Not-Jesus-tomb-but-a-tomb-none-the-less.jpg\" alt=\"\" width=\"300\" height=\"192\" \/><\/a><center><\/center><\/center><\/p>\n<h4 style=\"text-align: center;\"><a href=\"https:\/\/fraternitadellamoretrinitario.eu\/hr\/zurno-otidi-od-svojih-zivotnih-grobova-mt-28-8-15\/\" target=\"_blank\" rel=\"noopener noreferrer\">\u017durno oti\u0111i od svojih \u017eivotnih grobova<\/a><\/h4>\n<\/div><\/section><\/div>\n\n<style type=\"text\/css\" data-created_by=\"avia_inline_auto\" id=\"style-css-av-8vwclt-f023d26e31b4bfbb58b55612d7fdf653\">\n.flex_column.av-8vwclt-f023d26e31b4bfbb58b55612d7fdf653{\nborder-radius:0px 0px 0px 0px;\npadding:0px 0px 0px 0px;\n}\n<\/style>\n<div  class='flex_column av-8vwclt-f023d26e31b4bfbb58b55612d7fdf653 av_one_half  avia-builder-el-14  el_after_av_one_half  el_before_av_one_half  first flex_column_div av-zero-column-padding  column-top-margin'     ><section  class='av_textblock_section av-k6shxx6s-cc91eee9a3166d4afd58a8f6e6c7bb5b '   itemscope=\"itemscope\" itemtype=\"https:\/\/schema.org\/CreativeWork\" ><div class='avia_textblock'  itemprop=\"text\" ><p><center><a href=\"https:\/\/fraternitadellamoretrinitario.eu\/hr\/prepoznaj-i-zivi-puninu-svoga-dostojanstva-i-istinskog-ostvarenje\/\"><img loading=\"lazy\" decoding=\"async\" class=\"aligncenter wp-image-558 size-medium\" src=\"https:\/\/fraternitadellamoretrinitario.eu\/wp-content\/uploads\/2019\/04\/pppas0117-300x235.jpg\" alt=\"\" width=\"300\" height=\"235\" \/><\/a><center><\/center><\/center><\/p>\n<h4 style=\"text-align: center;\"><a href=\"https:\/\/fraternitadellamoretrinitario.eu\/hr\/prepoznaj-i-zivi-puninu-svoga-dostojanstva-i-istinskog-ostvarenje\/\" target=\"_blank\" rel=\"noopener noreferrer\">Prepoznaj i \u017eivi puninu svoga <\/a><a href=\"https:\/\/fraternitadellamoretrinitario.eu\/hr\/prepoznaj-i-zivi-puninu-svoga-dostojanstva-i-istinskog-ostvarenje\/\" target=\"_blank\" rel=\"noopener noreferrer\">dostojanstva i istinskog ostvarenja<\/a><\/h4>\n<\/div><\/section><\/div>\n\n<style type=\"text\/css\" data-created_by=\"avia_inline_auto\" id=\"style-css-av-6u73mp-32d477b4ee0e85b540f98bad3d62f4fa\">\n.flex_column.av-6u73mp-32d477b4ee0e85b540f98bad3d62f4fa{\nborder-radius:0px 0px 0px 0px;\npadding:0px 0px 0px 0px;\n}\n<\/style>\n<div  class='flex_column av-6u73mp-32d477b4ee0e85b540f98bad3d62f4fa av_one_half  avia-builder-el-16  el_after_av_one_half  el_before_av_one_half  flex_column_div av-zero-column-padding  column-top-margin'     ><section  class='av_textblock_section av-k6shz1er-13ecc42de86590f3a122b113eddea024 '   itemscope=\"itemscope\" itemtype=\"https:\/\/schema.org\/CreativeWork\" ><div class='avia_textblock'  itemprop=\"text\" ><p><center><a href=\"https:\/\/fraternitadellamoretrinitario.eu\/hr\/danas-mi-je-proboraviti-u-tvojoj-kuci\/\"><img loading=\"lazy\" decoding=\"async\" class=\"aligncenter wp-image-556 size-medium\" src=\"https:\/\/fraternitadellamoretrinitario.eu\/wp-content\/uploads\/2019\/04\/fair-use-300x200.jpg\" alt=\"\" width=\"300\" height=\"200\" \/><\/a><center><\/center><\/center><\/p>\n<h4 style=\"text-align: center;\"><a href=\"https:\/\/fraternitadellamoretrinitario.eu\/hr\/danas-mi-je-proboraviti-u-tvojoj-kuci\/\" target=\"_blank\" rel=\"noopener noreferrer\">Danas mi je proboraviti u tvojoj ku\u0107i<\/a><\/h4>\n<\/div><\/section><\/div>\n\n<style type=\"text\/css\" data-created_by=\"avia_inline_auto\" id=\"style-css-av-5k92vl-5f1150de08cdaf86af77b34bacc3a0d3\">\n.flex_column.av-5k92vl-5f1150de08cdaf86af77b34bacc3a0d3{\nborder-radius:0px 0px 0px 0px;\npadding:0px 0px 0px 0px;\n}\n<\/style>\n<div  class='flex_column av-5k92vl-5f1150de08cdaf86af77b34bacc3a0d3 av_one_half  avia-builder-el-18  el_after_av_one_half  el_before_av_one_half  first flex_column_div av-zero-column-padding  column-top-margin'     ><section  class='av_textblock_section av-k6shzp1t-79ab0d95e71a02b1b89a15565711400c '   itemscope=\"itemscope\" itemtype=\"https:\/\/schema.org\/CreativeWork\" ><div class='avia_textblock'  itemprop=\"text\" ><p><center><a href=\"https:\/\/fraternitadellamoretrinitario.eu\/hr\/kceri-vjera-te-tvoja-spasila\/\"><img loading=\"lazy\" decoding=\"async\" class=\"aligncenter wp-image-553 size-medium\" src=\"https:\/\/fraternitadellamoretrinitario.eu\/wp-content\/uploads\/2019\/04\/247317444-300x241.jpg\" alt=\"\" width=\"300\" height=\"241\" \/><\/a><center><\/center><\/center><\/p>\n<h4 style=\"text-align: center;\"><a href=\"https:\/\/fraternitadellamoretrinitario.eu\/hr\/kceri-vjera-te-tvoja-spasila\/\" target=\"_blank\" rel=\"noopener noreferrer\">K\u0107eri, vjera te tvoja spasila! Po\u0111i u <\/a><a href=\"https:\/\/fraternitadellamoretrinitario.eu\/hr\/kceri-vjera-te-tvoja-spasila\/\" target=\"_blank\" rel=\"noopener noreferrer\">miru i budi zdrava od svojega zla!<\/a><\/h4>\n<\/div><\/section><\/div>\n\n<style type=\"text\/css\" data-created_by=\"avia_inline_auto\" id=\"style-css-av-4f0dsx-9ac55446f633527d310d41f26d08e314\">\n.flex_column.av-4f0dsx-9ac55446f633527d310d41f26d08e314{\nborder-radius:0px 0px 0px 0px;\npadding:0px 0px 0px 0px;\n}\n<\/style>\n<div  class='flex_column av-4f0dsx-9ac55446f633527d310d41f26d08e314 av_one_half  avia-builder-el-20  el_after_av_one_half  el_before_av_one_half  flex_column_div av-zero-column-padding  column-top-margin'     ><section  class='av_textblock_section av-k6si06sp-c6174376ad2a966335c6f7837b7fbed7 '   itemscope=\"itemscope\" itemtype=\"https:\/\/schema.org\/CreativeWork\" ><div class='avia_textblock'  itemprop=\"text\" ><p><center><a href=\"https:\/\/fraternitadellamoretrinitario.eu\/hr\/lijek-za-sretan-i-blagoslovljen-dan-i-miran-san\/\"><img loading=\"lazy\" decoding=\"async\" class=\"aligncenter wp-image-551 size-medium\" src=\"https:\/\/fraternitadellamoretrinitario.eu\/wp-content\/uploads\/2019\/04\/499419-612x612-300x200.jpg\" alt=\"\" width=\"300\" height=\"200\" \/><\/a><center><\/center><\/center><\/p>\n<h4 style=\"text-align: center;\"><a href=\"https:\/\/fraternitadellamoretrinitario.eu\/hr\/lijek-za-sretan-i-blagoslovljen-dan-i-miran-san\/\" target=\"_blank\" rel=\"noopener noreferrer\">Lijek za sretan i blagoslovljen <\/a><a href=\"https:\/\/fraternitadellamoretrinitario.eu\/hr\/lijek-za-sretan-i-blagoslovljen-dan-i-miran-san\/\" target=\"_blank\" rel=\"noopener noreferrer\">dan i miran san<\/a><\/h4>\n<\/div><\/section><\/div>\n\n<style type=\"text\/css\" data-created_by=\"avia_inline_auto\" id=\"style-css-av-2gmio1-fdf4777a64d823b6b5f7865fd821c550\">\n.flex_column.av-2gmio1-fdf4777a64d823b6b5f7865fd821c550{\nborder-radius:0px 0px 0px 0px;\npadding:0px 0px 0px 0px;\n}\n<\/style>\n<div  class='flex_column av-2gmio1-fdf4777a64d823b6b5f7865fd821c550 av_one_half  avia-builder-el-22  el_after_av_one_half  el_before_av_hr  first flex_column_div av-zero-column-padding  column-top-margin'     ><section  class='av_textblock_section av-k6si0ote-6d8ffd8740351a9699b63ab200569cdf '   itemscope=\"itemscope\" itemtype=\"https:\/\/schema.org\/CreativeWork\" ><div class='avia_textblock'  itemprop=\"text\" ><p><center><a href=\"https:\/\/fraternitadellamoretrinitario.eu\/hr\/na-tvoju-rijec-bacit-cu-mreze\/\"><img loading=\"lazy\" decoding=\"async\" class=\"aligncenter wp-image-549 size-medium\" src=\"https:\/\/fraternitadellamoretrinitario.eu\/wp-content\/uploads\/2019\/04\/castnet_sunset-300x192.jpg\" alt=\"\" width=\"300\" height=\"192\" \/><\/a><center><\/center><\/center><\/p>\n<h4 style=\"text-align: center;\"><a href=\"https:\/\/www.adoratoriperpetui.eu\/hr\/molitva-bogu-ocu-po-zaslugama-muke-kristove-i-precistih-ruku-marijinih\/\" target=\"_blank\" rel=\"noopener noreferrer\">Na tvoju rije\u010d bacit \u0107u mre\u017ee<\/a><\/h4>\n<\/div><\/section><\/div>\n<div  class='hr av-2sxrgh-75eea8483929916f79c1d6c1a1b910c2 hr-default  avia-builder-el-24  el_after_av_one_half  avia-builder-el-last '><span class='hr-inner '><span class=\"hr-inner-style\"><\/span><\/span><\/div>\n","protected":false},"excerpt":{"rendered":"","protected":false},"author":13,"featured_media":0,"parent":0,"menu_order":0,"comment_status":"closed","ping_status":"closed","template":"","meta":{"footnotes":""},"class_list":["post-6833","page","type-page","status-publish","hentry"],"yoast_head":"<!-- This site is optimized with the Yoast SEO plugin v27.5 - https:\/\/yoast.com\/product\/yoast-seo-wordpress\/ -->\n<title>Kateheze - Adoratori perpetui della Santissima Trinit\u00e0 | Trajni klanjatelji Presvetog Trojstva<\/title>\n<meta name=\"robots\" content=\"index, follow, max-snippet:-1, max-image-preview:large, max-video-preview:-1\" \/>\n<link rel=\"canonical\" href=\"https:\/\/www.adoratoriperpetui.eu\/hr\/kateheze\/\" \/>\n<meta property=\"og:locale\" content=\"hr_HR\" \/>\n<meta property=\"og:type\" content=\"article\" \/>\n<meta property=\"og:title\" content=\"Kateheze - Adoratori perpetui della Santissima Trinit\u00e0 | Trajni klanjatelji Presvetog Trojstva\" \/>\n<meta property=\"og:url\" content=\"https:\/\/www.adoratoriperpetui.eu\/hr\/kateheze\/\" \/>\n<meta property=\"og:site_name\" content=\"Adoratori perpetui della Santissima Trinit\u00e0 | Trajni klanjatelji Presvetog Trojstva\" \/>\n<meta property=\"article:modified_time\" content=\"2020-03-20T16:51:58+00:00\" \/>\n<meta property=\"og:image\" content=\"https:\/\/www.fraternitadellamoretrinitario.eu\/wp-content\/uploads\/2020\/03\/Cieco_Nato.jpg\" \/>\n<meta name=\"twitter:card\" content=\"summary_large_image\" \/>\n<meta name=\"twitter:label1\" content=\"Procijenjeno vrijeme \u010ditanja\" \/>\n\t<meta name=\"twitter:data1\" content=\"9 minuta\" \/>\n<script type=\"application\/ld+json\" class=\"yoast-schema-graph\">{\"@context\":\"https:\\\/\\\/schema.org\",\"@graph\":[{\"@type\":\"WebPage\",\"@id\":\"https:\\\/\\\/www.adoratoriperpetui.eu\\\/hr\\\/kateheze\\\/\",\"url\":\"https:\\\/\\\/www.adoratoriperpetui.eu\\\/hr\\\/kateheze\\\/\",\"name\":\"Kateheze - Adoratori perpetui della Santissima Trinit\u00e0 | Trajni klanjatelji Presvetog Trojstva\",\"isPartOf\":{\"@id\":\"https:\\\/\\\/www.adoratoriperpetui.eu\\\/#website\"},\"primaryImageOfPage\":{\"@id\":\"https:\\\/\\\/www.adoratoriperpetui.eu\\\/hr\\\/kateheze\\\/#primaryimage\"},\"image\":{\"@id\":\"https:\\\/\\\/www.adoratoriperpetui.eu\\\/hr\\\/kateheze\\\/#primaryimage\"},\"thumbnailUrl\":\"https:\\\/\\\/www.fraternitadellamoretrinitario.eu\\\/wp-content\\\/uploads\\\/2020\\\/03\\\/Cieco_Nato.jpg\",\"datePublished\":\"2020-02-14T23:54:23+00:00\",\"dateModified\":\"2020-03-20T16:51:58+00:00\",\"breadcrumb\":{\"@id\":\"https:\\\/\\\/www.adoratoriperpetui.eu\\\/hr\\\/kateheze\\\/#breadcrumb\"},\"inLanguage\":\"hr\",\"potentialAction\":[{\"@type\":\"ReadAction\",\"target\":[\"https:\\\/\\\/www.adoratoriperpetui.eu\\\/hr\\\/kateheze\\\/\"]}]},{\"@type\":\"ImageObject\",\"inLanguage\":\"hr\",\"@id\":\"https:\\\/\\\/www.adoratoriperpetui.eu\\\/hr\\\/kateheze\\\/#primaryimage\",\"url\":\"https:\\\/\\\/www.fraternitadellamoretrinitario.eu\\\/wp-content\\\/uploads\\\/2020\\\/03\\\/Cieco_Nato.jpg\",\"contentUrl\":\"https:\\\/\\\/www.fraternitadellamoretrinitario.eu\\\/wp-content\\\/uploads\\\/2020\\\/03\\\/Cieco_Nato.jpg\"},{\"@type\":\"BreadcrumbList\",\"@id\":\"https:\\\/\\\/www.adoratoriperpetui.eu\\\/hr\\\/kateheze\\\/#breadcrumb\",\"itemListElement\":[{\"@type\":\"ListItem\",\"position\":1,\"name\":\"Home\",\"item\":\"https:\\\/\\\/www.adoratoriperpetui.eu\\\/hr\\\/pocetna\\\/\"},{\"@type\":\"ListItem\",\"position\":2,\"name\":\"Kateheze\"}]},{\"@type\":\"WebSite\",\"@id\":\"https:\\\/\\\/www.adoratoriperpetui.eu\\\/#website\",\"url\":\"https:\\\/\\\/www.adoratoriperpetui.eu\\\/\",\"name\":\"Adoratori perpetui della Santissima Trinit\u00e0 | Trajni klanjatelji Presvetog Trojstva\",\"description\":\"\",\"publisher\":{\"@id\":\"https:\\\/\\\/www.adoratoriperpetui.eu\\\/#organization\"},\"potentialAction\":[{\"@type\":\"SearchAction\",\"target\":{\"@type\":\"EntryPoint\",\"urlTemplate\":\"https:\\\/\\\/www.adoratoriperpetui.eu\\\/?s={search_term_string}\"},\"query-input\":{\"@type\":\"PropertyValueSpecification\",\"valueRequired\":true,\"valueName\":\"search_term_string\"}}],\"inLanguage\":\"hr\"},{\"@type\":\"Organization\",\"@id\":\"https:\\\/\\\/www.adoratoriperpetui.eu\\\/#organization\",\"name\":\"Adoratori perpetui della Santissima Trinit\u00e0\",\"url\":\"https:\\\/\\\/www.adoratoriperpetui.eu\\\/\",\"logo\":{\"@type\":\"ImageObject\",\"inLanguage\":\"hr\",\"@id\":\"https:\\\/\\\/www.adoratoriperpetui.eu\\\/#\\\/schema\\\/logo\\\/image\\\/\",\"url\":\"https:\\\/\\\/www.adoratoriperpetui.eu\\\/wp-content\\\/uploads\\\/2020\\\/06\\\/LOGO-2.png\",\"contentUrl\":\"https:\\\/\\\/www.adoratoriperpetui.eu\\\/wp-content\\\/uploads\\\/2020\\\/06\\\/LOGO-2.png\",\"width\":404,\"height\":406,\"caption\":\"Adoratori perpetui della Santissima Trinit\u00e0\"},\"image\":{\"@id\":\"https:\\\/\\\/www.adoratoriperpetui.eu\\\/#\\\/schema\\\/logo\\\/image\\\/\"}}]}<\/script>\n<!-- \/ Yoast SEO plugin. -->","yoast_head_json":{"title":"Kateheze - Adoratori perpetui della Santissima Trinit\u00e0 | Trajni klanjatelji Presvetog Trojstva","robots":{"index":"index","follow":"follow","max-snippet":"max-snippet:-1","max-image-preview":"max-image-preview:large","max-video-preview":"max-video-preview:-1"},"canonical":"https:\/\/www.adoratoriperpetui.eu\/hr\/kateheze\/","og_locale":"hr_HR","og_type":"article","og_title":"Kateheze - Adoratori perpetui della Santissima Trinit\u00e0 | Trajni klanjatelji Presvetog Trojstva","og_url":"https:\/\/www.adoratoriperpetui.eu\/hr\/kateheze\/","og_site_name":"Adoratori perpetui della Santissima Trinit\u00e0 | Trajni klanjatelji Presvetog Trojstva","article_modified_time":"2020-03-20T16:51:58+00:00","og_image":[{"url":"https:\/\/www.fraternitadellamoretrinitario.eu\/wp-content\/uploads\/2020\/03\/Cieco_Nato.jpg","type":"","width":"","height":""}],"twitter_card":"summary_large_image","twitter_misc":{"Procijenjeno vrijeme \u010ditanja":"9 minuta"},"schema":{"@context":"https:\/\/schema.org","@graph":[{"@type":"WebPage","@id":"https:\/\/www.adoratoriperpetui.eu\/hr\/kateheze\/","url":"https:\/\/www.adoratoriperpetui.eu\/hr\/kateheze\/","name":"Kateheze - Adoratori perpetui della Santissima Trinit\u00e0 | Trajni klanjatelji Presvetog Trojstva","isPartOf":{"@id":"https:\/\/www.adoratoriperpetui.eu\/#website"},"primaryImageOfPage":{"@id":"https:\/\/www.adoratoriperpetui.eu\/hr\/kateheze\/#primaryimage"},"image":{"@id":"https:\/\/www.adoratoriperpetui.eu\/hr\/kateheze\/#primaryimage"},"thumbnailUrl":"https:\/\/www.fraternitadellamoretrinitario.eu\/wp-content\/uploads\/2020\/03\/Cieco_Nato.jpg","datePublished":"2020-02-14T23:54:23+00:00","dateModified":"2020-03-20T16:51:58+00:00","breadcrumb":{"@id":"https:\/\/www.adoratoriperpetui.eu\/hr\/kateheze\/#breadcrumb"},"inLanguage":"hr","potentialAction":[{"@type":"ReadAction","target":["https:\/\/www.adoratoriperpetui.eu\/hr\/kateheze\/"]}]},{"@type":"ImageObject","inLanguage":"hr","@id":"https:\/\/www.adoratoriperpetui.eu\/hr\/kateheze\/#primaryimage","url":"https:\/\/www.fraternitadellamoretrinitario.eu\/wp-content\/uploads\/2020\/03\/Cieco_Nato.jpg","contentUrl":"https:\/\/www.fraternitadellamoretrinitario.eu\/wp-content\/uploads\/2020\/03\/Cieco_Nato.jpg"},{"@type":"BreadcrumbList","@id":"https:\/\/www.adoratoriperpetui.eu\/hr\/kateheze\/#breadcrumb","itemListElement":[{"@type":"ListItem","position":1,"name":"Home","item":"https:\/\/www.adoratoriperpetui.eu\/hr\/pocetna\/"},{"@type":"ListItem","position":2,"name":"Kateheze"}]},{"@type":"WebSite","@id":"https:\/\/www.adoratoriperpetui.eu\/#website","url":"https:\/\/www.adoratoriperpetui.eu\/","name":"Adoratori perpetui della Santissima Trinit\u00e0 | Trajni klanjatelji Presvetog Trojstva","description":"","publisher":{"@id":"https:\/\/www.adoratoriperpetui.eu\/#organization"},"potentialAction":[{"@type":"SearchAction","target":{"@type":"EntryPoint","urlTemplate":"https:\/\/www.adoratoriperpetui.eu\/?s={search_term_string}"},"query-input":{"@type":"PropertyValueSpecification","valueRequired":true,"valueName":"search_term_string"}}],"inLanguage":"hr"},{"@type":"Organization","@id":"https:\/\/www.adoratoriperpetui.eu\/#organization","name":"Adoratori perpetui della Santissima Trinit\u00e0","url":"https:\/\/www.adoratoriperpetui.eu\/","logo":{"@type":"ImageObject","inLanguage":"hr","@id":"https:\/\/www.adoratoriperpetui.eu\/#\/schema\/logo\/image\/","url":"https:\/\/www.adoratoriperpetui.eu\/wp-content\/uploads\/2020\/06\/LOGO-2.png","contentUrl":"https:\/\/www.adoratoriperpetui.eu\/wp-content\/uploads\/2020\/06\/LOGO-2.png","width":404,"height":406,"caption":"Adoratori perpetui della Santissima Trinit\u00e0"},"image":{"@id":"https:\/\/www.adoratoriperpetui.eu\/#\/schema\/logo\/image\/"}}]}},"_links":{"self":[{"href":"https:\/\/www.adoratoriperpetui.eu\/hr\/wp-json\/wp\/v2\/pages\/6833","targetHints":{"allow":["GET"]}}],"collection":[{"href":"https:\/\/www.adoratoriperpetui.eu\/hr\/wp-json\/wp\/v2\/pages"}],"about":[{"href":"https:\/\/www.adoratoriperpetui.eu\/hr\/wp-json\/wp\/v2\/types\/page"}],"author":[{"embeddable":true,"href":"https:\/\/www.adoratoriperpetui.eu\/hr\/wp-json\/wp\/v2\/users\/13"}],"replies":[{"embeddable":true,"href":"https:\/\/www.adoratoriperpetui.eu\/hr\/wp-json\/wp\/v2\/comments?post=6833"}],"version-history":[{"count":0,"href":"https:\/\/www.adoratoriperpetui.eu\/hr\/wp-json\/wp\/v2\/pages\/6833\/revisions"}],"wp:attachment":[{"href":"https:\/\/www.adoratoriperpetui.eu\/hr\/wp-json\/wp\/v2\/media?parent=6833"}],"curies":[{"name":"wp","href":"https:\/\/api.w.org\/{rel}","templated":true}]}}