{"id":6856,"date":"2020-02-15T23:06:41","date_gmt":"2020-02-15T22:06:41","guid":{"rendered":"https:\/\/www.adoratoriperpetui.eu\/?page_id=6856"},"modified":"2020-02-23T01:30:48","modified_gmt":"2020-02-23T00:30:48","slug":"statut","status":"publish","type":"page","link":"https:\/\/www.adoratoriperpetui.eu\/hr\/statut\/","title":{"rendered":"Statut"},"content":{"rendered":"\n<style type=\"text\/css\" data-created_by=\"avia_inline_auto\" id=\"style-css-av-2gc8bc-06ec10e72b3455571be2fa93c4c05e8b\">\n.flex_column.av-2gc8bc-06ec10e72b3455571be2fa93c4c05e8b{\nborder-radius:0px 0px 0px 0px;\npadding:0px 0px 0px 0px;\n}\n<\/style>\n<div  class='flex_column av-2gc8bc-06ec10e72b3455571be2fa93c4c05e8b av_one_full  avia-builder-el-0  el_before_av_image  avia-builder-el-first  first flex_column_div av-zero-column-padding  '     ><section  class='av_textblock_section av-k6o5hcca-4845999744524b68b1ab079e97ecdb6a '   itemscope=\"itemscope\" itemtype=\"https:\/\/schema.org\/CreativeWork\" ><div class='avia_textblock'  itemprop=\"text\" ><h3 style=\"text-align: center;\"><strong><em>STATUT PRIVATNOG UDRU\u017dENJA LAIKA <\/em><\/strong><strong>\u201cTRAJNI KLANJATELJI PRESVETOG TROJSTVA\u201d <\/strong><\/h3>\n<p>(prijevod potvr\u0111enog Statuta)<\/p>\n<p><strong>SVRHA I CILJ<\/strong><\/p>\n<p>\u010cl. 1<br \/>\n\u00a7 1. Udru\u017eenje \u201cTrajni klanjetelji Presvetog Trojstva\u201d je privatno udru\u017eenje vjernika Biskupije u Trstu, koje se nadahnjuje primjerom sv. Franje Asi\u0161koga i povjerava Pre\u010distim rukama Bla\u017eene Djevice Marije.<br \/>\n\u00a7 2. Udru\u017eenje ima sjedi\u0161te u \u017eupi sv. Marka Evan\u0111eliste, Via dei Modiano 1\/1, Trieste<\/p>\n<p>\u010cl. 2<br \/>\n\u00a71. Udru\u017eenje ima sljede\u0107e ciljeve:<br \/>\na) slijediti Isusa Krista klanjanjem u Euharistiji<br \/>\nb) pobo\u017enost Pre\u010distim rukama Bla\u017eene Djevice Marije<br \/>\nc) \u0161irenje spomenute pobo\u017enosti, osobito po molitvi Svete Krunice.<\/p>\n<p><strong><br \/>\n\u010cLANSTVO<br \/>\n<\/strong><br \/>\n\u010cl. 3<br \/>\n\u00a71. U \u010dlanstvu Bratstva razlikuju se:<br \/>\na) \u010dlanovi Bratstva koji opslu\u017euju zajedni\u010dki \u017eivot<br \/>\nb) \u010dlanovi Vijenca Presvetoga Trojstva, odnosno vjernici laici koji pristupaju duhovnosti Udru\u017eenja<br \/>\nc) \u010dlanovi Biblijsko-molitvenih zajednica \u201cBog je ljubav\u201d, odnosno vjernici laici koji se tjedno okupljaju radi pripreme za nedjeljno bogoslu\u017eje<br \/>\n\u00a72. Svi \u010dlanovi obvezni su provoditi primjeran kr\u0161\u0107anski \u017eivot, sudjeluju\u0107i u aktivnostima Udru\u017eenja i ophode\u0107i se ispravno pod svakim vidom, ne u suprotnosti ciljevima, \u017eivotu i strukturi vlastitog Udru\u017eenja.<\/p>\n<p>\u010cl. 4<br \/>\n\u00a71. \u010clanovima Bratstva, formalnim \u010dinom potvr\u0111enima od strane Vije\u0107a, smatraju se oni koji su osjetiv\u0161i u svome \u017eivotu Bo\u017eji poziv da ga izbliza slijede, odgovorili izvornom nadahnu\u0107u koje je vodilo formiranju Udru\u017eenja, te utjelovljuju\u0107i milosni dar i promi\u010du\u0107i razvoj na svim razinama, ustrajnim zalaganjem u postizanju ciljeva Udru\u017eenja, jam\u010de njegovu postojanost i trajnost u vremenu.<\/p>\n<p>\u010cl. 5<br \/>\n\u00a71. U \u010dlanstvo Vijenca Presvetoga Trojstva mogu se priklju\u010diti oni koji slijede duhovnost Udru\u017eenja te ve\u0107 barem godinu dana pripadaju Biblijsko \u2013 molitvenoj zajednici \u201eBog je ljubav\u201c, i koji, osje\u0107aju\u0107i se pozvanima na \u017eivot u ve\u0107e zajedni\u0161tvo i slu\u017ebu u Udru\u017eenju i cijeloj Crkvi, upravljaju pismenu molbu Vije\u0107u. Nakon prikladnog razmatranja, Vije\u0107e tim \u010dlanovima mo\u017ee dopustiti put formacije koji \u0107e ih pripremiti za \u010din potpisivanja ulaska u \u010dlanstvo Vijenca.<br \/>\n\u00a72. Taj \u010din formalne pripadnosti obnavlja se iz godine u godinu i podlo\u017ean je prihva\u0107anju i potvrdi od strane Vije\u0107a.<\/p>\n<p>\u010cl. 6<br \/>\n\u00a71. Kao \u010dlanovi Biblijsko &#8211; molitvene zajednice \u201eBog je ljubav\u201c mogu se priklju\u010diti oni vjernici koji o\u010dituju dublju \u017eelju za upoznavanjem Bo\u017eje Rije\u010di i aktivnim sudjelovanjem na nedjeljnim liturgijskim slavljima u njihovim \u017eupama, te prema svojim mogu\u0107nostima nastoje doprinositi ciljevima Udru\u017eenja.<\/p>\n<p>\u010cl. 7<br \/>\n\u00a71. \u010clanovi mogu slobodno napustiti Udru\u017eenje pismeno izra\u017eavaju\u0107i svoju volju izravno Upravitelju, bez potrebe drugih formalnosti.<br \/>\n\u00a72. U slu\u010daju utvr\u0111ene nepravilnosti \u2013 u svezi s onim \u0161to je prethodno navedeno u \u010dl. 3 \u00a72 \u2013 Upravitelj, nakon \u0161to je poduzeo sve mogu\u0107e mjere vo\u0111ene bratskom ljubavlju i nakon prikladnog savjetovanja sa \u010dlanovima Vije\u0107a, mo\u017ee neopozivom odlukom otpustiti \u010dlanove kod kojih je potvr\u0111en te\u0161ki prekr\u0161aj, daju\u0107i im obavijest pismenim putem i obrazla\u017eu\u0107i im razloge.<\/p>\n<p><strong>TIJELA UDRU\u017dENJA<\/strong><\/p>\n<p>\u010cl. 8.<br \/>\nTijela Udru\u017eenja su:<br \/>\na) Skup\u0161tina<br \/>\nb) Bratstvo<br \/>\nc) Vijenac Presvetoga Trojstva<br \/>\nd) Vije\u0107e<br \/>\ne) Upravitelj<\/p>\n<p>\u010cl. 9<br \/>\n\u00a71. Skup\u0161tinu, sastavljenu od svih \u010dlanova Bratstva i Biblijsko &#8211; molitvene zajednice , redovito saziva Upravitelj jedanput godi\u0161nje, te podnosi godi\u0161nje izvje\u0161\u0107e o duhovnim i prakti\u010dno &#8211; organizacijskim aspektima stanja Udru\u017eenja, i financijsko izvje\u0161\u0107e; Upravitelj iznimno mo\u017ee sazvati i izvanrednu sjednicu Skup\u0161tine kada smatra potrebnim prema normama statuta.<\/p>\n<p>\u00a72. Sazivanje Skup\u0161tine treba se dogoditi na na\u010din da se svim \u010dlanovima omogu\u0107i pravo sudjelovanja.<\/p>\n<p>\u010cl. 10.<br \/>\n\u00a71. Odluke Skup\u0161tine prihva\u0107aju se apsolutnom ve\u0107inom va\u017ee\u0107ih glasova i u prisutnosti barem polovice plus jednog \u010dlana. U drugom sazivanju Skup\u0161tine, odluke se prihva\u0107aju uvijek apsolutnom ve\u0107inom glasova bez obzira na broj glasa\u010da.<br \/>\n\u00a72. Za izmjenu akta o osnivanju i statuta nije potrebna kvalifikacijska prisutnost \u010dlanova, ali je potreban pozitivni glas dvije tre\u0107ine prisutnih. Te izmjene biti \u0107e neposredno podvrgnute potvrdi odgovornog Ordinarija.<br \/>\n\u00a73. Za odluku o ukinu\u0107u Udru\u017eenja i raspodjeli imovine, potreban je pozitivan glas barem tri \u010detvrtine \u010dlanova Skup\u0161tine.<\/p>\n<p>\u010cl. 11<br \/>\n\u00a71. Skup\u0161tina sazvana na redovnom zasjedanju izabire Vije\u0107e i prima na znanje od Upravitelja godi\u0161nje izvje\u0161\u0107e o radu i financijsko izvje\u0161\u0107e.<br \/>\n\u00a72. Skup\u0161tina sazvana na izvanrednoj sjednici glasuje o eventualnim promjenama statuta i ukinu\u0107u Udru\u017eenja.<\/p>\n<p>\u010cl. 12<br \/>\n\u00a71. Vije\u0107e \u010dine 4 (\u010detiri) \u010dlana: tri iz Bratstva i jedan iz Vijenca Presvetoga Trojstva. Smatraju se izabranima oni koji su od \u010dlanova Bratstva dobili ve\u0107i broj glasova. U slu\u010daju izjedna\u010denih glasova, smatra se izabranim \u010dlan najstariji po \u010dlanstvu u Udru\u017eenju; u slu\u010daju ponovne izjedna\u010denosti glasova izabire se \u010dlan najstariji po dobi.<br \/>\n\u00a72. Mandat Vije\u0107a traje tri godine, a njegovi \u010dlanovi se mogu ponovno izabrati. Ono uklju\u010duje Upravitelja, Tajnika i Ekonoma.<br \/>\n\u00a7&gt;3. Ako se dogodi da zbog bilo kojeg razloga trajno nedostaje jedan \u010dlan Vije\u0107a, Vije\u0107e odre\u0111uje zamjenskog punopravnog \u010dlana, koji ostaje na toj du\u017enosti do isteka mandata Vije\u0107a.<\/p>\n<p>\u010cl. 13<br \/>\nVije\u0107e se sastaje redovito svaka tri mjeseca, a na izvanrednoj sjednici kada to Upravitelj smatra potrebnim ili zatra\u017ee dva \u010dlana Vije\u0107a. Upravitelj mo\u017ee na sastanke Vije\u0107a pozvati druge \u010dlanove, bez prava glasa.<\/p>\n<p>\u010cl. 14<\/p>\n<p>Vije\u0107e odlu\u010duje o sljede\u0107im pitanjima:<\/p>\n<ol>\n<li>primanje \u010dlanova u Bratstvo i u Vijenac Presvetoga Trojstva<\/li>\n<li>otpu\u0161tanje \u010dlanova iz Bratstva i iz Vijenca Presvetoga Trojstva<\/li>\n<li>godi\u0161nje izvje\u0161\u0107e \u2013 duhovno i prakti\u010dno organizacijski \u2013 o stanju Udru\u017eenja te financijsko izvje\u0161\u0107e, koje predstavlja Skup\u0161tini<\/li>\n<li>akti izvanredne uprave<\/li>\n<li>interni propisi, gdje \u0107e se \u2013 u dogovoru s biskupijskim Ordinarijem u Trstu \u2013 odrediti smjernice formacije \u010dlanova Bratstva odre\u0111enih za sveti red<\/li>\n<li>Imenovanja, s dvogodi\u0161njim mandatom, koordinatora Vijenca Presvetoga Trojstva i Biblijsko-molitvenih zajednica \u201eBog je ljubav\u201c.<\/li>\n<li>Svaka druga odluka u svezi sa \u017eivotom Udru\u017eenja, koja ne spada u nadle\u017enost drugih tijela.<\/li>\n<\/ol>\n<p>\u010cl. 15<br \/>\n\u00a71. Upravitelj, izabran u skladu sa \u010dl. 12, upravlja Udru\u017eenjem u skladu sa statutom i njegov je zakonski predstavnik. U njegovoj je ovlasti redovito upravljanje Udru\u017eenjem, uz uva\u017eavanje statuta.<br \/>\n\u00a72. Upravitelj mo\u017ee, ako to smatra prikladnim te uz suglasnost Vije\u0107a, povjeriti posebna zadu\u017eenja jednom Zamjeniku upravitelja, izabranom izme\u0111u \u010dlanova samoga Vije\u0107a. Takvo imenovanje ima privremeni zna\u010daj i prestaje s izvr\u0161enjem tog zadu\u017eenja.<\/p>\n<p>\u010cl. 16<br \/>\nTajnik vodi zapisnik Skup\u0161tine i Vije\u0107a te \u010duva popis \u010dlanova i knjigu zapisnika.<\/p>\n<p>\u010cl. 17<\/p>\n<p>Ekonom, pod vodstvom Upravitelja, brine o upravljanju imovinskim dobrima Udru\u017eenja, te svake godine priprema i predstavlja Upravitelju na potvrdu prora\u010dun i financijsko izvje\u0161\u0107e o prihodima i rashodima. On ujedno svake godine priprema i dostavlja Skup\u0161tini financijsko izvje\u0161\u0107e i godi\u0161nji prora\u010dun na odobrenje.<\/p>\n<p><strong>SREDSTVA ZA ODR\u017dAVANJE<br \/>\n<\/strong><br \/>\n\u010cl. 18<br \/>\n\u00a71. Udru\u017eenje nema profitne svrhe. Imovinu Udru\u017eenja \u010dine prihodi od eventualnih aktivnosti Udru\u017eenja, eventualnih darova ili doprinosa vlastitih \u010dlanova ili tre\u0107ih.<br \/>\n\u00a72. Sva davanja \u010dlanova u odnosu na Udru\u017eenje su dragovoljna.<\/p>\n<p><strong>ODNOSI S ORDINARIJIMA<br \/>\n<\/strong><br \/>\n\u010cl. 19<br \/>\n\u00a71. Udru\u017eenje iskazuje svoju pripadnost zajedni\u0161tvu Katoli\u010dke Crkve i njezinoj hijerarhijskoj strukturi, u skladu s U\u010diteljstvom Crkve i s njezinom disciplinom, posebno u skladu s kan. 298-300, 304-311 te 321-329 Kanonskoga prava. Udru\u017eenje u potpunosti usvaja spasenjsko poslanje Crkve, u duhu poslu\u0161nosti i zajedni\u0161tvu s Ordinarijima i Rimskim Prvosve\u0107enikom.<br \/>\n\u00a72. U skladu s va\u017ee\u0107im\u00a0 propisima, Udru\u017eenje je podvrgnuto pra\u0107enju biskupijskog Ordinarija u Trstu. U skladu s propisom 324 \u00a0\u00a7 2 Kanonskoga prava, Vije\u0107e \u0107e odrediti Duhovnog savjetnika koji se izabire izme\u0111u sve\u0107enika pripadnika samog Udru\u017eenja. Vije\u0107e \u0107e \u010dim prije zatra\u017eiti potvrdu od biskupijskog Ordinarija u Trstu.<\/p>\n<p><strong>ZAVR\u0160NE I PRIJELAZNE ODREDBE<\/strong><\/p>\n<p>\u010cl. 20<br \/>\nZa ono \u0161to nije predvi\u0111eno ovim statutom, vrijede odredbe Kanonskoga prava i propisi talijanskih zakona glede vjerni\u010dkih udru\u017eenja.<\/p>\n<p>U Trstu, 15 listopada 2013.<\/p>\n<p>+ Giampaolo Crepaldi<\/p>\n<p>biskup u Trstu<\/p>\n<\/div><\/section><\/div>\n<style type=\"text\/css\" data-created_by=\"avia_inline_auto\" id=\"style-css-av-k6o5htp0-a888a657ccf5b7a94c4d3d677ebf8a39\">\n.avia-image-container.av-k6o5htp0-a888a657ccf5b7a94c4d3d677ebf8a39 img.avia_image{\nbox-shadow:none;\n}\n.avia-image-container.av-k6o5htp0-a888a657ccf5b7a94c4d3d677ebf8a39 .av-image-caption-overlay-center{\ncolor:#ffffff;\n}\n<\/style>\n<div  class='avia-image-container av-k6o5htp0-a888a657ccf5b7a94c4d3d677ebf8a39 av-styling- avia-align-center  avia-builder-el-2  el_after_av_one_full  avia-builder-el-last '   itemprop=\"image\" itemscope=\"itemscope\" itemtype=\"https:\/\/schema.org\/ImageObject\" ><div class=\"avia-image-container-inner\"><div class=\"avia-image-overlay-wrap\"><img decoding=\"async\" fetchpriority=\"high\" class='wp-image-7587 avia-img-lazy-loading-not-7587 avia_image ' src=\"https:\/\/www.adoratoriperpetui.eu\/wp-content\/uploads\/2014\/06\/Pecat.png\" alt='' title='Pecat'  height=\"564\" width=\"500\"  itemprop=\"thumbnailUrl\" srcset=\"https:\/\/www.adoratoriperpetui.eu\/wp-content\/uploads\/2014\/06\/Pecat.png 500w, https:\/\/www.adoratoriperpetui.eu\/wp-content\/uploads\/2014\/06\/Pecat-265x300.png 265w, https:\/\/www.adoratoriperpetui.eu\/wp-content\/uploads\/2014\/06\/Pecat-450x507.png 450w\" sizes=\"(max-width: 500px) 100vw, 500px\" \/><\/div><\/div><\/div><\/p>\n","protected":false},"excerpt":{"rendered":"","protected":false},"author":13,"featured_media":0,"parent":0,"menu_order":0,"comment_status":"closed","ping_status":"closed","template":"","meta":{"footnotes":""},"class_list":["post-6856","page","type-page","status-publish","hentry"],"yoast_head":"<!-- This site is optimized with the Yoast SEO plugin v27.4 - https:\/\/yoast.com\/product\/yoast-seo-wordpress\/ -->\n<title>Statut - Adoratori perpetui della Santissima Trinit\u00e0 | Trajni klanjatelji Presvetog Trojstva<\/title>\n<meta name=\"robots\" content=\"index, follow, max-snippet:-1, max-image-preview:large, max-video-preview:-1\" \/>\n<link rel=\"canonical\" href=\"https:\/\/www.adoratoriperpetui.eu\/hr\/statut\/\" \/>\n<meta property=\"og:locale\" content=\"hr_HR\" \/>\n<meta property=\"og:type\" content=\"article\" \/>\n<meta property=\"og:title\" content=\"Statut - Adoratori perpetui della Santissima Trinit\u00e0 | Trajni klanjatelji Presvetog Trojstva\" \/>\n<meta property=\"og:url\" content=\"https:\/\/www.adoratoriperpetui.eu\/hr\/statut\/\" \/>\n<meta property=\"og:site_name\" content=\"Adoratori perpetui della Santissima Trinit\u00e0 | Trajni klanjatelji Presvetog Trojstva\" \/>\n<meta property=\"article:modified_time\" content=\"2020-02-23T00:30:48+00:00\" \/>\n<meta name=\"twitter:card\" content=\"summary_large_image\" \/>\n<meta name=\"twitter:label1\" content=\"Procijenjeno vrijeme \u010ditanja\" \/>\n\t<meta name=\"twitter:data1\" content=\"7 minuta\" \/>\n<script type=\"application\/ld+json\" class=\"yoast-schema-graph\">{\"@context\":\"https:\\\/\\\/schema.org\",\"@graph\":[{\"@type\":\"WebPage\",\"@id\":\"https:\\\/\\\/www.adoratoriperpetui.eu\\\/hr\\\/statut\\\/\",\"url\":\"https:\\\/\\\/www.adoratoriperpetui.eu\\\/hr\\\/statut\\\/\",\"name\":\"Statut - Adoratori perpetui della Santissima Trinit\u00e0 | Trajni klanjatelji Presvetog Trojstva\",\"isPartOf\":{\"@id\":\"https:\\\/\\\/www.adoratoriperpetui.eu\\\/#website\"},\"datePublished\":\"2020-02-15T22:06:41+00:00\",\"dateModified\":\"2020-02-23T00:30:48+00:00\",\"breadcrumb\":{\"@id\":\"https:\\\/\\\/www.adoratoriperpetui.eu\\\/hr\\\/statut\\\/#breadcrumb\"},\"inLanguage\":\"hr\",\"potentialAction\":[{\"@type\":\"ReadAction\",\"target\":[\"https:\\\/\\\/www.adoratoriperpetui.eu\\\/hr\\\/statut\\\/\"]}]},{\"@type\":\"BreadcrumbList\",\"@id\":\"https:\\\/\\\/www.adoratoriperpetui.eu\\\/hr\\\/statut\\\/#breadcrumb\",\"itemListElement\":[{\"@type\":\"ListItem\",\"position\":1,\"name\":\"Home\",\"item\":\"https:\\\/\\\/www.adoratoriperpetui.eu\\\/hr\\\/pocetna\\\/\"},{\"@type\":\"ListItem\",\"position\":2,\"name\":\"Statut\"}]},{\"@type\":\"WebSite\",\"@id\":\"https:\\\/\\\/www.adoratoriperpetui.eu\\\/#website\",\"url\":\"https:\\\/\\\/www.adoratoriperpetui.eu\\\/\",\"name\":\"Adoratori perpetui della Santissima Trinit\u00e0 | Trajni klanjatelji Presvetog Trojstva\",\"description\":\"\",\"publisher\":{\"@id\":\"https:\\\/\\\/www.adoratoriperpetui.eu\\\/#organization\"},\"potentialAction\":[{\"@type\":\"SearchAction\",\"target\":{\"@type\":\"EntryPoint\",\"urlTemplate\":\"https:\\\/\\\/www.adoratoriperpetui.eu\\\/?s={search_term_string}\"},\"query-input\":{\"@type\":\"PropertyValueSpecification\",\"valueRequired\":true,\"valueName\":\"search_term_string\"}}],\"inLanguage\":\"hr\"},{\"@type\":\"Organization\",\"@id\":\"https:\\\/\\\/www.adoratoriperpetui.eu\\\/#organization\",\"name\":\"Adoratori perpetui della Santissima Trinit\u00e0\",\"url\":\"https:\\\/\\\/www.adoratoriperpetui.eu\\\/\",\"logo\":{\"@type\":\"ImageObject\",\"inLanguage\":\"hr\",\"@id\":\"https:\\\/\\\/www.adoratoriperpetui.eu\\\/#\\\/schema\\\/logo\\\/image\\\/\",\"url\":\"https:\\\/\\\/www.adoratoriperpetui.eu\\\/wp-content\\\/uploads\\\/2020\\\/06\\\/LOGO-2.png\",\"contentUrl\":\"https:\\\/\\\/www.adoratoriperpetui.eu\\\/wp-content\\\/uploads\\\/2020\\\/06\\\/LOGO-2.png\",\"width\":404,\"height\":406,\"caption\":\"Adoratori perpetui della Santissima Trinit\u00e0\"},\"image\":{\"@id\":\"https:\\\/\\\/www.adoratoriperpetui.eu\\\/#\\\/schema\\\/logo\\\/image\\\/\"}}]}<\/script>\n<!-- \/ Yoast SEO plugin. -->","yoast_head_json":{"title":"Statut - Adoratori perpetui della Santissima Trinit\u00e0 | Trajni klanjatelji Presvetog Trojstva","robots":{"index":"index","follow":"follow","max-snippet":"max-snippet:-1","max-image-preview":"max-image-preview:large","max-video-preview":"max-video-preview:-1"},"canonical":"https:\/\/www.adoratoriperpetui.eu\/hr\/statut\/","og_locale":"hr_HR","og_type":"article","og_title":"Statut - Adoratori perpetui della Santissima Trinit\u00e0 | Trajni klanjatelji Presvetog Trojstva","og_url":"https:\/\/www.adoratoriperpetui.eu\/hr\/statut\/","og_site_name":"Adoratori perpetui della Santissima Trinit\u00e0 | Trajni klanjatelji Presvetog Trojstva","article_modified_time":"2020-02-23T00:30:48+00:00","twitter_card":"summary_large_image","twitter_misc":{"Procijenjeno vrijeme \u010ditanja":"7 minuta"},"schema":{"@context":"https:\/\/schema.org","@graph":[{"@type":"WebPage","@id":"https:\/\/www.adoratoriperpetui.eu\/hr\/statut\/","url":"https:\/\/www.adoratoriperpetui.eu\/hr\/statut\/","name":"Statut - Adoratori perpetui della Santissima Trinit\u00e0 | Trajni klanjatelji Presvetog Trojstva","isPartOf":{"@id":"https:\/\/www.adoratoriperpetui.eu\/#website"},"datePublished":"2020-02-15T22:06:41+00:00","dateModified":"2020-02-23T00:30:48+00:00","breadcrumb":{"@id":"https:\/\/www.adoratoriperpetui.eu\/hr\/statut\/#breadcrumb"},"inLanguage":"hr","potentialAction":[{"@type":"ReadAction","target":["https:\/\/www.adoratoriperpetui.eu\/hr\/statut\/"]}]},{"@type":"BreadcrumbList","@id":"https:\/\/www.adoratoriperpetui.eu\/hr\/statut\/#breadcrumb","itemListElement":[{"@type":"ListItem","position":1,"name":"Home","item":"https:\/\/www.adoratoriperpetui.eu\/hr\/pocetna\/"},{"@type":"ListItem","position":2,"name":"Statut"}]},{"@type":"WebSite","@id":"https:\/\/www.adoratoriperpetui.eu\/#website","url":"https:\/\/www.adoratoriperpetui.eu\/","name":"Adoratori perpetui della Santissima Trinit\u00e0 | Trajni klanjatelji Presvetog Trojstva","description":"","publisher":{"@id":"https:\/\/www.adoratoriperpetui.eu\/#organization"},"potentialAction":[{"@type":"SearchAction","target":{"@type":"EntryPoint","urlTemplate":"https:\/\/www.adoratoriperpetui.eu\/?s={search_term_string}"},"query-input":{"@type":"PropertyValueSpecification","valueRequired":true,"valueName":"search_term_string"}}],"inLanguage":"hr"},{"@type":"Organization","@id":"https:\/\/www.adoratoriperpetui.eu\/#organization","name":"Adoratori perpetui della Santissima Trinit\u00e0","url":"https:\/\/www.adoratoriperpetui.eu\/","logo":{"@type":"ImageObject","inLanguage":"hr","@id":"https:\/\/www.adoratoriperpetui.eu\/#\/schema\/logo\/image\/","url":"https:\/\/www.adoratoriperpetui.eu\/wp-content\/uploads\/2020\/06\/LOGO-2.png","contentUrl":"https:\/\/www.adoratoriperpetui.eu\/wp-content\/uploads\/2020\/06\/LOGO-2.png","width":404,"height":406,"caption":"Adoratori perpetui della Santissima Trinit\u00e0"},"image":{"@id":"https:\/\/www.adoratoriperpetui.eu\/#\/schema\/logo\/image\/"}}]}},"_links":{"self":[{"href":"https:\/\/www.adoratoriperpetui.eu\/hr\/wp-json\/wp\/v2\/pages\/6856","targetHints":{"allow":["GET"]}}],"collection":[{"href":"https:\/\/www.adoratoriperpetui.eu\/hr\/wp-json\/wp\/v2\/pages"}],"about":[{"href":"https:\/\/www.adoratoriperpetui.eu\/hr\/wp-json\/wp\/v2\/types\/page"}],"author":[{"embeddable":true,"href":"https:\/\/www.adoratoriperpetui.eu\/hr\/wp-json\/wp\/v2\/users\/13"}],"replies":[{"embeddable":true,"href":"https:\/\/www.adoratoriperpetui.eu\/hr\/wp-json\/wp\/v2\/comments?post=6856"}],"version-history":[{"count":0,"href":"https:\/\/www.adoratoriperpetui.eu\/hr\/wp-json\/wp\/v2\/pages\/6856\/revisions"}],"wp:attachment":[{"href":"https:\/\/www.adoratoriperpetui.eu\/hr\/wp-json\/wp\/v2\/media?parent=6856"}],"curies":[{"name":"wp","href":"https:\/\/api.w.org\/{rel}","templated":true}]}}