{"id":6862,"date":"2020-02-15T23:13:07","date_gmt":"2020-02-15T22:13:07","guid":{"rendered":"https:\/\/www.adoratoriperpetui.eu\/?page_id=6862"},"modified":"2020-02-23T01:33:51","modified_gmt":"2020-02-23T00:33:51","slug":"duhovnost-i-poslanje","status":"publish","type":"page","link":"https:\/\/www.adoratoriperpetui.eu\/hr\/duhovnost-i-poslanje\/","title":{"rendered":"Duhovnost i poslanje"},"content":{"rendered":"\n<style type=\"text\/css\" data-created_by=\"avia_inline_auto\" id=\"style-css-av-27bq7y-dd2e888db6d86602c46eb81d030ce406\">\n.flex_column.av-27bq7y-dd2e888db6d86602c46eb81d030ce406{\nborder-radius:0px 0px 0px 0px;\npadding:0px 0px 0px 0px;\n}\n<\/style>\n<div  class='flex_column av-27bq7y-dd2e888db6d86602c46eb81d030ce406 av_one_full  avia-builder-el-0  avia-builder-el-no-sibling  first flex_column_div av-zero-column-padding  '     ><section  class='av_textblock_section av-k6o8nty5-bf0a999d16a9b7f0b2d0c446d6ee1041 '   itemscope=\"itemscope\" itemtype=\"https:\/\/schema.org\/CreativeWork\" ><div class='avia_textblock'  itemprop=\"text\" ><h3 style=\"text-align: left;\"><strong>Duhovnost i poslanje u Udru\u017eenju<\/strong><\/h3>\n<p>Privatno Udru\u017eenje vjernika \u201eTrajni klanjatelji Presvetog Trojstva\u201c (TKPT) je osnovano\u00a0 2013. godine u Biskupiji u Trstu. Utemeljitelj Udru\u017eenja je p. Rozo Pali\u0107.<\/p>\n<p>Udru\u017eenje se nadahnjuje primjerom sv. Franje Asi\u0161kog \u010diji \u010dlanovi nastoje \u017eivjeti\u00a0 duhovnost i poslanje koje o\u010dituje samu karizmu Udru\u017eenja: \u017eivjeti i \u0161iriti pobo\u017enost Pre\u010distim rukama Marijinim osobito po krunici Pre\u010distim rukama Marijinim.<\/p>\n<p>Kako i Statut navodi, Udru\u017eenje obuhva\u0107a vjernike laike koji se u svojim \u017eupama i vjerni\u010dkim zajednicama\u00a0 okupljaju u Biblijsko-molitvenoj Zajednici \u201eBog je ljubav\u201c. Nakon godine dana redovitog sudjelovanja u Zajednici \u201eBog je ljubav\u201c bra\u0107a i sestre mogu dati Obe\u0107anje Presvetom Trojstvu sa \u017eeljom da vlastitim posve\u0107enjem u svijetu intenzivnije \u017eive i sudjeluju u djelovanju i karizmi Udru\u017eenja. \u010dlanove koji \u017eive zajedno u bratstvu.<\/p>\n<p>Prvi korak upoznavanja duhovnosti i poslanja Udru\u017eenja zapo\u010dinje ulaskom u biblijsko-molitvenu Zajednicu \u201eBog je ljubav\u201c.\u00a0 Pro\u010ditajte u nastavku o Zajednici a zatim i o drugom koraku (Vijenac Presvetog Trojstva) kojim se u slobodi bra\u0107a i sestre odlu\u010duju na odva\u017enije nasljedovanje Gospodina Isusa u Udru\u017eenju.<\/p>\n<p><em>Karizma Udru\u017eenja TKPT ostvaruje se apostolatom slijede\u0107ih stvarnosti:<\/em><\/p>\n<p><strong>1. Apostolatu formiranja i koordiniranja<\/strong> Biblijsko-molitvenih Zajednica \u201eBog je ljubav\u201c \u010diji je po\u010detak bio prije 15 godina\u00a0 te za sada postoje i okupljaju se\u00a0 u 8 biskupija ( Italija, Hrvatska, Slovenija, Srbija i Njema\u010dka) u 12 \u017eupa ili samostana. Osnivanjem i utemeljenjem Udru\u017eenja sve su Zajednice \u201eBog je ljubav\u201c sada pod istim \u201ekrovom\u201c na\u0161e Majke Crkve kao dio Udru\u017eenja vjernika TKPT.<\/p>\n<p>Temeljno poslanje Zajednice je biti \u017eivo tkivo unutar \u017eupne zajednice u skladu sa svim drugim\u00a0 zajednicama i djelovanjima unutar \u017eupe, \u010duvaju\u0107i vlastitosti karizme Zajednice u Crkvi. Stoga su svi \u010dlanovi Zajednice pozvani na aktivnu, poniznu i radosnu slu\u017ebu unutar \u017eupne zajednice te razvijanje sklada i suradnje sa\u00a0 upraviteljima \u017eupa i upraviteljima vjerni\u010dkih zajednica.<\/p>\n<p>Vlastitost karizme o\u010dituje se u pet duhovnih koraka koje bra\u0107a i sestre prihva\u0107aju kao put svetosti i ozdravljenja i na temelju kojih se odvijaju susreti Zajednice.<\/p>\n<p><strong>2. Apostolat u Vijencu Presvetog Trojstva <\/strong>&#8211; nakon godinu dana redovitog i odgovornog dolaska na susrete Zajednice \u201eBog je ljubav\u201c \u010dlanovi se u slobodi mogu odlu\u010diti pristupiti u Vijenac Presvetog Trojstva i na taj na\u010din u\u010diniti dublji korak na putu vlastitog posve\u0107enja u Crkvi i u apostolatu Udru\u017eenja. Bra\u0107a i sestre daju\u0107i obe\u0107anje prihva\u0107aju i nastoje jo\u0161 vi\u0161e \u017eivjeti i \u0161iriti karizmu Udru\u017eenja kroz razli\u010dite slu\u017ebe. Izdvajamo ovdje samo temeljne odrednice obe\u0107anja koje pokazuju duhovnu zrelost i ozbiljnost nasljedovanja Gospodina Isusa Krista u Crkvi: Obe\u0107ajem\u00a0 Isuse, da \u0107u \u010ditati Tvoju Rije\u010d, redovito moliti u zajedni\u0161tvu s bra\u0107om i sestrama\u2026\u017eelim barem jednom tjedno klanjati se Tebi u Presvetom Oltarskom Sakramentu, mjese\u010dno pristupati sakramentu sv. Ispovijedi i redovito sudjelovati na Svetoj misi.<\/p>\n<p><strong>3. Pre\u010diste ruke Marijine <\/strong>&#8211; zajedni\u010dko svim \u010dlanovima Udru\u017eenja, a osobito \u010dlanovima Vijenca Presvetog Trojstva, je \u017eivljenje i \u0161irenje pobo\u017enosti Pre\u010distim rukama bl. Djevice Marije osobito po krunici Pre\u010distim rukama Marijinim .<\/p>\n<p>Od samog po\u010detka u Udru\u017eenje su \u017eivjela bra\u0107a pripremaju\u0107i se za sve\u0107eni\u0161tvo. Kako se\u00a0 Udru\u017eenje \u0161irilo, biskup je za \u010dlanove koji \u017eive zajedno osnovao Javno kleri\u010dko Udru\u017eenje \u201eBratstvo Trojedine Ljubavi\u201c koje obuhva\u0107a bra\u0107u koja se pripremaju za sakrament svetog reda i bra\u0107u koja nemaju taj poziv, ali \u017eele \u017eivjeti u zajedni\u0161tvu Bratstva. Zajedni\u010dko svoj bra\u0107i u Bratstvu je da pola\u017eu obe\u0107anja siroma\u0161tva, poslu\u0161nosti, \u010disto\u0107e i ljubavi prema Bla\u017eenoj Djevici Mariji. Utemeljitelj \u201eBratstva Trojedine ljubavi\u201c je p. Rozo Pali\u0107.<\/p>\n<p>Stoga svi \u010dlanovi Udru\u017eenja TKPT koji osjete Bo\u017eji poziv za nasljedovanje Gospodina Isusa u ovoj duhovnosti mogu to ostvariti ulaskom u Bratstvo. Pravnim \u010dinom osnivanja Bratstva biskup je ujedno povezao oba Udru\u017eenja te se jasno vidi kako se radi o istoj duhovnoj obitelji i karizmi povjerenoj za dobro Crkve i ljudi (i<em>z statuta Bratstva: <\/em><em>\u010clanovi Bratstva su: sve\u0107enici, bogoslovi te vjernici laici koji u potpunosti dijele Trojstvenu i Marijansku karizmu i \u017eivot u zajedni\u0161tvu, te se posve\u0107uju apostolatu Udru\u017eenja Trajnih klanjatelja Presvetoga Trojstva u skladu sa vlastitim Statutom Udru\u017eenja.)<\/em><\/p>\n<p>Duhovno vodstvo Udru\u017eenja TKPT povjereno je Bratstvu Trojedine Ljubavi i duhovnik je uvijek sve\u0107enik Bratstva.<\/p>\n<p>Od osnutka Udru\u017eenja svake godine na slavlju Dana Udru\u017eenja kada bra\u0107a i sestre daju Obe\u0107anje bio je prisutan biskup te su se obe\u0107anja davala javno pred biskupom za vrijeme Euharistijskog slavlja. Zahvaljujemo Bogu i na\u0161em biskupu za tu posebnu milost.<\/p>\n<p>Dan Udru\u017eenja kao i cijele duhovne obitelji je uvijek nedjelja prije Pepelnice kada se na poseban na\u010din spominjemo Pre\u010distih ruku Marijinih<\/p>\n<div class='avia-iframe-wrap'><iframe loading=\"lazy\" title=\"La celebrazione della Fondazione della Fraternita degli &quot;Adoratori Perpetui&quot;\" width=\"1333\" height=\"1000\" src=\"https:\/\/www.youtube.com\/embed\/iLJWDqCsxAY?feature=oembed\" frameborder=\"0\" allow=\"accelerometer; autoplay; clipboard-write; encrypted-media; gyroscope; picture-in-picture; web-share\" referrerpolicy=\"strict-origin-when-cross-origin\" allowfullscreen><\/iframe><\/div>\n<\/div><\/section><\/div>\n","protected":false},"excerpt":{"rendered":"","protected":false},"author":13,"featured_media":0,"parent":0,"menu_order":0,"comment_status":"closed","ping_status":"closed","template":"","meta":{"footnotes":""},"class_list":["post-6862","page","type-page","status-publish","hentry"],"yoast_head":"<!-- This site is optimized with the Yoast SEO plugin v27.5 - https:\/\/yoast.com\/product\/yoast-seo-wordpress\/ -->\n<title>Duhovnost i poslanje - Adoratori perpetui della Santissima Trinit\u00e0 | Trajni klanjatelji Presvetog Trojstva<\/title>\n<meta name=\"robots\" content=\"index, follow, max-snippet:-1, max-image-preview:large, max-video-preview:-1\" \/>\n<link rel=\"canonical\" href=\"https:\/\/www.adoratoriperpetui.eu\/hr\/duhovnost-i-poslanje\/\" \/>\n<meta property=\"og:locale\" content=\"hr_HR\" \/>\n<meta property=\"og:type\" content=\"article\" \/>\n<meta property=\"og:title\" content=\"Duhovnost i poslanje - Adoratori perpetui della Santissima Trinit\u00e0 | Trajni klanjatelji Presvetog Trojstva\" \/>\n<meta property=\"og:url\" content=\"https:\/\/www.adoratoriperpetui.eu\/hr\/duhovnost-i-poslanje\/\" \/>\n<meta property=\"og:site_name\" content=\"Adoratori perpetui della Santissima Trinit\u00e0 | Trajni klanjatelji Presvetog Trojstva\" \/>\n<meta property=\"article:modified_time\" content=\"2020-02-23T00:33:51+00:00\" \/>\n<meta name=\"twitter:card\" content=\"summary_large_image\" \/>\n<meta name=\"twitter:label1\" content=\"Procijenjeno vrijeme \u010ditanja\" \/>\n\t<meta name=\"twitter:data1\" content=\"5 minuta\" \/>\n<script type=\"application\/ld+json\" class=\"yoast-schema-graph\">{\"@context\":\"https:\\\/\\\/schema.org\",\"@graph\":[{\"@type\":\"WebPage\",\"@id\":\"https:\\\/\\\/www.adoratoriperpetui.eu\\\/hr\\\/duhovnost-i-poslanje\\\/\",\"url\":\"https:\\\/\\\/www.adoratoriperpetui.eu\\\/hr\\\/duhovnost-i-poslanje\\\/\",\"name\":\"Duhovnost i poslanje - Adoratori perpetui della Santissima Trinit\u00e0 | Trajni klanjatelji Presvetog Trojstva\",\"isPartOf\":{\"@id\":\"https:\\\/\\\/www.adoratoriperpetui.eu\\\/#website\"},\"datePublished\":\"2020-02-15T22:13:07+00:00\",\"dateModified\":\"2020-02-23T00:33:51+00:00\",\"breadcrumb\":{\"@id\":\"https:\\\/\\\/www.adoratoriperpetui.eu\\\/hr\\\/duhovnost-i-poslanje\\\/#breadcrumb\"},\"inLanguage\":\"hr\",\"potentialAction\":[{\"@type\":\"ReadAction\",\"target\":[\"https:\\\/\\\/www.adoratoriperpetui.eu\\\/hr\\\/duhovnost-i-poslanje\\\/\"]}]},{\"@type\":\"BreadcrumbList\",\"@id\":\"https:\\\/\\\/www.adoratoriperpetui.eu\\\/hr\\\/duhovnost-i-poslanje\\\/#breadcrumb\",\"itemListElement\":[{\"@type\":\"ListItem\",\"position\":1,\"name\":\"Home\",\"item\":\"https:\\\/\\\/www.adoratoriperpetui.eu\\\/hr\\\/pocetna\\\/\"},{\"@type\":\"ListItem\",\"position\":2,\"name\":\"Duhovnost i poslanje\"}]},{\"@type\":\"WebSite\",\"@id\":\"https:\\\/\\\/www.adoratoriperpetui.eu\\\/#website\",\"url\":\"https:\\\/\\\/www.adoratoriperpetui.eu\\\/\",\"name\":\"Adoratori perpetui della Santissima Trinit\u00e0 | Trajni klanjatelji Presvetog Trojstva\",\"description\":\"\",\"publisher\":{\"@id\":\"https:\\\/\\\/www.adoratoriperpetui.eu\\\/#organization\"},\"potentialAction\":[{\"@type\":\"SearchAction\",\"target\":{\"@type\":\"EntryPoint\",\"urlTemplate\":\"https:\\\/\\\/www.adoratoriperpetui.eu\\\/?s={search_term_string}\"},\"query-input\":{\"@type\":\"PropertyValueSpecification\",\"valueRequired\":true,\"valueName\":\"search_term_string\"}}],\"inLanguage\":\"hr\"},{\"@type\":\"Organization\",\"@id\":\"https:\\\/\\\/www.adoratoriperpetui.eu\\\/#organization\",\"name\":\"Adoratori perpetui della Santissima Trinit\u00e0\",\"url\":\"https:\\\/\\\/www.adoratoriperpetui.eu\\\/\",\"logo\":{\"@type\":\"ImageObject\",\"inLanguage\":\"hr\",\"@id\":\"https:\\\/\\\/www.adoratoriperpetui.eu\\\/#\\\/schema\\\/logo\\\/image\\\/\",\"url\":\"https:\\\/\\\/www.adoratoriperpetui.eu\\\/wp-content\\\/uploads\\\/2020\\\/06\\\/LOGO-2.png\",\"contentUrl\":\"https:\\\/\\\/www.adoratoriperpetui.eu\\\/wp-content\\\/uploads\\\/2020\\\/06\\\/LOGO-2.png\",\"width\":404,\"height\":406,\"caption\":\"Adoratori perpetui della Santissima Trinit\u00e0\"},\"image\":{\"@id\":\"https:\\\/\\\/www.adoratoriperpetui.eu\\\/#\\\/schema\\\/logo\\\/image\\\/\"}}]}<\/script>\n<!-- \/ Yoast SEO plugin. -->","yoast_head_json":{"title":"Duhovnost i poslanje - Adoratori perpetui della Santissima Trinit\u00e0 | Trajni klanjatelji Presvetog Trojstva","robots":{"index":"index","follow":"follow","max-snippet":"max-snippet:-1","max-image-preview":"max-image-preview:large","max-video-preview":"max-video-preview:-1"},"canonical":"https:\/\/www.adoratoriperpetui.eu\/hr\/duhovnost-i-poslanje\/","og_locale":"hr_HR","og_type":"article","og_title":"Duhovnost i poslanje - Adoratori perpetui della Santissima Trinit\u00e0 | Trajni klanjatelji Presvetog Trojstva","og_url":"https:\/\/www.adoratoriperpetui.eu\/hr\/duhovnost-i-poslanje\/","og_site_name":"Adoratori perpetui della Santissima Trinit\u00e0 | Trajni klanjatelji Presvetog Trojstva","article_modified_time":"2020-02-23T00:33:51+00:00","twitter_card":"summary_large_image","twitter_misc":{"Procijenjeno vrijeme \u010ditanja":"5 minuta"},"schema":{"@context":"https:\/\/schema.org","@graph":[{"@type":"WebPage","@id":"https:\/\/www.adoratoriperpetui.eu\/hr\/duhovnost-i-poslanje\/","url":"https:\/\/www.adoratoriperpetui.eu\/hr\/duhovnost-i-poslanje\/","name":"Duhovnost i poslanje - Adoratori perpetui della Santissima Trinit\u00e0 | Trajni klanjatelji Presvetog Trojstva","isPartOf":{"@id":"https:\/\/www.adoratoriperpetui.eu\/#website"},"datePublished":"2020-02-15T22:13:07+00:00","dateModified":"2020-02-23T00:33:51+00:00","breadcrumb":{"@id":"https:\/\/www.adoratoriperpetui.eu\/hr\/duhovnost-i-poslanje\/#breadcrumb"},"inLanguage":"hr","potentialAction":[{"@type":"ReadAction","target":["https:\/\/www.adoratoriperpetui.eu\/hr\/duhovnost-i-poslanje\/"]}]},{"@type":"BreadcrumbList","@id":"https:\/\/www.adoratoriperpetui.eu\/hr\/duhovnost-i-poslanje\/#breadcrumb","itemListElement":[{"@type":"ListItem","position":1,"name":"Home","item":"https:\/\/www.adoratoriperpetui.eu\/hr\/pocetna\/"},{"@type":"ListItem","position":2,"name":"Duhovnost i poslanje"}]},{"@type":"WebSite","@id":"https:\/\/www.adoratoriperpetui.eu\/#website","url":"https:\/\/www.adoratoriperpetui.eu\/","name":"Adoratori perpetui della Santissima Trinit\u00e0 | Trajni klanjatelji Presvetog Trojstva","description":"","publisher":{"@id":"https:\/\/www.adoratoriperpetui.eu\/#organization"},"potentialAction":[{"@type":"SearchAction","target":{"@type":"EntryPoint","urlTemplate":"https:\/\/www.adoratoriperpetui.eu\/?s={search_term_string}"},"query-input":{"@type":"PropertyValueSpecification","valueRequired":true,"valueName":"search_term_string"}}],"inLanguage":"hr"},{"@type":"Organization","@id":"https:\/\/www.adoratoriperpetui.eu\/#organization","name":"Adoratori perpetui della Santissima Trinit\u00e0","url":"https:\/\/www.adoratoriperpetui.eu\/","logo":{"@type":"ImageObject","inLanguage":"hr","@id":"https:\/\/www.adoratoriperpetui.eu\/#\/schema\/logo\/image\/","url":"https:\/\/www.adoratoriperpetui.eu\/wp-content\/uploads\/2020\/06\/LOGO-2.png","contentUrl":"https:\/\/www.adoratoriperpetui.eu\/wp-content\/uploads\/2020\/06\/LOGO-2.png","width":404,"height":406,"caption":"Adoratori perpetui della Santissima Trinit\u00e0"},"image":{"@id":"https:\/\/www.adoratoriperpetui.eu\/#\/schema\/logo\/image\/"}}]}},"_links":{"self":[{"href":"https:\/\/www.adoratoriperpetui.eu\/hr\/wp-json\/wp\/v2\/pages\/6862","targetHints":{"allow":["GET"]}}],"collection":[{"href":"https:\/\/www.adoratoriperpetui.eu\/hr\/wp-json\/wp\/v2\/pages"}],"about":[{"href":"https:\/\/www.adoratoriperpetui.eu\/hr\/wp-json\/wp\/v2\/types\/page"}],"author":[{"embeddable":true,"href":"https:\/\/www.adoratoriperpetui.eu\/hr\/wp-json\/wp\/v2\/users\/13"}],"replies":[{"embeddable":true,"href":"https:\/\/www.adoratoriperpetui.eu\/hr\/wp-json\/wp\/v2\/comments?post=6862"}],"version-history":[{"count":0,"href":"https:\/\/www.adoratoriperpetui.eu\/hr\/wp-json\/wp\/v2\/pages\/6862\/revisions"}],"wp:attachment":[{"href":"https:\/\/www.adoratoriperpetui.eu\/hr\/wp-json\/wp\/v2\/media?parent=6862"}],"curies":[{"name":"wp","href":"https:\/\/api.w.org\/{rel}","templated":true}]}}