{"id":6867,"date":"2020-02-16T00:20:56","date_gmt":"2020-02-15T23:20:56","guid":{"rendered":"https:\/\/www.adoratoriperpetui.eu\/?page_id=6867"},"modified":"2020-02-16T00:20:56","modified_gmt":"2020-02-15T23:20:56","slug":"krunica-precistim-rukama-marijinim","status":"publish","type":"page","link":"https:\/\/www.adoratoriperpetui.eu\/hr\/krunica-precistim-rukama-marijinim\/","title":{"rendered":"Krunica pre\u010distim rukama Marijinim"},"content":{"rendered":"\n<style type=\"text\/css\" data-created_by=\"avia_inline_auto\" id=\"style-css-av-av_one_full-1e26125d131ba13f1accaa8241be1528\">\n.flex_column.av-av_one_full-1e26125d131ba13f1accaa8241be1528{\nborder-radius:0px 0px 0px 0px;\npadding:0px 0px 0px 0px;\n}\n<\/style>\n<div  class='flex_column av-av_one_full-1e26125d131ba13f1accaa8241be1528 av_one_full  avia-builder-el-0  avia-builder-el-no-sibling  first flex_column_div av-zero-column-padding  '     ><section  class='av_textblock_section av-k6o85362-f5801041a4531fa097e906a28d7776b7 '   itemscope=\"itemscope\" itemtype=\"https:\/\/schema.org\/CreativeWork\" ><div class='avia_textblock'  itemprop=\"text\" ><h3 style=\"text-align: center;\"><strong>Krunica pre\u010distim rukama Marijinim<\/strong><\/h3>\n<p>Vjerovanje, O\u010de na\u0161, 3 Zdravo Marije (kojim se ozna\u010dava vjera, nada i ljubav) Slava Ocu, O moj Isuse\u2026<\/p>\n<p>Nastavlja se s navje\u0161tajem otajstva, O\u010de na\u0161, 10 Zdravo Marijo.<\/p>\n<p>Otajstva su:<\/p>\n<ol>\n<li>Razmatramo kako je Isusa Djevica Marija pre\u010distim rukama nosila i uspavljivala<\/li>\n<li>Razmatramo kako je Isusa Djevica Marija pre\u010distim rukama povijala i podizala<\/li>\n<li>Razmatramo o Isusu koga je Djevica Marija pre\u010distim rukama pratila dok je u\u010dio hodati<\/li>\n<li>Razmatramo kako je Isusa Djevica Marija pre\u010distim rukama tje\u0161ila dok je bio napu\u0161ten<\/li>\n<li>Razmatramo o Isusu \u010diju su krv, suze i znoj pre\u010diste ruke Djevice Marije podno Kri\u017ea primale<\/li>\n<li>Razmatramo o Isusu \u010dije je mrtvo tijelo Djevica Marija primila svojim pre\u010distim rukama<\/li>\n<li>Razmatramo o Isusu koga je Djevica Marija svojim pre\u010distim rukama na dan Uskrsnu\u0107a zagrlila<br \/>\nNa kraju krunice se moli:<\/li>\n<\/ol>\n<p>O\u010de na\u0161, po zagovoru pre\u010distih ruku Djevice Marije molimo te, da nama i na\u0161oj pokojnoj bra\u0107i i sestrama udijeli\u0161 milost vje\u010dnog spasenja, gre\u0161nicima milost pokajanja i obra\u0107enja, a svojoj Crkvi neprestano svjetlo Uskrsa tvoga Sina Isusa da bude znak i sakrament jedinstva i mira. Amen.<\/p>\n<p><em>Zahvaljujemo Bogu na povjerenoj milosti \u0161irenja ove krunice, svima koji ju \u0161ire kao i svim dobro\u010diniteljima koji na bilo koji na\u010din podupiru ovaj Marijanski apostolat na\u0161e duhovne obitelji<\/em><\/p>\n<\/div><\/section><\/div>\n","protected":false},"excerpt":{"rendered":"","protected":false},"author":13,"featured_media":0,"parent":0,"menu_order":0,"comment_status":"closed","ping_status":"closed","template":"","meta":{"footnotes":""},"class_list":["post-6867","page","type-page","status-publish","hentry"],"yoast_head":"<!-- This site is optimized with the Yoast SEO plugin v27.5 - https:\/\/yoast.com\/product\/yoast-seo-wordpress\/ -->\n<title>Krunica pre\u010distim rukama Marijinim - Adoratori perpetui della Santissima Trinit\u00e0 | Trajni klanjatelji Presvetog Trojstva<\/title>\n<meta name=\"robots\" content=\"index, follow, max-snippet:-1, max-image-preview:large, max-video-preview:-1\" \/>\n<link rel=\"canonical\" href=\"https:\/\/www.adoratoriperpetui.eu\/hr\/krunica-precistim-rukama-marijinim\/\" \/>\n<meta property=\"og:locale\" content=\"hr_HR\" \/>\n<meta property=\"og:type\" content=\"article\" \/>\n<meta property=\"og:title\" content=\"Krunica pre\u010distim rukama Marijinim - Adoratori perpetui della Santissima Trinit\u00e0 | Trajni klanjatelji Presvetog Trojstva\" \/>\n<meta property=\"og:url\" content=\"https:\/\/www.adoratoriperpetui.eu\/hr\/krunica-precistim-rukama-marijinim\/\" \/>\n<meta property=\"og:site_name\" content=\"Adoratori perpetui della Santissima Trinit\u00e0 | Trajni klanjatelji Presvetog Trojstva\" \/>\n<meta name=\"twitter:card\" content=\"summary_large_image\" \/>\n<meta name=\"twitter:label1\" content=\"Procijenjeno vrijeme \u010ditanja\" \/>\n\t<meta name=\"twitter:data1\" content=\"2 minute\" \/>\n<script type=\"application\/ld+json\" class=\"yoast-schema-graph\">{\"@context\":\"https:\\\/\\\/schema.org\",\"@graph\":[{\"@type\":\"WebPage\",\"@id\":\"https:\\\/\\\/www.adoratoriperpetui.eu\\\/hr\\\/krunica-precistim-rukama-marijinim\\\/\",\"url\":\"https:\\\/\\\/www.adoratoriperpetui.eu\\\/hr\\\/krunica-precistim-rukama-marijinim\\\/\",\"name\":\"Krunica pre\u010distim rukama Marijinim - Adoratori perpetui della Santissima Trinit\u00e0 | Trajni klanjatelji Presvetog Trojstva\",\"isPartOf\":{\"@id\":\"https:\\\/\\\/www.adoratoriperpetui.eu\\\/#website\"},\"datePublished\":\"2020-02-15T23:20:56+00:00\",\"breadcrumb\":{\"@id\":\"https:\\\/\\\/www.adoratoriperpetui.eu\\\/hr\\\/krunica-precistim-rukama-marijinim\\\/#breadcrumb\"},\"inLanguage\":\"hr\",\"potentialAction\":[{\"@type\":\"ReadAction\",\"target\":[\"https:\\\/\\\/www.adoratoriperpetui.eu\\\/hr\\\/krunica-precistim-rukama-marijinim\\\/\"]}]},{\"@type\":\"BreadcrumbList\",\"@id\":\"https:\\\/\\\/www.adoratoriperpetui.eu\\\/hr\\\/krunica-precistim-rukama-marijinim\\\/#breadcrumb\",\"itemListElement\":[{\"@type\":\"ListItem\",\"position\":1,\"name\":\"Home\",\"item\":\"https:\\\/\\\/www.adoratoriperpetui.eu\\\/hr\\\/pocetna\\\/\"},{\"@type\":\"ListItem\",\"position\":2,\"name\":\"Krunica pre\u010distim rukama Marijinim\"}]},{\"@type\":\"WebSite\",\"@id\":\"https:\\\/\\\/www.adoratoriperpetui.eu\\\/#website\",\"url\":\"https:\\\/\\\/www.adoratoriperpetui.eu\\\/\",\"name\":\"Adoratori perpetui della Santissima Trinit\u00e0 | Trajni klanjatelji Presvetog Trojstva\",\"description\":\"\",\"publisher\":{\"@id\":\"https:\\\/\\\/www.adoratoriperpetui.eu\\\/#organization\"},\"potentialAction\":[{\"@type\":\"SearchAction\",\"target\":{\"@type\":\"EntryPoint\",\"urlTemplate\":\"https:\\\/\\\/www.adoratoriperpetui.eu\\\/?s={search_term_string}\"},\"query-input\":{\"@type\":\"PropertyValueSpecification\",\"valueRequired\":true,\"valueName\":\"search_term_string\"}}],\"inLanguage\":\"hr\"},{\"@type\":\"Organization\",\"@id\":\"https:\\\/\\\/www.adoratoriperpetui.eu\\\/#organization\",\"name\":\"Adoratori perpetui della Santissima Trinit\u00e0\",\"url\":\"https:\\\/\\\/www.adoratoriperpetui.eu\\\/\",\"logo\":{\"@type\":\"ImageObject\",\"inLanguage\":\"hr\",\"@id\":\"https:\\\/\\\/www.adoratoriperpetui.eu\\\/#\\\/schema\\\/logo\\\/image\\\/\",\"url\":\"https:\\\/\\\/www.adoratoriperpetui.eu\\\/wp-content\\\/uploads\\\/2020\\\/06\\\/LOGO-2.png\",\"contentUrl\":\"https:\\\/\\\/www.adoratoriperpetui.eu\\\/wp-content\\\/uploads\\\/2020\\\/06\\\/LOGO-2.png\",\"width\":404,\"height\":406,\"caption\":\"Adoratori perpetui della Santissima Trinit\u00e0\"},\"image\":{\"@id\":\"https:\\\/\\\/www.adoratoriperpetui.eu\\\/#\\\/schema\\\/logo\\\/image\\\/\"}}]}<\/script>\n<!-- \/ Yoast SEO plugin. -->","yoast_head_json":{"title":"Krunica pre\u010distim rukama Marijinim - Adoratori perpetui della Santissima Trinit\u00e0 | Trajni klanjatelji Presvetog Trojstva","robots":{"index":"index","follow":"follow","max-snippet":"max-snippet:-1","max-image-preview":"max-image-preview:large","max-video-preview":"max-video-preview:-1"},"canonical":"https:\/\/www.adoratoriperpetui.eu\/hr\/krunica-precistim-rukama-marijinim\/","og_locale":"hr_HR","og_type":"article","og_title":"Krunica pre\u010distim rukama Marijinim - Adoratori perpetui della Santissima Trinit\u00e0 | Trajni klanjatelji Presvetog Trojstva","og_url":"https:\/\/www.adoratoriperpetui.eu\/hr\/krunica-precistim-rukama-marijinim\/","og_site_name":"Adoratori perpetui della Santissima Trinit\u00e0 | Trajni klanjatelji Presvetog Trojstva","twitter_card":"summary_large_image","twitter_misc":{"Procijenjeno vrijeme \u010ditanja":"2 minute"},"schema":{"@context":"https:\/\/schema.org","@graph":[{"@type":"WebPage","@id":"https:\/\/www.adoratoriperpetui.eu\/hr\/krunica-precistim-rukama-marijinim\/","url":"https:\/\/www.adoratoriperpetui.eu\/hr\/krunica-precistim-rukama-marijinim\/","name":"Krunica pre\u010distim rukama Marijinim - Adoratori perpetui della Santissima Trinit\u00e0 | Trajni klanjatelji Presvetog Trojstva","isPartOf":{"@id":"https:\/\/www.adoratoriperpetui.eu\/#website"},"datePublished":"2020-02-15T23:20:56+00:00","breadcrumb":{"@id":"https:\/\/www.adoratoriperpetui.eu\/hr\/krunica-precistim-rukama-marijinim\/#breadcrumb"},"inLanguage":"hr","potentialAction":[{"@type":"ReadAction","target":["https:\/\/www.adoratoriperpetui.eu\/hr\/krunica-precistim-rukama-marijinim\/"]}]},{"@type":"BreadcrumbList","@id":"https:\/\/www.adoratoriperpetui.eu\/hr\/krunica-precistim-rukama-marijinim\/#breadcrumb","itemListElement":[{"@type":"ListItem","position":1,"name":"Home","item":"https:\/\/www.adoratoriperpetui.eu\/hr\/pocetna\/"},{"@type":"ListItem","position":2,"name":"Krunica pre\u010distim rukama Marijinim"}]},{"@type":"WebSite","@id":"https:\/\/www.adoratoriperpetui.eu\/#website","url":"https:\/\/www.adoratoriperpetui.eu\/","name":"Adoratori perpetui della Santissima Trinit\u00e0 | Trajni klanjatelji Presvetog Trojstva","description":"","publisher":{"@id":"https:\/\/www.adoratoriperpetui.eu\/#organization"},"potentialAction":[{"@type":"SearchAction","target":{"@type":"EntryPoint","urlTemplate":"https:\/\/www.adoratoriperpetui.eu\/?s={search_term_string}"},"query-input":{"@type":"PropertyValueSpecification","valueRequired":true,"valueName":"search_term_string"}}],"inLanguage":"hr"},{"@type":"Organization","@id":"https:\/\/www.adoratoriperpetui.eu\/#organization","name":"Adoratori perpetui della Santissima Trinit\u00e0","url":"https:\/\/www.adoratoriperpetui.eu\/","logo":{"@type":"ImageObject","inLanguage":"hr","@id":"https:\/\/www.adoratoriperpetui.eu\/#\/schema\/logo\/image\/","url":"https:\/\/www.adoratoriperpetui.eu\/wp-content\/uploads\/2020\/06\/LOGO-2.png","contentUrl":"https:\/\/www.adoratoriperpetui.eu\/wp-content\/uploads\/2020\/06\/LOGO-2.png","width":404,"height":406,"caption":"Adoratori perpetui della Santissima Trinit\u00e0"},"image":{"@id":"https:\/\/www.adoratoriperpetui.eu\/#\/schema\/logo\/image\/"}}]}},"_links":{"self":[{"href":"https:\/\/www.adoratoriperpetui.eu\/hr\/wp-json\/wp\/v2\/pages\/6867","targetHints":{"allow":["GET"]}}],"collection":[{"href":"https:\/\/www.adoratoriperpetui.eu\/hr\/wp-json\/wp\/v2\/pages"}],"about":[{"href":"https:\/\/www.adoratoriperpetui.eu\/hr\/wp-json\/wp\/v2\/types\/page"}],"author":[{"embeddable":true,"href":"https:\/\/www.adoratoriperpetui.eu\/hr\/wp-json\/wp\/v2\/users\/13"}],"replies":[{"embeddable":true,"href":"https:\/\/www.adoratoriperpetui.eu\/hr\/wp-json\/wp\/v2\/comments?post=6867"}],"version-history":[{"count":0,"href":"https:\/\/www.adoratoriperpetui.eu\/hr\/wp-json\/wp\/v2\/pages\/6867\/revisions"}],"wp:attachment":[{"href":"https:\/\/www.adoratoriperpetui.eu\/hr\/wp-json\/wp\/v2\/media?parent=6867"}],"curies":[{"name":"wp","href":"https:\/\/api.w.org\/{rel}","templated":true}]}}