{"id":6869,"date":"2020-02-16T00:22:11","date_gmt":"2020-02-15T23:22:11","guid":{"rendered":"https:\/\/www.adoratoriperpetui.eu\/?page_id=6869"},"modified":"2020-02-16T00:27:43","modified_gmt":"2020-02-15T23:27:43","slug":"zazivi-precistim-rukama-marijinim","status":"publish","type":"page","link":"https:\/\/www.adoratoriperpetui.eu\/hr\/zazivi-precistim-rukama-marijinim\/","title":{"rendered":"Zazivi pre\u010distim rukama Marijinim"},"content":{"rendered":"\n<style type=\"text\/css\" data-created_by=\"avia_inline_auto\" id=\"style-css-av-2r518l-1fe6e0966896c57574f173bff44f3d52\">\n.flex_column.av-2r518l-1fe6e0966896c57574f173bff44f3d52{\nborder-radius:0px 0px 0px 0px;\npadding:0px 0px 0px 0px;\n}\n<\/style>\n<div  class='flex_column av-2r518l-1fe6e0966896c57574f173bff44f3d52 av_one_full  avia-builder-el-0  avia-builder-el-no-sibling  first flex_column_div av-zero-column-padding  '     ><section  class='av_textblock_section av-k6o86ruv-65de98cdb55122fe1766fc9fbbefda99 '   itemscope=\"itemscope\" itemtype=\"https:\/\/schema.org\/CreativeWork\" ><div class='avia_textblock'  itemprop=\"text\" ><h3 style=\"text-align: center;\"><strong>Zazivi pre\u010distim rukama Marijinim<\/strong><\/h3>\n<p>Gospodine, smiluj se<br \/>\nKriste, smiluj se<br \/>\nGospodine, smiluj se<\/p>\n<p>Sveta Marijo, moli za nas<br \/>\nMajko Bo\u017eja, moli za nas<br \/>\nMajko Crkve, moli za nas<\/p>\n<p>Svojim pre\u010distim rukama, vodi nas o Majko<br \/>\nSvojim pre\u010distim rukama povedi nas k Izvoru vode \u017eive kojem \u010deznemo, vodi nas o Majko<br \/>\nKad nas oholost priti\u0161\u0107e, svojim pre\u010distim rukama poniznosti, vodi nas o Majko<br \/>\nKada smo gluhi za volju Bo\u017eju, svojim pre\u010distim rukama poslu\u0161nosti, vodi nas o Majko<br \/>\nKada mr\u017enja nastoji ugasiti ljubav, svojim pre\u010distim rukama ljubavi, vodi nas o Majko<br \/>\nKada smo pogo\u0111eni bukom i nemirom, svojim pre\u010distim rukama pro\u017eetim mirom, vodi nas o Majko<br \/>\nKada se udaljujemo od istine, svojim pre\u010distim rukama oblikovanim pravedno\u0161\u0107u, vodi nas o Majko<br \/>\nKad se ravnodu\u0161nost ugnijezdi u na\u0161im obiteljima, svojim pre\u010distim rukama nje\u017enosti, vodi nas o Majko<br \/>\nU ku\u0161njama protiv \u010disto\u0107e i \u010dednosti, svojim pre\u010distim rukama \u010distine, vodi nas o Majko<br \/>\nU bolima i patnjama \u017eivota, svojim pre\u010distim rukama utjehe, vodi nas o Majko<br \/>\nU sebi\u010dnosti, koja nas udaljuje od zajednice, svojim pre\u010distim rukama zajedni\u0161tva, vodi nas o Majko<br \/>\nKad nam u slabosti ostane samo vapaj, svojim pre\u010distim rukama milosti, vodi nas o Majko<br \/>\nKada se srce zatvori, te misli izgube jasno\u0107u, ti svojim pre\u010distim rukama pouzdanja, vodi nas o Majko<br \/>\nKad u lutanjima izgubimo put \u017eivota, svojim pre\u010distim rukama poslanja, vodi nas o Majko<br \/>\nKad nam se u\u010dini da je sve izgubljeno i vjera nam malak\u0161e, svojim pre\u010distim rukama nade, vodi nas o Majko<br \/>\nKad nam radi tolikih kri\u017eeva koraci postanu sporiji, svojim pre\u010distim rukama snage, vodi nas o Majko<br \/>\nKada u svakodnevnim padovima ne uspijevamo ponovno krenuti, svojim pre\u010distim rukama blizine, vodi nas o Majko<br \/>\nKad stigne trenutak bezna\u0111a, svojim pre\u010distim rukama blagoslova, vodi nas o Majko<br \/>\nKad u \u017eivotu nai\u0111u trenuci tame, svojim pre\u010distim rukama svjetla, vodi nas o Majko<br \/>\nKad zaboravimo da je smrt bila uni\u0161tena Isusovom Pashom, svojim pre\u010distim rukama Uskrsnu\u0107a, vodi nas o Majko<\/p>\n<p>Jaganj\u010de Bo\u017eji, koji oduzima\u0161 grijehe svijeta, \u010duj nas Gospodine<br \/>\nJaganj\u010de Bo\u017eji, koji oduzima\u0161 grijehe svijeta, usli\u0161i nas Gospodine<br \/>\nJaganj\u010de Bo\u017eji, koji oduzima\u0161 grijehe svijeta, smiluj nam se<\/p>\n<p>Pomolimo se:<\/p>\n<p>O, Bo\u017ee, koji si milo\u0161\u0107u \u017ertve Sina tvoga Isusa Krista spasio \u010dovje\u010danstvo, oslobodi nas od svakoga duhovnoga i materijalnoga zla. Po zagovoru Djevice Marije i njenih pre\u010distih i djelotvornih ruku, udijeli nam snagu Duha Svetoga, kako bi usred uzburkanog valovlja svijeta mogli ostati \u010dvrsti u vjeri la\u0111i tvoje Crkve, da bi pristigli jednoga dana u nebesku domovinu te zauvijek u\u017eivali slavu tvoga o\u010dinskog zagrljaja. Po Kristu, na\u0161em Gospodinu. Amen.<\/p>\n<p>Marijo, Majko i Kraljice pre\u010distih ruku, moli za nas.<\/p>\n<p><em>Zahvaljujemo Bogu na povjerenoj milosti \u0161irenja ove krunice, svima koji ju \u0161ire kao i svim dobro\u010diniteljima koji na bilo koji na\u010din podupiru ovaj Marijanski apostolat na\u0161e duhovne obitelji<\/em><\/p>\n<\/div><\/section><\/div>\n","protected":false},"excerpt":{"rendered":"","protected":false},"author":13,"featured_media":0,"parent":0,"menu_order":0,"comment_status":"closed","ping_status":"closed","template":"","meta":{"footnotes":""},"class_list":["post-6869","page","type-page","status-publish","hentry"],"yoast_head":"<!-- This site is optimized with the Yoast SEO plugin v27.5 - https:\/\/yoast.com\/product\/yoast-seo-wordpress\/ -->\n<title>Zazivi pre\u010distim rukama Marijinim - Adoratori perpetui della Santissima Trinit\u00e0 | Trajni klanjatelji Presvetog Trojstva<\/title>\n<meta name=\"robots\" content=\"index, follow, max-snippet:-1, max-image-preview:large, max-video-preview:-1\" \/>\n<link rel=\"canonical\" href=\"https:\/\/www.adoratoriperpetui.eu\/hr\/zazivi-precistim-rukama-marijinim\/\" \/>\n<meta property=\"og:locale\" content=\"hr_HR\" \/>\n<meta property=\"og:type\" content=\"article\" \/>\n<meta property=\"og:title\" content=\"Zazivi pre\u010distim rukama Marijinim - Adoratori perpetui della Santissima Trinit\u00e0 | Trajni klanjatelji Presvetog Trojstva\" \/>\n<meta property=\"og:url\" content=\"https:\/\/www.adoratoriperpetui.eu\/hr\/zazivi-precistim-rukama-marijinim\/\" \/>\n<meta property=\"og:site_name\" content=\"Adoratori perpetui della Santissima Trinit\u00e0 | Trajni klanjatelji Presvetog Trojstva\" \/>\n<meta property=\"article:modified_time\" content=\"2020-02-15T23:27:43+00:00\" \/>\n<meta name=\"twitter:card\" content=\"summary_large_image\" \/>\n<meta name=\"twitter:label1\" content=\"Procijenjeno vrijeme \u010ditanja\" \/>\n\t<meta name=\"twitter:data1\" content=\"3 minute\" \/>\n<script type=\"application\/ld+json\" class=\"yoast-schema-graph\">{\"@context\":\"https:\\\/\\\/schema.org\",\"@graph\":[{\"@type\":\"WebPage\",\"@id\":\"https:\\\/\\\/www.adoratoriperpetui.eu\\\/hr\\\/zazivi-precistim-rukama-marijinim\\\/\",\"url\":\"https:\\\/\\\/www.adoratoriperpetui.eu\\\/hr\\\/zazivi-precistim-rukama-marijinim\\\/\",\"name\":\"Zazivi pre\u010distim rukama Marijinim - Adoratori perpetui della Santissima Trinit\u00e0 | Trajni klanjatelji Presvetog Trojstva\",\"isPartOf\":{\"@id\":\"https:\\\/\\\/www.adoratoriperpetui.eu\\\/#website\"},\"datePublished\":\"2020-02-15T23:22:11+00:00\",\"dateModified\":\"2020-02-15T23:27:43+00:00\",\"breadcrumb\":{\"@id\":\"https:\\\/\\\/www.adoratoriperpetui.eu\\\/hr\\\/zazivi-precistim-rukama-marijinim\\\/#breadcrumb\"},\"inLanguage\":\"hr\",\"potentialAction\":[{\"@type\":\"ReadAction\",\"target\":[\"https:\\\/\\\/www.adoratoriperpetui.eu\\\/hr\\\/zazivi-precistim-rukama-marijinim\\\/\"]}]},{\"@type\":\"BreadcrumbList\",\"@id\":\"https:\\\/\\\/www.adoratoriperpetui.eu\\\/hr\\\/zazivi-precistim-rukama-marijinim\\\/#breadcrumb\",\"itemListElement\":[{\"@type\":\"ListItem\",\"position\":1,\"name\":\"Home\",\"item\":\"https:\\\/\\\/www.adoratoriperpetui.eu\\\/hr\\\/pocetna\\\/\"},{\"@type\":\"ListItem\",\"position\":2,\"name\":\"Zazivi pre\u010distim rukama Marijinim\"}]},{\"@type\":\"WebSite\",\"@id\":\"https:\\\/\\\/www.adoratoriperpetui.eu\\\/#website\",\"url\":\"https:\\\/\\\/www.adoratoriperpetui.eu\\\/\",\"name\":\"Adoratori perpetui della Santissima Trinit\u00e0 | Trajni klanjatelji Presvetog Trojstva\",\"description\":\"\",\"publisher\":{\"@id\":\"https:\\\/\\\/www.adoratoriperpetui.eu\\\/#organization\"},\"potentialAction\":[{\"@type\":\"SearchAction\",\"target\":{\"@type\":\"EntryPoint\",\"urlTemplate\":\"https:\\\/\\\/www.adoratoriperpetui.eu\\\/?s={search_term_string}\"},\"query-input\":{\"@type\":\"PropertyValueSpecification\",\"valueRequired\":true,\"valueName\":\"search_term_string\"}}],\"inLanguage\":\"hr\"},{\"@type\":\"Organization\",\"@id\":\"https:\\\/\\\/www.adoratoriperpetui.eu\\\/#organization\",\"name\":\"Adoratori perpetui della Santissima Trinit\u00e0\",\"url\":\"https:\\\/\\\/www.adoratoriperpetui.eu\\\/\",\"logo\":{\"@type\":\"ImageObject\",\"inLanguage\":\"hr\",\"@id\":\"https:\\\/\\\/www.adoratoriperpetui.eu\\\/#\\\/schema\\\/logo\\\/image\\\/\",\"url\":\"https:\\\/\\\/www.adoratoriperpetui.eu\\\/wp-content\\\/uploads\\\/2020\\\/06\\\/LOGO-2.png\",\"contentUrl\":\"https:\\\/\\\/www.adoratoriperpetui.eu\\\/wp-content\\\/uploads\\\/2020\\\/06\\\/LOGO-2.png\",\"width\":404,\"height\":406,\"caption\":\"Adoratori perpetui della Santissima Trinit\u00e0\"},\"image\":{\"@id\":\"https:\\\/\\\/www.adoratoriperpetui.eu\\\/#\\\/schema\\\/logo\\\/image\\\/\"}}]}<\/script>\n<!-- \/ Yoast SEO plugin. -->","yoast_head_json":{"title":"Zazivi pre\u010distim rukama Marijinim - Adoratori perpetui della Santissima Trinit\u00e0 | Trajni klanjatelji Presvetog Trojstva","robots":{"index":"index","follow":"follow","max-snippet":"max-snippet:-1","max-image-preview":"max-image-preview:large","max-video-preview":"max-video-preview:-1"},"canonical":"https:\/\/www.adoratoriperpetui.eu\/hr\/zazivi-precistim-rukama-marijinim\/","og_locale":"hr_HR","og_type":"article","og_title":"Zazivi pre\u010distim rukama Marijinim - Adoratori perpetui della Santissima Trinit\u00e0 | Trajni klanjatelji Presvetog Trojstva","og_url":"https:\/\/www.adoratoriperpetui.eu\/hr\/zazivi-precistim-rukama-marijinim\/","og_site_name":"Adoratori perpetui della Santissima Trinit\u00e0 | Trajni klanjatelji Presvetog Trojstva","article_modified_time":"2020-02-15T23:27:43+00:00","twitter_card":"summary_large_image","twitter_misc":{"Procijenjeno vrijeme \u010ditanja":"3 minute"},"schema":{"@context":"https:\/\/schema.org","@graph":[{"@type":"WebPage","@id":"https:\/\/www.adoratoriperpetui.eu\/hr\/zazivi-precistim-rukama-marijinim\/","url":"https:\/\/www.adoratoriperpetui.eu\/hr\/zazivi-precistim-rukama-marijinim\/","name":"Zazivi pre\u010distim rukama Marijinim - Adoratori perpetui della Santissima Trinit\u00e0 | Trajni klanjatelji Presvetog Trojstva","isPartOf":{"@id":"https:\/\/www.adoratoriperpetui.eu\/#website"},"datePublished":"2020-02-15T23:22:11+00:00","dateModified":"2020-02-15T23:27:43+00:00","breadcrumb":{"@id":"https:\/\/www.adoratoriperpetui.eu\/hr\/zazivi-precistim-rukama-marijinim\/#breadcrumb"},"inLanguage":"hr","potentialAction":[{"@type":"ReadAction","target":["https:\/\/www.adoratoriperpetui.eu\/hr\/zazivi-precistim-rukama-marijinim\/"]}]},{"@type":"BreadcrumbList","@id":"https:\/\/www.adoratoriperpetui.eu\/hr\/zazivi-precistim-rukama-marijinim\/#breadcrumb","itemListElement":[{"@type":"ListItem","position":1,"name":"Home","item":"https:\/\/www.adoratoriperpetui.eu\/hr\/pocetna\/"},{"@type":"ListItem","position":2,"name":"Zazivi pre\u010distim rukama Marijinim"}]},{"@type":"WebSite","@id":"https:\/\/www.adoratoriperpetui.eu\/#website","url":"https:\/\/www.adoratoriperpetui.eu\/","name":"Adoratori perpetui della Santissima Trinit\u00e0 | Trajni klanjatelji Presvetog Trojstva","description":"","publisher":{"@id":"https:\/\/www.adoratoriperpetui.eu\/#organization"},"potentialAction":[{"@type":"SearchAction","target":{"@type":"EntryPoint","urlTemplate":"https:\/\/www.adoratoriperpetui.eu\/?s={search_term_string}"},"query-input":{"@type":"PropertyValueSpecification","valueRequired":true,"valueName":"search_term_string"}}],"inLanguage":"hr"},{"@type":"Organization","@id":"https:\/\/www.adoratoriperpetui.eu\/#organization","name":"Adoratori perpetui della Santissima Trinit\u00e0","url":"https:\/\/www.adoratoriperpetui.eu\/","logo":{"@type":"ImageObject","inLanguage":"hr","@id":"https:\/\/www.adoratoriperpetui.eu\/#\/schema\/logo\/image\/","url":"https:\/\/www.adoratoriperpetui.eu\/wp-content\/uploads\/2020\/06\/LOGO-2.png","contentUrl":"https:\/\/www.adoratoriperpetui.eu\/wp-content\/uploads\/2020\/06\/LOGO-2.png","width":404,"height":406,"caption":"Adoratori perpetui della Santissima Trinit\u00e0"},"image":{"@id":"https:\/\/www.adoratoriperpetui.eu\/#\/schema\/logo\/image\/"}}]}},"_links":{"self":[{"href":"https:\/\/www.adoratoriperpetui.eu\/hr\/wp-json\/wp\/v2\/pages\/6869","targetHints":{"allow":["GET"]}}],"collection":[{"href":"https:\/\/www.adoratoriperpetui.eu\/hr\/wp-json\/wp\/v2\/pages"}],"about":[{"href":"https:\/\/www.adoratoriperpetui.eu\/hr\/wp-json\/wp\/v2\/types\/page"}],"author":[{"embeddable":true,"href":"https:\/\/www.adoratoriperpetui.eu\/hr\/wp-json\/wp\/v2\/users\/13"}],"replies":[{"embeddable":true,"href":"https:\/\/www.adoratoriperpetui.eu\/hr\/wp-json\/wp\/v2\/comments?post=6869"}],"version-history":[{"count":0,"href":"https:\/\/www.adoratoriperpetui.eu\/hr\/wp-json\/wp\/v2\/pages\/6869\/revisions"}],"wp:attachment":[{"href":"https:\/\/www.adoratoriperpetui.eu\/hr\/wp-json\/wp\/v2\/media?parent=6869"}],"curies":[{"name":"wp","href":"https:\/\/api.w.org\/{rel}","templated":true}]}}