{"id":6873,"date":"2020-02-16T00:24:23","date_gmt":"2020-02-15T23:24:23","guid":{"rendered":"https:\/\/www.adoratoriperpetui.eu\/?page_id=6873"},"modified":"2020-02-23T01:35:19","modified_gmt":"2020-02-23T00:35:19","slug":"molitva-bogu-ocu-po-zaslugama-muke-kristove-i-precistih-ruku-marijinih","status":"publish","type":"page","link":"https:\/\/www.adoratoriperpetui.eu\/hr\/molitva-bogu-ocu-po-zaslugama-muke-kristove-i-precistih-ruku-marijinih\/","title":{"rendered":"Molitva Bogu Ocu po zaslugama muke Kristove i pre\u010distih ruku Marijinih"},"content":{"rendered":"\n<style type=\"text\/css\" data-created_by=\"avia_inline_auto\" id=\"style-css-av-28avnt-e85a1e4025816ff425efb24da2106157\">\n.flex_column.av-28avnt-e85a1e4025816ff425efb24da2106157{\nborder-radius:0px 0px 0px 0px;\npadding:0px 0px 0px 0px;\n}\n<\/style>\n<div  class='flex_column av-28avnt-e85a1e4025816ff425efb24da2106157 av_one_full  avia-builder-el-0  avia-builder-el-no-sibling  first flex_column_div av-zero-column-padding  '     ><section  class='av_textblock_section av-k6o89r9l-4781159322caf311ca1de555c41283a4 '   itemscope=\"itemscope\" itemtype=\"https:\/\/schema.org\/CreativeWork\" ><div class='avia_textblock'  itemprop=\"text\" ><h3><strong>Molitva Bogu Ocu po zaslugama muke Kristove i pre\u010distih ruku Marijinih<\/strong><\/h3>\n<p>1. O\u010de na\u0161, mi te molimo i ponizno se klanjamo presvetim ranama Isusa Krista koje je podnio krunjenjem trnovom krunom. Osobito ti prikazujemo duboku ranu pored njegova desna oka koje bija\u0161e zatvoreno za sve one koje je Sotona zaslijepio svojim lukavstvom i sjajem ovoga svijeta.<\/p>\n<p>\u2013 Mi te molimo po bolima i pre\u010distim rukama Bla\u017eene Djevice Marije<\/p>\n<p>2. O\u010de na\u0161, mi te molimo i ponizno se klanjamo presvetim ranama Isusa Krista koje je trpio radi padova pod te\u017einom kri\u017ea. Osobito ti prikazujemo duboku ranu njegova boka za sve one koji su pritisnuti djelovanjem Zloga u njihovim obiteljima, i za one koji su se svojevoljno predali njegovom nauku. Izlij O\u010de dobri po Predragocjenoj Krvi svojega Sina, koja je potekla iz te rane, obilje tvoga milosr\u0111a i blagoslova.<\/p>\n<p>\u2013 Mi te molimo po bolima i pre\u010distim rukama Bla\u017eene Djevice Marije<\/p>\n<p>3. O\u010de na\u0161, mi te molimo i ponizno se klanjamo presvetim ranama Isusa Krista. Osobito ti prikazujemo bolnu ranu tvojega Sina na desnoj nozi pored koljena, za sve one koji se, pali i optere\u0107eni zemaljskim \u017eivotom, ne mogu podi\u0107i i nastaviti putem spasenja radi zavisti i ljubomore.<\/p>\n<p>\u2013 Mi te molimo po bolima i pre\u010distim rukama Bla\u017eene Djevice Marije.<\/p>\n<p>4. O\u010de na\u0161, mi te molimo i ponizno se klanjamo presvetim ranama Isusa Krista. Osobito ti prikazujemo njegovo i\u0161\u010da\u0161eno rame i razapinjanje njegove desne ruke na kri\u017e za sve one koji su pozvani i izabrani u Presvetom Srcu tvoga Sina, da im udijeli\u0161 milost ustrajnosti i za\u0161titi\u0161 ih od svakoga zla. Molimo te po bolnom vapaju tvoga Sina u trenutku razapinjanja, da uni\u0161ti\u0161 sve paklene sile koje su okru\u017eile tvoju Crkvu.<\/p>\n<p>\u2013 Mi te molimo po bolima i pre\u010distim rukama Bla\u017eene Djevice Marije!<\/p>\n<p>Pomolimo se:O\u010de na\u0161, pogledaj rane svoga ljubljenoga Sina! Molimo te, snagom njegove \u017ertve i zagovorom pre\u010distih ruku Bla\u017eene Djevice Marije, oslobodi nas od svake zablude i krivovjerja. Oslobodi nas na\u0161 nebeski O\u010de od svakoga zla tijela, duha i du\u0161e. Amen.<\/p>\n<p>Na kraju se moli:<\/p>\n<p>\u2013 Vjerovanje, za potvrdu i u\u010dvr\u0161\u0107enje na\u0161e vjere<\/p>\n<p>\u2013 O\u010de na\u0161, da prihvatimo Boga kao milosrdnoga Oca koji nas je stvorio za ljubav i iz ljubavi<\/p>\n<p>\u2013 Zdravo Marijo, u znak zahvalnosti za sve milosti koje je Gospodin izlio na Crkvu i na svijet po pre\u010distim rukama Marijinim i njenim maj\u010dinskim zagovorom<\/p>\n<p>\u2013 Slava Ocu, klanjaju\u0107i se duboko Presvetom Trojstvu, i nerazdjeljivom jedinstvu<\/p>\n<\/div><\/section><\/div>\n","protected":false},"excerpt":{"rendered":"","protected":false},"author":13,"featured_media":0,"parent":0,"menu_order":0,"comment_status":"closed","ping_status":"closed","template":"","meta":{"footnotes":""},"class_list":["post-6873","page","type-page","status-publish","hentry"],"yoast_head":"<!-- This site is optimized with the Yoast SEO plugin v27.5 - https:\/\/yoast.com\/product\/yoast-seo-wordpress\/ -->\n<title>Molitva Bogu Ocu po zaslugama muke Kristove i pre\u010distih ruku Marijinih - Adoratori perpetui della Santissima Trinit\u00e0 | Trajni klanjatelji Presvetog Trojstva<\/title>\n<meta name=\"robots\" content=\"index, follow, max-snippet:-1, max-image-preview:large, max-video-preview:-1\" \/>\n<link rel=\"canonical\" href=\"https:\/\/www.adoratoriperpetui.eu\/hr\/molitva-bogu-ocu-po-zaslugama-muke-kristove-i-precistih-ruku-marijinih\/\" \/>\n<meta property=\"og:locale\" content=\"hr_HR\" \/>\n<meta property=\"og:type\" content=\"article\" \/>\n<meta property=\"og:title\" content=\"Molitva Bogu Ocu po zaslugama muke Kristove i pre\u010distih ruku Marijinih - Adoratori perpetui della Santissima Trinit\u00e0 | Trajni klanjatelji Presvetog Trojstva\" \/>\n<meta property=\"og:url\" content=\"https:\/\/www.adoratoriperpetui.eu\/hr\/molitva-bogu-ocu-po-zaslugama-muke-kristove-i-precistih-ruku-marijinih\/\" \/>\n<meta property=\"og:site_name\" content=\"Adoratori perpetui della Santissima Trinit\u00e0 | Trajni klanjatelji Presvetog Trojstva\" \/>\n<meta property=\"article:modified_time\" content=\"2020-02-23T00:35:19+00:00\" \/>\n<meta name=\"twitter:card\" content=\"summary_large_image\" \/>\n<meta name=\"twitter:label1\" content=\"Procijenjeno vrijeme \u010ditanja\" \/>\n\t<meta name=\"twitter:data1\" content=\"3 minute\" \/>\n<script type=\"application\/ld+json\" class=\"yoast-schema-graph\">{\"@context\":\"https:\\\/\\\/schema.org\",\"@graph\":[{\"@type\":\"WebPage\",\"@id\":\"https:\\\/\\\/www.adoratoriperpetui.eu\\\/hr\\\/molitva-bogu-ocu-po-zaslugama-muke-kristove-i-precistih-ruku-marijinih\\\/\",\"url\":\"https:\\\/\\\/www.adoratoriperpetui.eu\\\/hr\\\/molitva-bogu-ocu-po-zaslugama-muke-kristove-i-precistih-ruku-marijinih\\\/\",\"name\":\"Molitva Bogu Ocu po zaslugama muke Kristove i pre\u010distih ruku Marijinih - Adoratori perpetui della Santissima Trinit\u00e0 | Trajni klanjatelji Presvetog Trojstva\",\"isPartOf\":{\"@id\":\"https:\\\/\\\/www.adoratoriperpetui.eu\\\/#website\"},\"datePublished\":\"2020-02-15T23:24:23+00:00\",\"dateModified\":\"2020-02-23T00:35:19+00:00\",\"breadcrumb\":{\"@id\":\"https:\\\/\\\/www.adoratoriperpetui.eu\\\/hr\\\/molitva-bogu-ocu-po-zaslugama-muke-kristove-i-precistih-ruku-marijinih\\\/#breadcrumb\"},\"inLanguage\":\"hr\",\"potentialAction\":[{\"@type\":\"ReadAction\",\"target\":[\"https:\\\/\\\/www.adoratoriperpetui.eu\\\/hr\\\/molitva-bogu-ocu-po-zaslugama-muke-kristove-i-precistih-ruku-marijinih\\\/\"]}]},{\"@type\":\"BreadcrumbList\",\"@id\":\"https:\\\/\\\/www.adoratoriperpetui.eu\\\/hr\\\/molitva-bogu-ocu-po-zaslugama-muke-kristove-i-precistih-ruku-marijinih\\\/#breadcrumb\",\"itemListElement\":[{\"@type\":\"ListItem\",\"position\":1,\"name\":\"Home\",\"item\":\"https:\\\/\\\/www.adoratoriperpetui.eu\\\/hr\\\/pocetna\\\/\"},{\"@type\":\"ListItem\",\"position\":2,\"name\":\"Molitva Bogu Ocu po zaslugama muke Kristove i pre\u010distih ruku Marijinih\"}]},{\"@type\":\"WebSite\",\"@id\":\"https:\\\/\\\/www.adoratoriperpetui.eu\\\/#website\",\"url\":\"https:\\\/\\\/www.adoratoriperpetui.eu\\\/\",\"name\":\"Adoratori perpetui della Santissima Trinit\u00e0 | Trajni klanjatelji Presvetog Trojstva\",\"description\":\"\",\"publisher\":{\"@id\":\"https:\\\/\\\/www.adoratoriperpetui.eu\\\/#organization\"},\"potentialAction\":[{\"@type\":\"SearchAction\",\"target\":{\"@type\":\"EntryPoint\",\"urlTemplate\":\"https:\\\/\\\/www.adoratoriperpetui.eu\\\/?s={search_term_string}\"},\"query-input\":{\"@type\":\"PropertyValueSpecification\",\"valueRequired\":true,\"valueName\":\"search_term_string\"}}],\"inLanguage\":\"hr\"},{\"@type\":\"Organization\",\"@id\":\"https:\\\/\\\/www.adoratoriperpetui.eu\\\/#organization\",\"name\":\"Adoratori perpetui della Santissima Trinit\u00e0\",\"url\":\"https:\\\/\\\/www.adoratoriperpetui.eu\\\/\",\"logo\":{\"@type\":\"ImageObject\",\"inLanguage\":\"hr\",\"@id\":\"https:\\\/\\\/www.adoratoriperpetui.eu\\\/#\\\/schema\\\/logo\\\/image\\\/\",\"url\":\"https:\\\/\\\/www.adoratoriperpetui.eu\\\/wp-content\\\/uploads\\\/2020\\\/06\\\/LOGO-2.png\",\"contentUrl\":\"https:\\\/\\\/www.adoratoriperpetui.eu\\\/wp-content\\\/uploads\\\/2020\\\/06\\\/LOGO-2.png\",\"width\":404,\"height\":406,\"caption\":\"Adoratori perpetui della Santissima Trinit\u00e0\"},\"image\":{\"@id\":\"https:\\\/\\\/www.adoratoriperpetui.eu\\\/#\\\/schema\\\/logo\\\/image\\\/\"}}]}<\/script>\n<!-- \/ Yoast SEO plugin. -->","yoast_head_json":{"title":"Molitva Bogu Ocu po zaslugama muke Kristove i pre\u010distih ruku Marijinih - Adoratori perpetui della Santissima Trinit\u00e0 | Trajni klanjatelji Presvetog Trojstva","robots":{"index":"index","follow":"follow","max-snippet":"max-snippet:-1","max-image-preview":"max-image-preview:large","max-video-preview":"max-video-preview:-1"},"canonical":"https:\/\/www.adoratoriperpetui.eu\/hr\/molitva-bogu-ocu-po-zaslugama-muke-kristove-i-precistih-ruku-marijinih\/","og_locale":"hr_HR","og_type":"article","og_title":"Molitva Bogu Ocu po zaslugama muke Kristove i pre\u010distih ruku Marijinih - Adoratori perpetui della Santissima Trinit\u00e0 | Trajni klanjatelji Presvetog Trojstva","og_url":"https:\/\/www.adoratoriperpetui.eu\/hr\/molitva-bogu-ocu-po-zaslugama-muke-kristove-i-precistih-ruku-marijinih\/","og_site_name":"Adoratori perpetui della Santissima Trinit\u00e0 | Trajni klanjatelji Presvetog Trojstva","article_modified_time":"2020-02-23T00:35:19+00:00","twitter_card":"summary_large_image","twitter_misc":{"Procijenjeno vrijeme \u010ditanja":"3 minute"},"schema":{"@context":"https:\/\/schema.org","@graph":[{"@type":"WebPage","@id":"https:\/\/www.adoratoriperpetui.eu\/hr\/molitva-bogu-ocu-po-zaslugama-muke-kristove-i-precistih-ruku-marijinih\/","url":"https:\/\/www.adoratoriperpetui.eu\/hr\/molitva-bogu-ocu-po-zaslugama-muke-kristove-i-precistih-ruku-marijinih\/","name":"Molitva Bogu Ocu po zaslugama muke Kristove i pre\u010distih ruku Marijinih - Adoratori perpetui della Santissima Trinit\u00e0 | Trajni klanjatelji Presvetog Trojstva","isPartOf":{"@id":"https:\/\/www.adoratoriperpetui.eu\/#website"},"datePublished":"2020-02-15T23:24:23+00:00","dateModified":"2020-02-23T00:35:19+00:00","breadcrumb":{"@id":"https:\/\/www.adoratoriperpetui.eu\/hr\/molitva-bogu-ocu-po-zaslugama-muke-kristove-i-precistih-ruku-marijinih\/#breadcrumb"},"inLanguage":"hr","potentialAction":[{"@type":"ReadAction","target":["https:\/\/www.adoratoriperpetui.eu\/hr\/molitva-bogu-ocu-po-zaslugama-muke-kristove-i-precistih-ruku-marijinih\/"]}]},{"@type":"BreadcrumbList","@id":"https:\/\/www.adoratoriperpetui.eu\/hr\/molitva-bogu-ocu-po-zaslugama-muke-kristove-i-precistih-ruku-marijinih\/#breadcrumb","itemListElement":[{"@type":"ListItem","position":1,"name":"Home","item":"https:\/\/www.adoratoriperpetui.eu\/hr\/pocetna\/"},{"@type":"ListItem","position":2,"name":"Molitva Bogu Ocu po zaslugama muke Kristove i pre\u010distih ruku Marijinih"}]},{"@type":"WebSite","@id":"https:\/\/www.adoratoriperpetui.eu\/#website","url":"https:\/\/www.adoratoriperpetui.eu\/","name":"Adoratori perpetui della Santissima Trinit\u00e0 | Trajni klanjatelji Presvetog Trojstva","description":"","publisher":{"@id":"https:\/\/www.adoratoriperpetui.eu\/#organization"},"potentialAction":[{"@type":"SearchAction","target":{"@type":"EntryPoint","urlTemplate":"https:\/\/www.adoratoriperpetui.eu\/?s={search_term_string}"},"query-input":{"@type":"PropertyValueSpecification","valueRequired":true,"valueName":"search_term_string"}}],"inLanguage":"hr"},{"@type":"Organization","@id":"https:\/\/www.adoratoriperpetui.eu\/#organization","name":"Adoratori perpetui della Santissima Trinit\u00e0","url":"https:\/\/www.adoratoriperpetui.eu\/","logo":{"@type":"ImageObject","inLanguage":"hr","@id":"https:\/\/www.adoratoriperpetui.eu\/#\/schema\/logo\/image\/","url":"https:\/\/www.adoratoriperpetui.eu\/wp-content\/uploads\/2020\/06\/LOGO-2.png","contentUrl":"https:\/\/www.adoratoriperpetui.eu\/wp-content\/uploads\/2020\/06\/LOGO-2.png","width":404,"height":406,"caption":"Adoratori perpetui della Santissima Trinit\u00e0"},"image":{"@id":"https:\/\/www.adoratoriperpetui.eu\/#\/schema\/logo\/image\/"}}]}},"_links":{"self":[{"href":"https:\/\/www.adoratoriperpetui.eu\/hr\/wp-json\/wp\/v2\/pages\/6873","targetHints":{"allow":["GET"]}}],"collection":[{"href":"https:\/\/www.adoratoriperpetui.eu\/hr\/wp-json\/wp\/v2\/pages"}],"about":[{"href":"https:\/\/www.adoratoriperpetui.eu\/hr\/wp-json\/wp\/v2\/types\/page"}],"author":[{"embeddable":true,"href":"https:\/\/www.adoratoriperpetui.eu\/hr\/wp-json\/wp\/v2\/users\/13"}],"replies":[{"embeddable":true,"href":"https:\/\/www.adoratoriperpetui.eu\/hr\/wp-json\/wp\/v2\/comments?post=6873"}],"version-history":[{"count":0,"href":"https:\/\/www.adoratoriperpetui.eu\/hr\/wp-json\/wp\/v2\/pages\/6873\/revisions"}],"wp:attachment":[{"href":"https:\/\/www.adoratoriperpetui.eu\/hr\/wp-json\/wp\/v2\/media?parent=6873"}],"curies":[{"name":"wp","href":"https:\/\/api.w.org\/{rel}","templated":true}]}}