{"id":9437,"date":"2020-07-19T09:25:22","date_gmt":"2020-07-19T07:25:22","guid":{"rendered":"https:\/\/www.adoratoriperpetui.eu\/?page_id=9437"},"modified":"2021-03-21T20:16:51","modified_gmt":"2021-03-21T18:16:51","slug":"bedem-molitve","status":"publish","type":"page","link":"https:\/\/www.adoratoriperpetui.eu\/hr\/bedem-molitve\/","title":{"rendered":"Bedem molitve"},"content":{"rendered":"\n<style type=\"text\/css\" data-created_by=\"avia_inline_auto\" id=\"style-css-av-24otzx-331ad9135f179e87460f9e3957a80e2f\">\n.avia-image-container.av-24otzx-331ad9135f179e87460f9e3957a80e2f img.avia_image{\nbox-shadow:none;\n}\n.avia-image-container.av-24otzx-331ad9135f179e87460f9e3957a80e2f .av-image-caption-overlay-center{\ncolor:#ffffff;\n}\n<\/style>\n<div  class='avia-image-container av-24otzx-331ad9135f179e87460f9e3957a80e2f av-styling- avia-align-center  avia-builder-el-0  el_before_av_one_half  avia-builder-el-first '   itemprop=\"image\" itemscope=\"itemscope\" itemtype=\"https:\/\/schema.org\/ImageObject\" ><div class=\"avia-image-container-inner\"><div class=\"avia-image-overlay-wrap\"><img decoding=\"async\" fetchpriority=\"high\" class='wp-image-10334 avia-img-lazy-loading-not-10334 avia_image ' src=\"https:\/\/www.adoratoriperpetui.eu\/wp-content\/uploads\/2020\/07\/Bedem-logo-180x180.png\" alt='' title='Bedem logo'  height=\"180\" width=\"180\"  itemprop=\"thumbnailUrl\" srcset=\"https:\/\/www.adoratoriperpetui.eu\/wp-content\/uploads\/2020\/07\/Bedem-logo-180x180.png 180w, https:\/\/www.adoratoriperpetui.eu\/wp-content\/uploads\/2020\/07\/Bedem-logo-80x80.png 80w, https:\/\/www.adoratoriperpetui.eu\/wp-content\/uploads\/2020\/07\/Bedem-logo-36x36.png 36w\" sizes=\"(max-width: 180px) 100vw, 180px\" \/><\/div><\/div><\/div>\n<h2 style=\"text-align: center;\">Izgradimo \u201eBedem molitve, slavljenja i blagoslivljanja\u201c<\/h2>\n<p><!--more--><\/p>\n<p style=\"text-align: center;\">Molitvena inicijativa za Trijumf Bezgre\u0161nog Srca Marijina i dolazak Kraljevstva mira, ljubavi i pravednosti Gospodina na\u0161ega Isusa Krista<\/p>\n<p>&nbsp;<\/p>\n<p>&nbsp;<\/p>\n<div  class='flex_column av-4a5jil-2fbd2dcd9b35ce0a10fd134c10df09cf av_one_half  avia-builder-el-1  el_after_av_image  el_before_av_one_half  first flex_column_div  '     ><p>\n<style type=\"text\/css\" data-created_by=\"avia_inline_auto\" id=\"style-css-av-21odod-51c88ca31f7a5e5c0f523cb27a5ce504\">\n.avia-image-container.av-21odod-51c88ca31f7a5e5c0f523cb27a5ce504 img.avia_image{\nbox-shadow:none;\n}\n.avia-image-container.av-21odod-51c88ca31f7a5e5c0f523cb27a5ce504 .av-image-caption-overlay-center{\ncolor:#ffffff;\n}\n<\/style>\n<div  class='avia-image-container av-21odod-51c88ca31f7a5e5c0f523cb27a5ce504 av-styling- avia-align-center  avia-builder-el-2  el_before_av_button  avia-builder-el-first '   itemprop=\"image\" itemscope=\"itemscope\" itemtype=\"https:\/\/schema.org\/ImageObject\" ><div class=\"avia-image-container-inner\"><div class=\"avia-image-overlay-wrap\"><img decoding=\"async\" fetchpriority=\"high\" class='wp-image-9810 avia-img-lazy-loading-not-9810 avia_image ' src=\"https:\/\/www.adoratoriperpetui.eu\/wp-content\/uploads\/2020\/06\/Bedem-letak-AT-scaled.jpg\" alt='' title='Bedem letak AT'  height=\"1637\" width=\"2560\"  itemprop=\"thumbnailUrl\" srcset=\"https:\/\/www.adoratoriperpetui.eu\/wp-content\/uploads\/2020\/06\/Bedem-letak-AT-scaled.jpg 2560w, https:\/\/www.adoratoriperpetui.eu\/wp-content\/uploads\/2020\/06\/Bedem-letak-AT-300x192.jpg 300w, https:\/\/www.adoratoriperpetui.eu\/wp-content\/uploads\/2020\/06\/Bedem-letak-AT-1030x659.jpg 1030w, https:\/\/www.adoratoriperpetui.eu\/wp-content\/uploads\/2020\/06\/Bedem-letak-AT-768x491.jpg 768w, https:\/\/www.adoratoriperpetui.eu\/wp-content\/uploads\/2020\/06\/Bedem-letak-AT-1536x982.jpg 1536w, https:\/\/www.adoratoriperpetui.eu\/wp-content\/uploads\/2020\/06\/Bedem-letak-AT-2048x1310.jpg 2048w, https:\/\/www.adoratoriperpetui.eu\/wp-content\/uploads\/2020\/06\/Bedem-letak-AT-1500x959.jpg 1500w, https:\/\/www.adoratoriperpetui.eu\/wp-content\/uploads\/2020\/06\/Bedem-letak-AT-705x451.jpg 705w\" sizes=\"(max-width: 2560px) 100vw, 2560px\" \/><\/div><\/div><\/div><br \/>\n<div  class='avia-button-wrap av-2wsx26-0f94eb4db38b92489d1fa1024aa17442-wrap avia-button-center  avia-builder-el-3  el_after_av_image  avia-builder-el-last '><a href='https:\/\/www.adoratoriperpetui.eu\/dokumenti\/Poziv_i_upute_molitvene_Inicijative_Bedem_molitve_slavljenja_i_blagoslivljanja.pdf'  class='avia-button av-2wsx26-0f94eb4db38b92489d1fa1024aa17442 av-link-btn avia-icon_select-no avia-size-medium avia-position-center avia-color-#caa558'  target=\"_blank\"  rel=\"noopener noreferrer\"  aria-label=\"PREUZMITE UPUTE\"><span class='avia_iconbox_title' >PREUZMITE UPUTE<\/span><\/a><\/div><\/p><\/div> <div  class='flex_column av-27nkl9-59114e9770886a031f001de228e00fbd av_one_half  avia-builder-el-4  el_after_av_one_half  avia-builder-el-last  flex_column_div  '     ><div class=\"wpforms-container wpforms-container-full\" id=\"wpforms-13224\"><form id=\"wpforms-form-13224\" class=\"wpforms-validate wpforms-form\" data-formid=\"13224\" method=\"post\" enctype=\"multipart\/form-data\" action=\"\/hr\/wp-json\/wp\/v2\/pages\/9437\" data-token=\"b7dfe096930c32f449d633f3fbc94f8c\" data-token-time=\"1777559399\"><noscript class=\"wpforms-error-noscript\">Please enable JavaScript in your browser to complete this form.<\/noscript><div class=\"wpforms-field-container\"><div id=\"wpforms-13224-field_0-container\" class=\"wpforms-field wpforms-field-name\" data-field-id=\"0\"><label class=\"wpforms-field-label\" for=\"wpforms-13224-field_0\">Va\u0161e ime i prezime <span class=\"wpforms-required-label\">*<\/span><\/label><input type=\"text\" id=\"wpforms-13224-field_0\" class=\"wpforms-field-large wpforms-field-required\" name=\"wpforms[fields][0]\" required><\/div><div id=\"wpforms-13224-field_1-container\" class=\"wpforms-field wpforms-field-email\" data-field-id=\"1\"><label class=\"wpforms-field-label\" for=\"wpforms-13224-field_1\">Va\u0161 email (obavezno za one koji ga imaju) <span class=\"wpforms-required-label\">*<\/span><\/label><input type=\"email\" id=\"wpforms-13224-field_1\" class=\"wpforms-field-large wpforms-field-required\" name=\"wpforms[fields][1]\" spellcheck=\"false\" required><\/div><div id=\"wpforms-13224-field_4-container\" class=\"wpforms-field wpforms-field-text\" data-field-id=\"4\"><label class=\"wpforms-field-label\" for=\"wpforms-13224-field_4\">Va\u0161 grad <span class=\"wpforms-required-label\">*<\/span><\/label><input type=\"text\" id=\"wpforms-13224-field_4\" class=\"wpforms-field-large wpforms-field-required\" name=\"wpforms[fields][4]\" required><\/div><div id=\"wpforms-13224-field_3-container\" class=\"wpforms-field wpforms-field-text\" data-field-id=\"3\"><label class=\"wpforms-field-label\" for=\"wpforms-13224-field_3\">Va\u0161e kontakt (obavezno kako bi vas koordinatori mogli kontaktirati radi ozbiljnosti preuzimanja molitvene obveze) <span class=\"wpforms-required-label\">*<\/span><\/label><input type=\"text\" id=\"wpforms-13224-field_3\" class=\"wpforms-field-large wpforms-field-required\" name=\"wpforms[fields][3]\" required><\/div><div id=\"wpforms-13224-field_2-container\" class=\"wpforms-field wpforms-field-textarea\" data-field-id=\"2\"><label class=\"wpforms-field-label\" for=\"wpforms-13224-field_2\">Va\u0161e poruka (upi\u0161ite odabrani dan i sat ili dane i sate u tjednu u koje ste odlu\u010dili moliti )  <span class=\"wpforms-required-label\">*<\/span><\/label><textarea id=\"wpforms-13224-field_2\" class=\"wpforms-field-large wpforms-field-required\" name=\"wpforms[fields][2]\" required><\/textarea><\/div><\/div><!-- .wpforms-field-container --><div class=\"wpforms-submit-container\" ><input type=\"hidden\" name=\"wpforms[id]\" value=\"13224\"><input type=\"hidden\" name=\"page_title\" value=\"\"><input type=\"hidden\" name=\"page_url\" value=\"https:\/\/www.adoratoriperpetui.eu\/hr\/wp-json\/wp\/v2\/pages\/9437\"><input type=\"hidden\" name=\"url_referer\" value=\"\"><button type=\"submit\" name=\"wpforms[submit]\" id=\"wpforms-submit-13224\" class=\"wpforms-submit\" data-alt-text=\"Slanje...\" data-submit-text=\"Po\u0161alji\" aria-live=\"assertive\" value=\"wpforms-submit\">Po\u0161alji<\/button><\/div><\/form><\/div>  <!-- .wpforms-container --><\/div><\/p>\n<p>&nbsp;<\/p>\n<p style=\"color: #ffffff; margin-bottom: 50px;\">a<\/p>\n<hr \/>\n<h3 style=\"text-align: center; margin-top: 50px;\">Ukupni broj molitelja u Hrvatskoj po gradovima<\/h3>\n<p style=\"text-align: center;\"><div class=\"map_wrapper\" id=\"map_wrapper_9655\">\n<div class=\"map_box\" style=\"max-width:2200px\">\n<div class=\"map_aspect_ratio\" style=\"padding-top:56%\" data-padding-top=\"56%\" data-padding-top-mobile=\"\">\n<div class=\"map_container\">\n<div class=\"map_render map_loading\" id=\"map_9655\"><\/div>\n<\/div>\n<\/div>\n<\/div>\n<\/div><\/p>\n<h3 style=\"text-align: center; margin-top: 100px;\">Popis pojedina\u010dnih molitelja<\/h3>\n<p style=\"text-align: center;\">Upi\u0161ite grad kako biste vidjeli slobodne sate za molitvu \/ ako je dan i sat koji \u017eelite popunjen slobodno odaberite taj isti dan<\/p>\n<div class=\"visualizer-front-container\" id=\"chart_wrapper_visualizer-11964-1629010077\"><style type=\"text\/css\" name=\"visualizer-custom-css\" id=\"customcss-visualizer-11964\">.locker,.locker-loader{position:absolute;top:0;left:0;width:100%;height:100%}.locker{z-index:1000;opacity:.8;background-color:#fff;-ms-filter:\"progid:DXImageTransform.Microsoft.Alpha(Opacity=80)\";filter:alpha(opacity=80)}.locker-loader{z-index:1001;background:url(https:\/\/www.adoratoriperpetui.eu\/wp-content\/plugins\/visualizer\/images\/ajax-loader.gif) no-repeat center center}.dt-button{display:none!important}.visualizer-front-container.visualizer-lazy-render{content-visibility: auto;}.google-visualization-controls-categoryfilter label.google-visualization-controls-label {vertical-align: middle;}.google-visualization-controls-categoryfilter li.goog-inline-block {margin: 0 0.2em;}.google-visualization-controls-categoryfilter li {padding: 0 0.2em;}.visualizer-front-container .dataTables_scrollHeadInner{margin: 0 auto;}<\/style><div id=\"visualizer-11964-1629010077\" class=\"visualizer-front  visualizer-front-11964\"><\/div><!-- Not showing structured data for chart 11964 because title is empty --><\/div>\n","protected":false},"excerpt":{"rendered":"<p>Izgradimo \u201eBedem molitve, slavljenja i blagoslivljanja\u201c<\/p>\n","protected":false},"author":9,"featured_media":0,"parent":0,"menu_order":0,"comment_status":"closed","ping_status":"closed","template":"","meta":{"footnotes":""},"class_list":["post-9437","page","type-page","status-publish","hentry"],"yoast_head":"<!-- This site is optimized with the Yoast SEO plugin v27.5 - https:\/\/yoast.com\/product\/yoast-seo-wordpress\/ -->\n<title>Bedem molitve - Adoratori perpetui della Santissima Trinit\u00e0 | Trajni klanjatelji Presvetog Trojstva<\/title>\n<meta name=\"robots\" content=\"index, follow, max-snippet:-1, max-image-preview:large, max-video-preview:-1\" \/>\n<link rel=\"canonical\" href=\"https:\/\/www.adoratoriperpetui.eu\/hr\/bedem-molitve\/\" \/>\n<meta property=\"og:locale\" content=\"hr_HR\" \/>\n<meta property=\"og:type\" content=\"article\" \/>\n<meta property=\"og:title\" content=\"Bedem molitve - Adoratori perpetui della Santissima Trinit\u00e0 | Trajni klanjatelji Presvetog Trojstva\" \/>\n<meta property=\"og:description\" content=\"Izgradimo \u201eBedem molitve, slavljenja i blagoslivljanja\u201c\" \/>\n<meta property=\"og:url\" content=\"https:\/\/www.adoratoriperpetui.eu\/hr\/bedem-molitve\/\" \/>\n<meta property=\"og:site_name\" content=\"Adoratori perpetui della Santissima Trinit\u00e0 | Trajni klanjatelji Presvetog Trojstva\" \/>\n<meta property=\"article:modified_time\" content=\"2021-03-21T18:16:51+00:00\" \/>\n<meta name=\"twitter:card\" content=\"summary_large_image\" \/>\n<meta name=\"twitter:label1\" content=\"Procijenjeno vrijeme \u010ditanja\" \/>\n\t<meta name=\"twitter:data1\" content=\"2 minute\" \/>\n<script type=\"application\/ld+json\" class=\"yoast-schema-graph\">{\"@context\":\"https:\\\/\\\/schema.org\",\"@graph\":[{\"@type\":\"WebPage\",\"@id\":\"https:\\\/\\\/www.adoratoriperpetui.eu\\\/hr\\\/bedem-molitve\\\/\",\"url\":\"https:\\\/\\\/www.adoratoriperpetui.eu\\\/hr\\\/bedem-molitve\\\/\",\"name\":\"Bedem molitve - Adoratori perpetui della Santissima Trinit\u00e0 | Trajni klanjatelji Presvetog Trojstva\",\"isPartOf\":{\"@id\":\"https:\\\/\\\/www.adoratoriperpetui.eu\\\/#website\"},\"datePublished\":\"2020-07-19T07:25:22+00:00\",\"dateModified\":\"2021-03-21T18:16:51+00:00\",\"breadcrumb\":{\"@id\":\"https:\\\/\\\/www.adoratoriperpetui.eu\\\/hr\\\/bedem-molitve\\\/#breadcrumb\"},\"inLanguage\":\"hr\",\"potentialAction\":[{\"@type\":\"ReadAction\",\"target\":[\"https:\\\/\\\/www.adoratoriperpetui.eu\\\/hr\\\/bedem-molitve\\\/\"]}]},{\"@type\":\"BreadcrumbList\",\"@id\":\"https:\\\/\\\/www.adoratoriperpetui.eu\\\/hr\\\/bedem-molitve\\\/#breadcrumb\",\"itemListElement\":[{\"@type\":\"ListItem\",\"position\":1,\"name\":\"Home\",\"item\":\"https:\\\/\\\/www.adoratoriperpetui.eu\\\/hr\\\/pocetna\\\/\"},{\"@type\":\"ListItem\",\"position\":2,\"name\":\"Bedem molitve\"}]},{\"@type\":\"WebSite\",\"@id\":\"https:\\\/\\\/www.adoratoriperpetui.eu\\\/#website\",\"url\":\"https:\\\/\\\/www.adoratoriperpetui.eu\\\/\",\"name\":\"Adoratori perpetui della Santissima Trinit\u00e0 | Trajni klanjatelji Presvetog Trojstva\",\"description\":\"\",\"publisher\":{\"@id\":\"https:\\\/\\\/www.adoratoriperpetui.eu\\\/#organization\"},\"potentialAction\":[{\"@type\":\"SearchAction\",\"target\":{\"@type\":\"EntryPoint\",\"urlTemplate\":\"https:\\\/\\\/www.adoratoriperpetui.eu\\\/?s={search_term_string}\"},\"query-input\":{\"@type\":\"PropertyValueSpecification\",\"valueRequired\":true,\"valueName\":\"search_term_string\"}}],\"inLanguage\":\"hr\"},{\"@type\":\"Organization\",\"@id\":\"https:\\\/\\\/www.adoratoriperpetui.eu\\\/#organization\",\"name\":\"Adoratori perpetui della Santissima Trinit\u00e0\",\"url\":\"https:\\\/\\\/www.adoratoriperpetui.eu\\\/\",\"logo\":{\"@type\":\"ImageObject\",\"inLanguage\":\"hr\",\"@id\":\"https:\\\/\\\/www.adoratoriperpetui.eu\\\/#\\\/schema\\\/logo\\\/image\\\/\",\"url\":\"https:\\\/\\\/www.adoratoriperpetui.eu\\\/wp-content\\\/uploads\\\/2020\\\/06\\\/LOGO-2.png\",\"contentUrl\":\"https:\\\/\\\/www.adoratoriperpetui.eu\\\/wp-content\\\/uploads\\\/2020\\\/06\\\/LOGO-2.png\",\"width\":404,\"height\":406,\"caption\":\"Adoratori perpetui della Santissima Trinit\u00e0\"},\"image\":{\"@id\":\"https:\\\/\\\/www.adoratoriperpetui.eu\\\/#\\\/schema\\\/logo\\\/image\\\/\"}}]}<\/script>\n<!-- \/ Yoast SEO plugin. -->","yoast_head_json":{"title":"Bedem molitve - Adoratori perpetui della Santissima Trinit\u00e0 | Trajni klanjatelji Presvetog Trojstva","robots":{"index":"index","follow":"follow","max-snippet":"max-snippet:-1","max-image-preview":"max-image-preview:large","max-video-preview":"max-video-preview:-1"},"canonical":"https:\/\/www.adoratoriperpetui.eu\/hr\/bedem-molitve\/","og_locale":"hr_HR","og_type":"article","og_title":"Bedem molitve - Adoratori perpetui della Santissima Trinit\u00e0 | Trajni klanjatelji Presvetog Trojstva","og_description":"Izgradimo \u201eBedem molitve, slavljenja i blagoslivljanja\u201c","og_url":"https:\/\/www.adoratoriperpetui.eu\/hr\/bedem-molitve\/","og_site_name":"Adoratori perpetui della Santissima Trinit\u00e0 | Trajni klanjatelji Presvetog Trojstva","article_modified_time":"2021-03-21T18:16:51+00:00","twitter_card":"summary_large_image","twitter_misc":{"Procijenjeno vrijeme \u010ditanja":"2 minute"},"schema":{"@context":"https:\/\/schema.org","@graph":[{"@type":"WebPage","@id":"https:\/\/www.adoratoriperpetui.eu\/hr\/bedem-molitve\/","url":"https:\/\/www.adoratoriperpetui.eu\/hr\/bedem-molitve\/","name":"Bedem molitve - Adoratori perpetui della Santissima Trinit\u00e0 | Trajni klanjatelji Presvetog Trojstva","isPartOf":{"@id":"https:\/\/www.adoratoriperpetui.eu\/#website"},"datePublished":"2020-07-19T07:25:22+00:00","dateModified":"2021-03-21T18:16:51+00:00","breadcrumb":{"@id":"https:\/\/www.adoratoriperpetui.eu\/hr\/bedem-molitve\/#breadcrumb"},"inLanguage":"hr","potentialAction":[{"@type":"ReadAction","target":["https:\/\/www.adoratoriperpetui.eu\/hr\/bedem-molitve\/"]}]},{"@type":"BreadcrumbList","@id":"https:\/\/www.adoratoriperpetui.eu\/hr\/bedem-molitve\/#breadcrumb","itemListElement":[{"@type":"ListItem","position":1,"name":"Home","item":"https:\/\/www.adoratoriperpetui.eu\/hr\/pocetna\/"},{"@type":"ListItem","position":2,"name":"Bedem molitve"}]},{"@type":"WebSite","@id":"https:\/\/www.adoratoriperpetui.eu\/#website","url":"https:\/\/www.adoratoriperpetui.eu\/","name":"Adoratori perpetui della Santissima Trinit\u00e0 | Trajni klanjatelji Presvetog Trojstva","description":"","publisher":{"@id":"https:\/\/www.adoratoriperpetui.eu\/#organization"},"potentialAction":[{"@type":"SearchAction","target":{"@type":"EntryPoint","urlTemplate":"https:\/\/www.adoratoriperpetui.eu\/?s={search_term_string}"},"query-input":{"@type":"PropertyValueSpecification","valueRequired":true,"valueName":"search_term_string"}}],"inLanguage":"hr"},{"@type":"Organization","@id":"https:\/\/www.adoratoriperpetui.eu\/#organization","name":"Adoratori perpetui della Santissima Trinit\u00e0","url":"https:\/\/www.adoratoriperpetui.eu\/","logo":{"@type":"ImageObject","inLanguage":"hr","@id":"https:\/\/www.adoratoriperpetui.eu\/#\/schema\/logo\/image\/","url":"https:\/\/www.adoratoriperpetui.eu\/wp-content\/uploads\/2020\/06\/LOGO-2.png","contentUrl":"https:\/\/www.adoratoriperpetui.eu\/wp-content\/uploads\/2020\/06\/LOGO-2.png","width":404,"height":406,"caption":"Adoratori perpetui della Santissima Trinit\u00e0"},"image":{"@id":"https:\/\/www.adoratoriperpetui.eu\/#\/schema\/logo\/image\/"}}]}},"_links":{"self":[{"href":"https:\/\/www.adoratoriperpetui.eu\/hr\/wp-json\/wp\/v2\/pages\/9437","targetHints":{"allow":["GET"]}}],"collection":[{"href":"https:\/\/www.adoratoriperpetui.eu\/hr\/wp-json\/wp\/v2\/pages"}],"about":[{"href":"https:\/\/www.adoratoriperpetui.eu\/hr\/wp-json\/wp\/v2\/types\/page"}],"author":[{"embeddable":true,"href":"https:\/\/www.adoratoriperpetui.eu\/hr\/wp-json\/wp\/v2\/users\/9"}],"replies":[{"embeddable":true,"href":"https:\/\/www.adoratoriperpetui.eu\/hr\/wp-json\/wp\/v2\/comments?post=9437"}],"version-history":[{"count":0,"href":"https:\/\/www.adoratoriperpetui.eu\/hr\/wp-json\/wp\/v2\/pages\/9437\/revisions"}],"wp:attachment":[{"href":"https:\/\/www.adoratoriperpetui.eu\/hr\/wp-json\/wp\/v2\/media?parent=9437"}],"curies":[{"name":"wp","href":"https:\/\/api.w.org\/{rel}","templated":true}]}}