{"id":5371,"date":"2016-03-02T01:19:56","date_gmt":"2016-03-02T00:19:56","guid":{"rendered":"http:\/\/adoratoriperpetui.eu\/?page_id=5371"},"modified":"2016-04-19T08:35:43","modified_gmt":"2016-04-19T07:35:43","slug":"skupnost-bog-je-ljubezen","status":"publish","type":"page","link":"https:\/\/www.adoratoriperpetui.eu\/sl\/skupnost-bog-je-ljubezen\/","title":{"rendered":"Skupnost Bog je ljubezen"},"content":{"rendered":"<p>Predragi bratje in sestre v Kristusu!<br \/>\nNUJNO POVABILO!!!<br \/>\nSkupnost &#8221;BOG JE LJUBEZEN&#8221;<\/p>\n<p>&nbsp;<\/p>\n<p>Smo pri\u010de te\u017ekih \u010dasov, zla ki se dogaja in \u0161iri po vsem svetu; uzakonitve satanizma, vojn, tla\u010denja narodov, \u017eensk, otrok, kristjanov; izgonov, begunstva, siroma\u0161tva, velike razlike med bogatimi in revnimi, ozkosr\u010dnosti, napuha sveta, ki se \u0161iri tudi znotraj Cerkve, hedonizma, sebi\u010dnosti, slepote o\u010di in srca, ko ne prepoznamo in ne \u017eelimo videti so\u010dloveka: sester in bratov v Kristusu, potrebnih na\u0161e pomo\u010di&#8230;ko v njih ne \u017eelimo videti, ne prepoznati Kristusa, na\u0161ega re\u0161itelja &#8230;ko nam hladnokrvno ubijajo otroke, \u017eene, mo\u017ee&#8230;tudi zato, ker sledijo Jezusa Kristusa.<\/p>\n<p>Zato \u017eelimo o\u017eiveti OBZIDJE LJUBEZNI&#8230;OBZIDJE MOLITVE IN BLAGOSLAVLJANJA&#8230;24-urno molitev \u0161irom po svetu&#8230;v katerem \u017eelimo z MOLITVIJO IN BLAGOSLAVLJANJEM pokriti vseh 24 ur na dan, da mo\u010d Kri\u017eanega nadvlada vsako zlo. Premagajmo zlo z molitvijo&#8230;z molitvijo in blagoslovi posejmo seme Kristove ljubezni v srca&#8230;z molitvijo postanimo ENO&#8230;z molitvijo postanimo KRISTUSOVI V PRAVEM POMENU BESEDE&#8230;V DEJANJIH&#8230;NAJ NA\u0160A DEJANJA V NA\u0160EM \u017dIVLJENJU IZPRI\u010cUJEJO NA\u0160O MOLITEV, DA LAHKO SPOZNA VSAK, KI GA SRE\u010cAMO: RESNI\u010cNO, TO SO KRISTUSOVI U\u010cENCI, KRISTUSOVI PRI\u010cEVALCI, ONI SLEDIJO KRISTUSA!<\/p>\n<p>SKUPAJ Z MARIJO, SVETO BO\u017dJO IN NA\u0160O MATERJO, KI JE HKRATI SORE\u0160ITELJICA SVETA, V TEM IZREDNEM SVETEM LETU PROSIMO BO\u017dJEGA USMILJENJA.<\/p>\n<p>\u017de sv. Ludvik M. Grignon de Montfort je zapisal:<br \/>\n&#8220;Bog Sveti Duh je poklonil Mariji, svoji zvesti nevesti, vse svoje neizrekljive darove in jo je izbral za delivko svojega bogastva tako, da deli komur ho\u010de, kolikor ho\u010de, kakor ho\u010de vse njegove darove in milosti. Sveti Duh ne podeli ljudem nobenega nebe\u0161kega daru, ki ne bi pri\u0161el po NJENIH DEVI\u0160KIH &#8211; PRE\u010cISTIH ROKAH, kajti taka je bila Bo\u017eja volja, DA IMAMO VSE PO MARIJI.<\/p>\n<p>VABIMO VAS, da se nam oglasite VSI, KI SE \u017dELITE VKLJU\u010cITI V 24-URNO MOLITEV OBZIDJA LJUBEZNI.<\/p>\n<p>Pomembno je pokriti vseh 24 ur z molitvijo. Podnevi in pono\u010di. Prosimo, da se javite z va\u0161im imenom in priimkom,<\/p>\n<p>in uro, v kateri bi \u017eeleli in se obvezali moliti. Za tak\u0161no molitev se lahko odlo\u010dite dnevno ali tedensko. Torej prevzeti obveznost<\/p>\n<p>VSAK DAN 1 URO MOLITVE, ALI 1 URO NA TEDEN. To mora biti vedno isti \u010das, ista ura,<\/p>\n<p>ker boste tako uvedeni v na\u0161o evidenco, s katero bomo vedeli da je ta odrejena ura v tem dnevu pokrita.Zato vas iz srca prosimo da bi bili odgovorni v tem pogledu. V kolikor vam ni mogo\u010de moliti v tej dolo\u010deni uri, nam morate javiti, da pokrijemo to uro in moli nekdo drugi.<\/p>\n<p>DRAGE SESTRE, DRAGI BRATJE, \u010cASI SO TE\u017dKI&#8230;ZDRU\u017dIMO SE, NE \u010cAKAJMO DA BI TO DRUGI STORILI ZA NAS&#8230; Z MOLITVIJO IN V DEJANJIH NADVLADAJMO ZLO, KI VLADA&#8230;BODIMO GOSPODOVI V PRAVEM POMENU BESEDE<\/p>\n<p>GOSPODU JE ODVRATNA MLA\u010cNOST: &#8221;KER PA NISI NE VRO\u010c NE MRZEL, AMPAK MLA\u010cEN, SEM PRED TEM, DA TE IZPLJUNEM IZ SVOJIH UST.&#8221; (Raz 3, 16) BODIMO KRISTUSOVI VOJAKI. NE DOPUSTIMO, DA NAS JEZUS KRISTUS IZPLJUNE IZ SVOJIH UST!<\/p>\n<p>JAVITE SE, \u010cAKAMO VAS. NAJ SE OBZIDJE LJUBEZNI, GOSPODOVE MOLITVE, BLAGOSLOVA IN DEL \u0160IRI PO VSEM SVETU!<br \/>\nNAJ VAS BLAGOSLOVI GOSPOD V SVOJI NEIZMERNI LJUBEZNI!!!<\/p>\n","protected":false},"excerpt":{"rendered":"<p>Predragi bratje in sestre v Kristusu! NUJNO POVABILO!!! Skupnost &#8221;BOG JE LJUBEZEN&#8221; &nbsp; Smo pri\u010de te\u017ekih \u010dasov, zla ki se dogaja in \u0161iri po vsem svetu; uzakonitve satanizma, vojn, tla\u010denja narodov, \u017eensk, otrok, kristjanov; izgonov, begunstva, siroma\u0161tva, velike razlike med bogatimi in revnimi, ozkosr\u010dnosti, napuha sveta, ki se \u0161iri tudi znotraj Cerkve, hedonizma, sebi\u010dnosti, slepote [&hellip;]<\/p>\n","protected":false},"author":9,"featured_media":5677,"parent":0,"menu_order":0,"comment_status":"closed","ping_status":"closed","template":"","meta":{"footnotes":""},"class_list":["post-5371","page","type-page","status-publish","has-post-thumbnail","hentry"],"yoast_head":"<!-- This site is optimized with the Yoast SEO plugin v27.4 - https:\/\/yoast.com\/product\/yoast-seo-wordpress\/ -->\n<title>Skupnost Bog je ljubezen - Adoratori perpetui della Santissima Trinit\u00e0 | Trajni klanjatelji Presvetog Trojstva<\/title>\n<meta name=\"robots\" content=\"index, follow, max-snippet:-1, max-image-preview:large, max-video-preview:-1\" \/>\n<link rel=\"canonical\" href=\"https:\/\/www.adoratoriperpetui.eu\/sl\/skupnost-bog-je-ljubezen\/\" \/>\n<meta property=\"og:locale\" content=\"sl_SI\" \/>\n<meta property=\"og:type\" content=\"article\" \/>\n<meta property=\"og:title\" content=\"Skupnost Bog je ljubezen - Adoratori perpetui della Santissima Trinit\u00e0 | Trajni klanjatelji Presvetog Trojstva\" \/>\n<meta property=\"og:description\" content=\"Predragi bratje in sestre v Kristusu! NUJNO POVABILO!!! Skupnost &#8221;BOG JE LJUBEZEN&#8221; &nbsp; Smo pri\u010de te\u017ekih \u010dasov, zla ki se dogaja in \u0161iri po vsem svetu; uzakonitve satanizma, vojn, tla\u010denja narodov, \u017eensk, otrok, kristjanov; izgonov, begunstva, siroma\u0161tva, velike razlike med bogatimi in revnimi, ozkosr\u010dnosti, napuha sveta, ki se \u0161iri tudi znotraj Cerkve, hedonizma, sebi\u010dnosti, slepote [&hellip;]\" \/>\n<meta property=\"og:url\" content=\"https:\/\/www.adoratoriperpetui.eu\/sl\/skupnost-bog-je-ljubezen\/\" \/>\n<meta property=\"og:site_name\" content=\"Adoratori perpetui della Santissima Trinit\u00e0 | Trajni klanjatelji Presvetog Trojstva\" \/>\n<meta property=\"article:modified_time\" content=\"2016-04-19T07:35:43+00:00\" \/>\n<meta property=\"og:image\" content=\"https:\/\/www.adoratoriperpetui.eu\/wp-content\/uploads\/2016\/03\/bedem-slo.jpg\" \/>\n\t<meta property=\"og:image:width\" content=\"360\" \/>\n\t<meta property=\"og:image:height\" content=\"311\" \/>\n\t<meta property=\"og:image:type\" content=\"image\/jpeg\" \/>\n<meta name=\"twitter:card\" content=\"summary_large_image\" \/>\n<meta name=\"twitter:label1\" content=\"Est. reading time\" \/>\n\t<meta name=\"twitter:data1\" content=\"3 minute\" \/>\n<script type=\"application\/ld+json\" class=\"yoast-schema-graph\">{\"@context\":\"https:\\\/\\\/schema.org\",\"@graph\":[{\"@type\":\"WebPage\",\"@id\":\"https:\\\/\\\/www.adoratoriperpetui.eu\\\/sl\\\/skupnost-bog-je-ljubezen\\\/\",\"url\":\"https:\\\/\\\/www.adoratoriperpetui.eu\\\/sl\\\/skupnost-bog-je-ljubezen\\\/\",\"name\":\"Skupnost Bog je ljubezen - Adoratori perpetui della Santissima Trinit\u00e0 | Trajni klanjatelji Presvetog Trojstva\",\"isPartOf\":{\"@id\":\"https:\\\/\\\/www.adoratoriperpetui.eu\\\/#website\"},\"primaryImageOfPage\":{\"@id\":\"https:\\\/\\\/www.adoratoriperpetui.eu\\\/sl\\\/skupnost-bog-je-ljubezen\\\/#primaryimage\"},\"image\":{\"@id\":\"https:\\\/\\\/www.adoratoriperpetui.eu\\\/sl\\\/skupnost-bog-je-ljubezen\\\/#primaryimage\"},\"thumbnailUrl\":\"https:\\\/\\\/www.adoratoriperpetui.eu\\\/wp-content\\\/uploads\\\/2016\\\/03\\\/bedem-slo.jpg\",\"datePublished\":\"2016-03-02T00:19:56+00:00\",\"dateModified\":\"2016-04-19T07:35:43+00:00\",\"breadcrumb\":{\"@id\":\"https:\\\/\\\/www.adoratoriperpetui.eu\\\/sl\\\/skupnost-bog-je-ljubezen\\\/#breadcrumb\"},\"inLanguage\":\"sl-SI\",\"potentialAction\":[{\"@type\":\"ReadAction\",\"target\":[\"https:\\\/\\\/www.adoratoriperpetui.eu\\\/sl\\\/skupnost-bog-je-ljubezen\\\/\"]}]},{\"@type\":\"ImageObject\",\"inLanguage\":\"sl-SI\",\"@id\":\"https:\\\/\\\/www.adoratoriperpetui.eu\\\/sl\\\/skupnost-bog-je-ljubezen\\\/#primaryimage\",\"url\":\"https:\\\/\\\/www.adoratoriperpetui.eu\\\/wp-content\\\/uploads\\\/2016\\\/03\\\/bedem-slo.jpg\",\"contentUrl\":\"https:\\\/\\\/www.adoratoriperpetui.eu\\\/wp-content\\\/uploads\\\/2016\\\/03\\\/bedem-slo.jpg\",\"width\":360,\"height\":311},{\"@type\":\"BreadcrumbList\",\"@id\":\"https:\\\/\\\/www.adoratoriperpetui.eu\\\/sl\\\/skupnost-bog-je-ljubezen\\\/#breadcrumb\",\"itemListElement\":[{\"@type\":\"ListItem\",\"position\":1,\"name\":\"Home\",\"item\":\"https:\\\/\\\/www.adoratoriperpetui.eu\\\/sl\\\/domov\\\/\"},{\"@type\":\"ListItem\",\"position\":2,\"name\":\"Skupnost Bog je ljubezen\"}]},{\"@type\":\"WebSite\",\"@id\":\"https:\\\/\\\/www.adoratoriperpetui.eu\\\/#website\",\"url\":\"https:\\\/\\\/www.adoratoriperpetui.eu\\\/\",\"name\":\"Adoratori perpetui della Santissima Trinit\u00e0 | Trajni klanjatelji Presvetog Trojstva\",\"description\":\"\",\"publisher\":{\"@id\":\"https:\\\/\\\/www.adoratoriperpetui.eu\\\/#organization\"},\"potentialAction\":[{\"@type\":\"SearchAction\",\"target\":{\"@type\":\"EntryPoint\",\"urlTemplate\":\"https:\\\/\\\/www.adoratoriperpetui.eu\\\/?s={search_term_string}\"},\"query-input\":{\"@type\":\"PropertyValueSpecification\",\"valueRequired\":true,\"valueName\":\"search_term_string\"}}],\"inLanguage\":\"sl-SI\"},{\"@type\":\"Organization\",\"@id\":\"https:\\\/\\\/www.adoratoriperpetui.eu\\\/#organization\",\"name\":\"Adoratori perpetui della Santissima Trinit\u00e0\",\"url\":\"https:\\\/\\\/www.adoratoriperpetui.eu\\\/\",\"logo\":{\"@type\":\"ImageObject\",\"inLanguage\":\"sl-SI\",\"@id\":\"https:\\\/\\\/www.adoratoriperpetui.eu\\\/#\\\/schema\\\/logo\\\/image\\\/\",\"url\":\"https:\\\/\\\/www.adoratoriperpetui.eu\\\/wp-content\\\/uploads\\\/2020\\\/06\\\/LOGO-2.png\",\"contentUrl\":\"https:\\\/\\\/www.adoratoriperpetui.eu\\\/wp-content\\\/uploads\\\/2020\\\/06\\\/LOGO-2.png\",\"width\":404,\"height\":406,\"caption\":\"Adoratori perpetui della Santissima Trinit\u00e0\"},\"image\":{\"@id\":\"https:\\\/\\\/www.adoratoriperpetui.eu\\\/#\\\/schema\\\/logo\\\/image\\\/\"}}]}<\/script>\n<!-- \/ Yoast SEO plugin. -->","yoast_head_json":{"title":"Skupnost Bog je ljubezen - Adoratori perpetui della Santissima Trinit\u00e0 | Trajni klanjatelji Presvetog Trojstva","robots":{"index":"index","follow":"follow","max-snippet":"max-snippet:-1","max-image-preview":"max-image-preview:large","max-video-preview":"max-video-preview:-1"},"canonical":"https:\/\/www.adoratoriperpetui.eu\/sl\/skupnost-bog-je-ljubezen\/","og_locale":"sl_SI","og_type":"article","og_title":"Skupnost Bog je ljubezen - Adoratori perpetui della Santissima Trinit\u00e0 | Trajni klanjatelji Presvetog Trojstva","og_description":"Predragi bratje in sestre v Kristusu! NUJNO POVABILO!!! Skupnost &#8221;BOG JE LJUBEZEN&#8221; &nbsp; Smo pri\u010de te\u017ekih \u010dasov, zla ki se dogaja in \u0161iri po vsem svetu; uzakonitve satanizma, vojn, tla\u010denja narodov, \u017eensk, otrok, kristjanov; izgonov, begunstva, siroma\u0161tva, velike razlike med bogatimi in revnimi, ozkosr\u010dnosti, napuha sveta, ki se \u0161iri tudi znotraj Cerkve, hedonizma, sebi\u010dnosti, slepote [&hellip;]","og_url":"https:\/\/www.adoratoriperpetui.eu\/sl\/skupnost-bog-je-ljubezen\/","og_site_name":"Adoratori perpetui della Santissima Trinit\u00e0 | Trajni klanjatelji Presvetog Trojstva","article_modified_time":"2016-04-19T07:35:43+00:00","og_image":[{"width":360,"height":311,"url":"https:\/\/www.adoratoriperpetui.eu\/wp-content\/uploads\/2016\/03\/bedem-slo.jpg","type":"image\/jpeg"}],"twitter_card":"summary_large_image","twitter_misc":{"Est. reading time":"3 minute"},"schema":{"@context":"https:\/\/schema.org","@graph":[{"@type":"WebPage","@id":"https:\/\/www.adoratoriperpetui.eu\/sl\/skupnost-bog-je-ljubezen\/","url":"https:\/\/www.adoratoriperpetui.eu\/sl\/skupnost-bog-je-ljubezen\/","name":"Skupnost Bog je ljubezen - Adoratori perpetui della Santissima Trinit\u00e0 | Trajni klanjatelji Presvetog Trojstva","isPartOf":{"@id":"https:\/\/www.adoratoriperpetui.eu\/#website"},"primaryImageOfPage":{"@id":"https:\/\/www.adoratoriperpetui.eu\/sl\/skupnost-bog-je-ljubezen\/#primaryimage"},"image":{"@id":"https:\/\/www.adoratoriperpetui.eu\/sl\/skupnost-bog-je-ljubezen\/#primaryimage"},"thumbnailUrl":"https:\/\/www.adoratoriperpetui.eu\/wp-content\/uploads\/2016\/03\/bedem-slo.jpg","datePublished":"2016-03-02T00:19:56+00:00","dateModified":"2016-04-19T07:35:43+00:00","breadcrumb":{"@id":"https:\/\/www.adoratoriperpetui.eu\/sl\/skupnost-bog-je-ljubezen\/#breadcrumb"},"inLanguage":"sl-SI","potentialAction":[{"@type":"ReadAction","target":["https:\/\/www.adoratoriperpetui.eu\/sl\/skupnost-bog-je-ljubezen\/"]}]},{"@type":"ImageObject","inLanguage":"sl-SI","@id":"https:\/\/www.adoratoriperpetui.eu\/sl\/skupnost-bog-je-ljubezen\/#primaryimage","url":"https:\/\/www.adoratoriperpetui.eu\/wp-content\/uploads\/2016\/03\/bedem-slo.jpg","contentUrl":"https:\/\/www.adoratoriperpetui.eu\/wp-content\/uploads\/2016\/03\/bedem-slo.jpg","width":360,"height":311},{"@type":"BreadcrumbList","@id":"https:\/\/www.adoratoriperpetui.eu\/sl\/skupnost-bog-je-ljubezen\/#breadcrumb","itemListElement":[{"@type":"ListItem","position":1,"name":"Home","item":"https:\/\/www.adoratoriperpetui.eu\/sl\/domov\/"},{"@type":"ListItem","position":2,"name":"Skupnost Bog je ljubezen"}]},{"@type":"WebSite","@id":"https:\/\/www.adoratoriperpetui.eu\/#website","url":"https:\/\/www.adoratoriperpetui.eu\/","name":"Adoratori perpetui della Santissima Trinit\u00e0 | Trajni klanjatelji Presvetog Trojstva","description":"","publisher":{"@id":"https:\/\/www.adoratoriperpetui.eu\/#organization"},"potentialAction":[{"@type":"SearchAction","target":{"@type":"EntryPoint","urlTemplate":"https:\/\/www.adoratoriperpetui.eu\/?s={search_term_string}"},"query-input":{"@type":"PropertyValueSpecification","valueRequired":true,"valueName":"search_term_string"}}],"inLanguage":"sl-SI"},{"@type":"Organization","@id":"https:\/\/www.adoratoriperpetui.eu\/#organization","name":"Adoratori perpetui della Santissima Trinit\u00e0","url":"https:\/\/www.adoratoriperpetui.eu\/","logo":{"@type":"ImageObject","inLanguage":"sl-SI","@id":"https:\/\/www.adoratoriperpetui.eu\/#\/schema\/logo\/image\/","url":"https:\/\/www.adoratoriperpetui.eu\/wp-content\/uploads\/2020\/06\/LOGO-2.png","contentUrl":"https:\/\/www.adoratoriperpetui.eu\/wp-content\/uploads\/2020\/06\/LOGO-2.png","width":404,"height":406,"caption":"Adoratori perpetui della Santissima Trinit\u00e0"},"image":{"@id":"https:\/\/www.adoratoriperpetui.eu\/#\/schema\/logo\/image\/"}}]}},"_links":{"self":[{"href":"https:\/\/www.adoratoriperpetui.eu\/sl\/wp-json\/wp\/v2\/pages\/5371","targetHints":{"allow":["GET"]}}],"collection":[{"href":"https:\/\/www.adoratoriperpetui.eu\/sl\/wp-json\/wp\/v2\/pages"}],"about":[{"href":"https:\/\/www.adoratoriperpetui.eu\/sl\/wp-json\/wp\/v2\/types\/page"}],"author":[{"embeddable":true,"href":"https:\/\/www.adoratoriperpetui.eu\/sl\/wp-json\/wp\/v2\/users\/9"}],"replies":[{"embeddable":true,"href":"https:\/\/www.adoratoriperpetui.eu\/sl\/wp-json\/wp\/v2\/comments?post=5371"}],"version-history":[{"count":0,"href":"https:\/\/www.adoratoriperpetui.eu\/sl\/wp-json\/wp\/v2\/pages\/5371\/revisions"}],"wp:featuredmedia":[{"embeddable":true,"href":"https:\/\/www.adoratoriperpetui.eu\/sl\/wp-json\/wp\/v2\/media\/5677"}],"wp:attachment":[{"href":"https:\/\/www.adoratoriperpetui.eu\/sl\/wp-json\/wp\/v2\/media?parent=5371"}],"curies":[{"name":"wp","href":"https:\/\/api.w.org\/{rel}","templated":true}]}}